{"id":246038,"date":"2025-03-23T11:07:03","date_gmt":"2025-03-23T11:07:03","guid":{"rendered":"https:\/\/aromasentia.com\/product\/tree-of-life-pendant-chakra\/"},"modified":"2025-12-30T20:51:06","modified_gmt":"2025-12-30T20:51:06","slug":"baum-des-lebens-anhaenger-chakra","status":"publish","type":"product","link":"https:\/\/aromasentia.com\/de\/baum-des-lebens-anhaenger-chakra\/","title":{"rendered":"Baum des Lebens Anh\u00e4nger \u2013 Chakra"},"content":{"rendered":"<p>Erh\u00f6hen Sie Ihr Schmuckangebot mit einem <strong>Gro\u00dfhandelsanh\u00e4nger Baum des Lebens &#8211; Chakra.<\/strong> Dieses exquisite St\u00fcck verbindet auf wunderbare Weise die Symbolik des Lebensbaums mit der Kraft des Chakraausgleichs. Es ist nicht einfach nur Schmuck, sondern ein Statement f\u00fcr Harmonie und Vitalit\u00e4t.<\/p>\n<p>Dieser mit viel Liebe zum Detail gefertigte Gro\u00dfhandelsanh\u00e4nger ist mit verschlungenen Baumzweigen versehen, die <strong><span style=\"color: rgb(65, 168, 95);\">sieben lebendige Edelsteine<\/span><\/strong> umschlie\u00dfen, von denen jeder einen Chakrapunkt repr\u00e4sentiert. Die delikate Balance der Farben schafft ein visuell atemberaubendes St\u00fcck, das mit spiritueller Energie schwingt.<\/p>\n<p>Bieten Sie Ihren Kunden die M\u00f6glichkeit, Balance und Ausrichtung in ihrem Leben mit diesem Gro\u00dfhandel Baum des Lebens Anh\u00e4nger &#8211; Chakra zu umarmen. Lassen Sie es ihre Sinne fesseln und ein Gef\u00fchl von Wohlbefinden inspirieren.<\/p>\n<p>&nbsp;<strong>Bestellen Sie jetzt und f\u00fcllen Sie Ihre Schmuckkollektion mit der Essenz von Harmonie und Vitalit\u00e4t.<\/strong><\/p>\n","protected":false},"excerpt":{"rendered":"<p>Erh\u00f6hen Sie Ihr Schmuckangebot mit einem Gro\u00dfhandelsanh\u00e4nger Baum des Lebens &#8211; Chakra. Dieses exquisite St\u00fcck verbindet auf wunderbare Weise die Symbolik des Lebensbaums mit der Kraft des Chakraausgleichs. Es ist nicht einfach nur Schmuck, sondern ein Statement f\u00fcr Harmonie und Vitalit\u00e4t. Dieser mit viel Liebe zum Detail gefertigte Gro\u00dfhandelsanh\u00e4nger ist mit verschlungenen Baumzweigen versehen, die [&hellip;]<\/p>\n","protected":false},"featured_media":430412,"comment_status":"closed","ping_status":"open","template":"","meta":{"_angie_page":false},"product_brand":[],"product_cat":[25217,14524],"product_tag":[],"class_list":{"0":"post-246038","1":"product","2":"type-product","3":"status-publish","4":"has-post-thumbnail","6":"product_cat-halsketten-anhaenger","7":"product_cat-schmuck-und-accessoires","8":"pa_collection-gemstone-pendants-tree-of-life-de","9":"pa_made-in-china","11":"first","12":"instock","13":"purchasable","14":"product-type-simple"},"supplier_id":null,"supplier_sku":"TOLP-01","barcode":null,"atum_controlled":true,"out_stock_date":null,"out_stock_threshold":null,"inheritable":false,"inbound_stock":null,"stock_on_hold":0,"sold_today":0,"sales_last_days":0,"reserved_stock":null,"customer_returns":null,"warehouse_damage":null,"lost_in_post":null,"other_logs":null,"out_stock_days":0,"lost_sales":0,"has_location":null,"update_date":"2026-05-11T01:56:49","atum_locations":[],"atum_stock_status":"instock","restock_status":false,"low_stock_amount":"","sales_update_date":"2025-09-03T00:15:12","calc_backorders":null,"_links":{"self":[{"href":"https:\/\/aromasentia.com\/de\/wp-json\/wp\/v2\/product\/246038","targetHints":{"allow":["GET"]}}],"collection":[{"href":"https:\/\/aromasentia.com\/de\/wp-json\/wp\/v2\/product"}],"about":[{"href":"https:\/\/aromasentia.com\/de\/wp-json\/wp\/v2\/types\/product"}],"replies":[{"embeddable":true,"href":"https:\/\/aromasentia.com\/de\/wp-json\/wp\/v2\/comments?post=246038"}],"version-history":[{"count":0,"href":"https:\/\/aromasentia.com\/de\/wp-json\/wp\/v2\/product\/246038\/revisions"}],"wp:featuredmedia":[{"embeddable":true,"href":"https:\/\/aromasentia.com\/de\/wp-json\/wp\/v2\/media\/430412"}],"wp:attachment":[{"href":"https:\/\/aromasentia.com\/de\/wp-json\/wp\/v2\/media?parent=246038"}],"wp:term":[{"taxonomy":"product_brand","embeddable":true,"href":"https:\/\/aromasentia.com\/de\/wp-json\/wp\/v2\/product_brand?post=246038"},{"taxonomy":"product_cat","embeddable":true,"href":"https:\/\/aromasentia.com\/de\/wp-json\/wp\/v2\/product_cat?post=246038"},{"taxonomy":"product_tag","embeddable":true,"href":"https:\/\/aromasentia.com\/de\/wp-json\/wp\/v2\/product_tag?post=246038"}],"curies":[{"name":"wp","href":"https:\/\/api.w.org\/{rel}","templated":true}]}}