{"id":246023,"date":"2025-03-23T11:07:03","date_gmt":"2025-03-23T11:07:03","guid":{"rendered":"https:\/\/aromasentia.com\/product\/copper-tibetan-bracelet-kamasutra\/"},"modified":"2025-12-30T20:50:58","modified_gmt":"2025-12-30T20:50:58","slug":"tibetischer-armreif-kupfer-kamasutra","status":"publish","type":"product","link":"https:\/\/aromasentia.com\/de\/tibetischer-armreif-kupfer-kamasutra\/","title":{"rendered":"Tibetischer Armreif (Kupfer) &#8211; Kamasutra"},"content":{"rendered":"<h2>Gro\u00dfhandel Kupfer tibetisches Armband &#8211; Kamasutra<\/h2>\n<p style=\"text-align: justify;\">Viele Menschen glauben, dass Kupfer- oder Messingarmb\u00e4nder gesundheitliche Vorteile haben, einschlie\u00dflich einer besseren Durchblutung und Linderung von Arthritisschmerzen. In der Antike symbolisierte Kupfer Liebe und Gleichgewicht und wird seit Jahrhunderten zur Heilung und zum Schutz eingesetzt. Armb\u00e4nder halten den K\u00f6rper in einem stabilen Zustand, was zu besseren Ergebnissen in der Meditation und Yoga-Praxis f\u00fchrt.<\/p>\n<p style=\"text-align: justify;\">Sie sagen auch, dass sie in Nepal handgefertigt wurden&#8230; so k\u00f6nnen Sie Ihren Kunden sagen, dass sie auf dem Dach der Welt hergestellt wurden. &nbsp;Einzeln verpackt in einer Geschenkbox mit einer Informationskarte (Nummern 1, 2 und 3). &nbsp;Da das Armband aus Metall ist, kann es sanft gebogen werden, damit es an jedes Handgelenk passt &#8211; also auch effektiv unisex. &nbsp;Lassen Sie sich inspirieren! Vermarkten Sie diese Armb\u00e4nder und greifen Sie nach den Sternen \ud83d\ude42<\/p>\n<p style=\"text-align: justify;\"><strong>Erweitern Sie Ihr Inventar mit unseren <\/strong><a href=\"https:\/\/aromasentia.com\/tmb\" rel=\"noopener noreferrer\" target=\"_blank\"><strong>Gro\u00dfhandels-Kupfer-Armb\u00e4ndern<\/strong><\/a><strong>. Diese auff\u00e4lligen St\u00fccke sind perfekt f\u00fcr Einzelh\u00e4ndler, die ihren Kunden trendige und einzigartige Accessoires anbieten m\u00f6chten.<\/strong> <\/p>\n","protected":false},"excerpt":{"rendered":"<p>Gro\u00dfhandel Kupfer tibetisches Armband &#8211; Kamasutra Viele Menschen glauben, dass Kupfer- oder Messingarmb\u00e4nder gesundheitliche Vorteile haben, einschlie\u00dflich einer besseren Durchblutung und Linderung von Arthritisschmerzen. In der Antike symbolisierte Kupfer Liebe und Gleichgewicht und wird seit Jahrhunderten zur Heilung und zum Schutz eingesetzt. Armb\u00e4nder halten den K\u00f6rper in einem stabilen Zustand, was zu besseren Ergebnissen in [&hellip;]<\/p>\n","protected":false},"featured_media":430183,"comment_status":"closed","ping_status":"open","template":"","meta":{"_angie_page":false},"product_brand":[],"product_cat":[25210,14524],"product_tag":[],"class_list":{"0":"post-246023","1":"product","2":"type-product","3":"status-publish","4":"has-post-thumbnail","6":"product_cat-armbaender","7":"product_cat-schmuck-und-accessoires","8":"pa_collection-tibetan-mantra-bracelet-de","9":"pa_made-in-nepal","11":"first","12":"instock","13":"purchasable","14":"product-type-simple"},"supplier_id":null,"supplier_sku":"TMB-04","barcode":null,"atum_controlled":true,"out_stock_date":null,"out_stock_threshold":null,"inheritable":false,"inbound_stock":null,"stock_on_hold":0,"sold_today":0,"sales_last_days":0,"reserved_stock":null,"customer_returns":null,"warehouse_damage":null,"lost_in_post":null,"other_logs":null,"out_stock_days":136,"lost_sales":0,"has_location":null,"update_date":"2026-04-27T07:25:05","atum_locations":[],"atum_stock_status":"instock","restock_status":false,"low_stock_amount":"","sales_update_date":"2026-01-20T05:14:41","calc_backorders":null,"_links":{"self":[{"href":"https:\/\/aromasentia.com\/de\/wp-json\/wp\/v2\/product\/246023","targetHints":{"allow":["GET"]}}],"collection":[{"href":"https:\/\/aromasentia.com\/de\/wp-json\/wp\/v2\/product"}],"about":[{"href":"https:\/\/aromasentia.com\/de\/wp-json\/wp\/v2\/types\/product"}],"replies":[{"embeddable":true,"href":"https:\/\/aromasentia.com\/de\/wp-json\/wp\/v2\/comments?post=246023"}],"version-history":[{"count":0,"href":"https:\/\/aromasentia.com\/de\/wp-json\/wp\/v2\/product\/246023\/revisions"}],"wp:featuredmedia":[{"embeddable":true,"href":"https:\/\/aromasentia.com\/de\/wp-json\/wp\/v2\/media\/430183"}],"wp:attachment":[{"href":"https:\/\/aromasentia.com\/de\/wp-json\/wp\/v2\/media?parent=246023"}],"wp:term":[{"taxonomy":"product_brand","embeddable":true,"href":"https:\/\/aromasentia.com\/de\/wp-json\/wp\/v2\/product_brand?post=246023"},{"taxonomy":"product_cat","embeddable":true,"href":"https:\/\/aromasentia.com\/de\/wp-json\/wp\/v2\/product_cat?post=246023"},{"taxonomy":"product_tag","embeddable":true,"href":"https:\/\/aromasentia.com\/de\/wp-json\/wp\/v2\/product_tag?post=246023"}],"curies":[{"name":"wp","href":"https:\/\/api.w.org\/{rel}","templated":true}]}}