{"id":246011,"date":"2025-03-23T11:07:03","date_gmt":"2025-03-23T11:07:03","guid":{"rendered":"https:\/\/aromasentia.com\/product\/shell-silver-earrings-flowers-abalone\/"},"modified":"2025-12-30T20:50:58","modified_gmt":"2025-12-30T20:50:58","slug":"shell-silver-earrings-flowers-abalone","status":"publish","type":"product","link":"https:\/\/aromasentia.com\/de\/shell-silver-earrings-flowers-abalone\/","title":{"rendered":"Shell &#038; Silver Earrings &#8211; Flowers &#8211; Abalone"},"content":{"rendered":"<p>Muschel- &#038; Silberohrringe \u2013 Drei Herzen \u2013 Perlmutt, Zargen- &#038; Silberohrringe \u2013 Wenn Sie sich f\u00fcr Silberschmuck interessieren, sind Sie hier genau richtig. \u00dcberraschen Sie Ihre Kunden mit diesen bezaubernden und einzigartigen Gro\u00dfhandelsohrringen, die liebevoll auf Bali gefertigt werden. Die wundersch\u00f6nen Ohrringe werden aus 925er Silber und Zargenteilen handgefertigt.<\/p>\n<p>Die Lieferung erfolgt in h\u00fcbschen Kopfkarten, einzeln verpackt und mit Barcode. Die Ohrringe wiegen ca. 3\u20136 g. Alle Gr\u00f6\u00dfen finden Sie unter den einzelnen Produkten.<\/p>\n","protected":false},"excerpt":{"rendered":"<p>Muschel- &#038; Silberohrringe \u2013 Drei Herzen \u2013 Perlmutt, Zargen- &#038; Silberohrringe \u2013 Wenn Sie sich f\u00fcr Silberschmuck interessieren, sind Sie hier genau richtig. \u00dcberraschen Sie Ihre Kunden mit diesen bezaubernden und einzigartigen Gro\u00dfhandelsohrringen, die liebevoll auf Bali gefertigt werden. Die wundersch\u00f6nen Ohrringe werden aus 925er Silber und Zargenteilen handgefertigt. Die Lieferung erfolgt in h\u00fcbschen Kopfkarten, [&hellip;]<\/p>\n","protected":false},"featured_media":430035,"comment_status":"closed","ping_status":"open","template":"","meta":{"_angie_page":false},"product_brand":[],"product_cat":[14524],"product_tag":[],"class_list":{"0":"post-246011","1":"product","2":"type-product","3":"status-publish","4":"has-post-thumbnail","6":"product_cat-schmuck-und-accessoires","7":"pa_made-in-indonesien","9":"first","10":"outofstock","11":"purchasable","12":"product-type-simple"},"supplier_id":null,"supplier_sku":"SSE-11","barcode":null,"atum_controlled":true,"out_stock_date":"2026-04-25 16:39:42","out_stock_threshold":null,"inheritable":false,"inbound_stock":null,"stock_on_hold":0,"sold_today":0,"sales_last_days":0,"reserved_stock":null,"customer_returns":null,"warehouse_damage":null,"lost_in_post":null,"other_logs":null,"out_stock_days":0,"lost_sales":0,"has_location":null,"update_date":"2026-04-27T07:23:15","atum_locations":[],"atum_stock_status":"outofstock","restock_status":false,"low_stock_amount":"","sales_update_date":"2026-01-20T05:13:20","calc_backorders":null,"_links":{"self":[{"href":"https:\/\/aromasentia.com\/de\/wp-json\/wp\/v2\/product\/246011","targetHints":{"allow":["GET"]}}],"collection":[{"href":"https:\/\/aromasentia.com\/de\/wp-json\/wp\/v2\/product"}],"about":[{"href":"https:\/\/aromasentia.com\/de\/wp-json\/wp\/v2\/types\/product"}],"replies":[{"embeddable":true,"href":"https:\/\/aromasentia.com\/de\/wp-json\/wp\/v2\/comments?post=246011"}],"version-history":[{"count":0,"href":"https:\/\/aromasentia.com\/de\/wp-json\/wp\/v2\/product\/246011\/revisions"}],"wp:featuredmedia":[{"embeddable":true,"href":"https:\/\/aromasentia.com\/de\/wp-json\/wp\/v2\/media\/430035"}],"wp:attachment":[{"href":"https:\/\/aromasentia.com\/de\/wp-json\/wp\/v2\/media?parent=246011"}],"wp:term":[{"taxonomy":"product_brand","embeddable":true,"href":"https:\/\/aromasentia.com\/de\/wp-json\/wp\/v2\/product_brand?post=246011"},{"taxonomy":"product_cat","embeddable":true,"href":"https:\/\/aromasentia.com\/de\/wp-json\/wp\/v2\/product_cat?post=246011"},{"taxonomy":"product_tag","embeddable":true,"href":"https:\/\/aromasentia.com\/de\/wp-json\/wp\/v2\/product_tag?post=246011"}],"curies":[{"name":"wp","href":"https:\/\/api.w.org\/{rel}","templated":true}]}}