{"id":245999,"date":"2025-03-23T11:07:09","date_gmt":"2025-03-23T11:07:09","guid":{"rendered":"https:\/\/aromasentia.com\/product\/three-round-display-set-10cm-15cm-20cm\/"},"modified":"2025-12-30T20:50:58","modified_gmt":"2025-12-30T20:50:58","slug":"dreier-displayset-10-cm-15-cm-20-cm","status":"publish","type":"product","link":"https:\/\/aromasentia.com\/de\/dreier-displayset-10-cm-15-cm-20-cm\/","title":{"rendered":"Dreier-Displayset (10 cm, 15 cm, 20 cm)"},"content":{"rendered":"<p>Unser dreirundes Display-Set bietet Vielseitigkeit und Eleganz f\u00fcr die Pr\u00e4sentation Ihrer Schmucksammlung. Dieses Set enth\u00e4lt drei runde Tabletts mit einem Durchmesser von <strong>10cm, 15cm und 20cm<\/strong>.<\/p>\n<p>Jedes Tablett verf\u00fcgt \u00fcber eine <strong>weiche, blaugr\u00fcne Samtoberseite<\/strong>, um Ihren Schmuck zu sch\u00fctzen und hervorzuheben, w\u00e4hrend der <strong>nat\u00fcrliche Holzboden<\/strong> einen Hauch von W\u00e4rme und Raffinesse verleiht.<\/p>\n<p>Ob einzeln oder gestapelt, dieses Set bietet unendliche M\u00f6glichkeiten f\u00fcr die Gestaltung fesselnder Pr\u00e4sentationen.<\/p>\n","protected":false},"excerpt":{"rendered":"<p>Unser dreirundes Display-Set bietet Vielseitigkeit und Eleganz f\u00fcr die Pr\u00e4sentation Ihrer Schmucksammlung. Dieses Set enth\u00e4lt drei runde Tabletts mit einem Durchmesser von 10cm, 15cm und 20cm. Jedes Tablett verf\u00fcgt \u00fcber eine weiche, blaugr\u00fcne Samtoberseite, um Ihren Schmuck zu sch\u00fctzen und hervorzuheben, w\u00e4hrend der nat\u00fcrliche Holzboden einen Hauch von W\u00e4rme und Raffinesse verleiht. Ob einzeln oder [&hellip;]<\/p>\n","protected":false},"featured_media":431885,"comment_status":"closed","ping_status":"open","template":"","meta":{"_angie_page":false},"product_brand":[],"product_cat":[14524],"product_tag":[],"class_list":{"0":"post-245999","1":"product","2":"type-product","3":"status-publish","4":"has-post-thumbnail","6":"product_cat-schmuck-und-accessoires","7":"pa_collection-velvet-jewellery-displays-de","8":"pa_made-in-china","10":"first","11":"instock","12":"purchasable","13":"product-type-simple"},"supplier_id":null,"supplier_sku":"VJD-15","barcode":null,"atum_controlled":true,"out_stock_date":null,"out_stock_threshold":null,"inheritable":false,"inbound_stock":null,"stock_on_hold":0,"sold_today":0,"sales_last_days":0,"reserved_stock":null,"customer_returns":null,"warehouse_damage":null,"lost_in_post":null,"other_logs":null,"out_stock_days":0,"lost_sales":0,"has_location":null,"update_date":"2026-04-27T07:26:25","atum_locations":[],"atum_stock_status":"instock","restock_status":false,"low_stock_amount":"","sales_update_date":"2026-01-20T05:14:22","calc_backorders":null,"_links":{"self":[{"href":"https:\/\/aromasentia.com\/de\/wp-json\/wp\/v2\/product\/245999","targetHints":{"allow":["GET"]}}],"collection":[{"href":"https:\/\/aromasentia.com\/de\/wp-json\/wp\/v2\/product"}],"about":[{"href":"https:\/\/aromasentia.com\/de\/wp-json\/wp\/v2\/types\/product"}],"replies":[{"embeddable":true,"href":"https:\/\/aromasentia.com\/de\/wp-json\/wp\/v2\/comments?post=245999"}],"version-history":[{"count":0,"href":"https:\/\/aromasentia.com\/de\/wp-json\/wp\/v2\/product\/245999\/revisions"}],"wp:featuredmedia":[{"embeddable":true,"href":"https:\/\/aromasentia.com\/de\/wp-json\/wp\/v2\/media\/431885"}],"wp:attachment":[{"href":"https:\/\/aromasentia.com\/de\/wp-json\/wp\/v2\/media?parent=245999"}],"wp:term":[{"taxonomy":"product_brand","embeddable":true,"href":"https:\/\/aromasentia.com\/de\/wp-json\/wp\/v2\/product_brand?post=245999"},{"taxonomy":"product_cat","embeddable":true,"href":"https:\/\/aromasentia.com\/de\/wp-json\/wp\/v2\/product_cat?post=245999"},{"taxonomy":"product_tag","embeddable":true,"href":"https:\/\/aromasentia.com\/de\/wp-json\/wp\/v2\/product_tag?post=245999"}],"curies":[{"name":"wp","href":"https:\/\/api.w.org\/{rel}","templated":true}]}}