{"id":245996,"date":"2025-03-23T11:07:09","date_gmt":"2025-03-23T11:07:09","guid":{"rendered":"https:\/\/aromasentia.com\/product\/three-bar-tiered-bangle-display-24x18x13cm\/"},"modified":"2025-12-30T20:50:51","modified_gmt":"2025-12-30T20:50:51","slug":"armreifstaender-mit-dreistufigem-balken-24-x-18-x-13-cm","status":"publish","type":"product","link":"https:\/\/aromasentia.com\/de\/armreifstaender-mit-dreistufigem-balken-24-x-18-x-13-cm\/","title":{"rendered":"Armreifst\u00e4nder mit dreistufigem Balken, 24 x 18 x 13 cm"},"content":{"rendered":"<p>Unser Three Bar Tiered Bangle Display ist eine raffinierte und praktische L\u00f6sung f\u00fcr die Pr\u00e4sentation Ihrer Armbandsammlung. Dieses elegante St\u00fcck verf\u00fcgt \u00fcber drei Ebenen, die jeweils mit zylindrischen St\u00e4ben ausgestattet sind, die <strong>soft gepolstert sind in tealem Samt<\/strong>. Dieses Design erm\u00f6glicht eine \u00fcbersichtliche und organisierte Pr\u00e4sentation Ihrer Armb\u00e4nder und stellt sicher, dass sie ihr volles Potenzial entfalten k\u00f6nnen.<\/p>\n<p>Das mit einem <strong>Naturholzsockel<\/strong> gefertigte Display strahlt W\u00e4rme aus und erg\u00e4nzt eine Vielzahl von Einzelhandelsumgebungen. Die Kombination aus Holz und Samt schafft eine luxuri\u00f6se \u00c4sthetik, die die Attraktivit\u00e4t Ihres Schmucks steigert. <\/p>\n<p>><\/p>\n","protected":false},"excerpt":{"rendered":"<p>Unser Three Bar Tiered Bangle Display ist eine raffinierte und praktische L\u00f6sung f\u00fcr die Pr\u00e4sentation Ihrer Armbandsammlung. Dieses elegante St\u00fcck verf\u00fcgt \u00fcber drei Ebenen, die jeweils mit zylindrischen St\u00e4ben ausgestattet sind, die soft gepolstert sind in tealem Samt. Dieses Design erm\u00f6glicht eine \u00fcbersichtliche und organisierte Pr\u00e4sentation Ihrer Armb\u00e4nder und stellt sicher, dass sie ihr volles [&hellip;]<\/p>\n","protected":false},"featured_media":431852,"comment_status":"closed","ping_status":"open","template":"","meta":{"_angie_page":false},"product_brand":[],"product_cat":[14524],"product_tag":[],"class_list":{"0":"post-245996","1":"product","2":"type-product","3":"status-publish","4":"has-post-thumbnail","6":"product_cat-schmuck-und-accessoires","7":"pa_collection-velvet-jewellery-displays-de","8":"pa_made-in-china","10":"first","11":"instock","12":"purchasable","13":"product-type-simple"},"supplier_id":null,"supplier_sku":"VJD-14","barcode":null,"atum_controlled":true,"out_stock_date":null,"out_stock_threshold":null,"inheritable":false,"inbound_stock":null,"stock_on_hold":0,"sold_today":0,"sales_last_days":0,"reserved_stock":null,"customer_returns":null,"warehouse_damage":null,"lost_in_post":null,"other_logs":null,"out_stock_days":0,"lost_sales":0,"has_location":null,"update_date":"2026-04-27T07:26:25","atum_locations":[],"atum_stock_status":"instock","restock_status":false,"low_stock_amount":"","sales_update_date":"2025-09-03T00:15:07","calc_backorders":null,"_links":{"self":[{"href":"https:\/\/aromasentia.com\/de\/wp-json\/wp\/v2\/product\/245996","targetHints":{"allow":["GET"]}}],"collection":[{"href":"https:\/\/aromasentia.com\/de\/wp-json\/wp\/v2\/product"}],"about":[{"href":"https:\/\/aromasentia.com\/de\/wp-json\/wp\/v2\/types\/product"}],"replies":[{"embeddable":true,"href":"https:\/\/aromasentia.com\/de\/wp-json\/wp\/v2\/comments?post=245996"}],"version-history":[{"count":0,"href":"https:\/\/aromasentia.com\/de\/wp-json\/wp\/v2\/product\/245996\/revisions"}],"wp:featuredmedia":[{"embeddable":true,"href":"https:\/\/aromasentia.com\/de\/wp-json\/wp\/v2\/media\/431852"}],"wp:attachment":[{"href":"https:\/\/aromasentia.com\/de\/wp-json\/wp\/v2\/media?parent=245996"}],"wp:term":[{"taxonomy":"product_brand","embeddable":true,"href":"https:\/\/aromasentia.com\/de\/wp-json\/wp\/v2\/product_brand?post=245996"},{"taxonomy":"product_cat","embeddable":true,"href":"https:\/\/aromasentia.com\/de\/wp-json\/wp\/v2\/product_cat?post=245996"},{"taxonomy":"product_tag","embeddable":true,"href":"https:\/\/aromasentia.com\/de\/wp-json\/wp\/v2\/product_tag?post=245996"}],"curies":[{"name":"wp","href":"https:\/\/api.w.org\/{rel}","templated":true}]}}