{"id":245993,"date":"2025-03-23T11:07:09","date_gmt":"2025-03-23T11:07:09","guid":{"rendered":"https:\/\/aromasentia.com\/product\/t-stand-display-24x17x7cm\/"},"modified":"2025-12-30T20:50:51","modified_gmt":"2025-12-30T20:50:51","slug":"t-staender-display-24x17x7cm","status":"publish","type":"product","link":"https:\/\/aromasentia.com\/de\/t-staender-display-24x17x7cm\/","title":{"rendered":"T-St\u00e4nder Display 24x17x7cm"},"content":{"rendered":"<p>Unser T-Stand Display ist eine elegante und moderne L\u00f6sung, um Ihre Armb\u00e4nder und Armreifen zu pr\u00e4sentieren. Seine unverwechselbare T-Form mit einem hohen, zylindrischen St\u00e4nder, der mit <strong>weichem<\/strong> <strong>blauem Samt<\/strong> gepolstert ist, bietet eine luxuri\u00f6se und auff\u00e4llige Plattform f\u00fcr Ihren Schmuck.Der Sockel des St\u00e4nders ist aus <strong>nat\u00fcrlichem Holz<\/strong> gefertigt, das einen Hauch von W\u00e4rme und Raffinesse in jede Verkaufsumgebung bringt. Dieses vielseitige Display wurde entwickelt, um <strong>die Sch\u00f6nheit deiner Armb\u00e4nder<\/strong> und Armreifen zu pr\u00e4sentieren, indem es ihnen erlaubt zu gl\u00e4nzen und gleichzeitig vor Kratzern gesch\u00fctzt wird. <\/p>\n","protected":false},"excerpt":{"rendered":"<p>Unser T-Stand Display ist eine elegante und moderne L\u00f6sung, um Ihre Armb\u00e4nder und Armreifen zu pr\u00e4sentieren. Seine unverwechselbare T-Form mit einem hohen, zylindrischen St\u00e4nder, der mit weichem blauem Samt gepolstert ist, bietet eine luxuri\u00f6se und auff\u00e4llige Plattform f\u00fcr Ihren Schmuck.Der Sockel des St\u00e4nders ist aus nat\u00fcrlichem Holz gefertigt, das einen Hauch von W\u00e4rme und Raffinesse [&hellip;]<\/p>\n","protected":false},"featured_media":431835,"comment_status":"closed","ping_status":"open","template":"","meta":{"_angie_page":false},"product_brand":[],"product_cat":[14524],"product_tag":[],"class_list":{"0":"post-245993","1":"product","2":"type-product","3":"status-publish","4":"has-post-thumbnail","6":"product_cat-schmuck-und-accessoires","7":"pa_collection-velvet-jewellery-displays-de","8":"pa_made-in-china","10":"first","11":"instock","12":"purchasable","13":"product-type-simple"},"supplier_id":null,"supplier_sku":"VJD-13","barcode":null,"atum_controlled":true,"out_stock_date":null,"out_stock_threshold":null,"inheritable":false,"inbound_stock":null,"stock_on_hold":0,"sold_today":0,"sales_last_days":0,"reserved_stock":null,"customer_returns":null,"warehouse_damage":null,"lost_in_post":null,"other_logs":null,"out_stock_days":0,"lost_sales":0,"has_location":null,"update_date":"2026-04-27T07:26:25","atum_locations":[],"atum_stock_status":"instock","restock_status":false,"low_stock_amount":"","sales_update_date":"2026-02-06T00:00:44","calc_backorders":null,"_links":{"self":[{"href":"https:\/\/aromasentia.com\/de\/wp-json\/wp\/v2\/product\/245993","targetHints":{"allow":["GET"]}}],"collection":[{"href":"https:\/\/aromasentia.com\/de\/wp-json\/wp\/v2\/product"}],"about":[{"href":"https:\/\/aromasentia.com\/de\/wp-json\/wp\/v2\/types\/product"}],"replies":[{"embeddable":true,"href":"https:\/\/aromasentia.com\/de\/wp-json\/wp\/v2\/comments?post=245993"}],"version-history":[{"count":0,"href":"https:\/\/aromasentia.com\/de\/wp-json\/wp\/v2\/product\/245993\/revisions"}],"wp:featuredmedia":[{"embeddable":true,"href":"https:\/\/aromasentia.com\/de\/wp-json\/wp\/v2\/media\/431835"}],"wp:attachment":[{"href":"https:\/\/aromasentia.com\/de\/wp-json\/wp\/v2\/media?parent=245993"}],"wp:term":[{"taxonomy":"product_brand","embeddable":true,"href":"https:\/\/aromasentia.com\/de\/wp-json\/wp\/v2\/product_brand?post=245993"},{"taxonomy":"product_cat","embeddable":true,"href":"https:\/\/aromasentia.com\/de\/wp-json\/wp\/v2\/product_cat?post=245993"},{"taxonomy":"product_tag","embeddable":true,"href":"https:\/\/aromasentia.com\/de\/wp-json\/wp\/v2\/product_tag?post=245993"}],"curies":[{"name":"wp","href":"https:\/\/api.w.org\/{rel}","templated":true}]}}