{"id":245987,"date":"2025-03-23T11:44:00","date_gmt":"2025-03-23T11:44:00","guid":{"rendered":"https:\/\/aromasentia.com\/product\/green-dragon-blend-1kg\/"},"modified":"2025-12-30T20:50:51","modified_gmt":"2025-12-30T20:50:51","slug":"gruener-drache-mischung-1kg","status":"publish","type":"product","link":"https:\/\/aromasentia.com\/de\/gruener-drache-mischung-1kg\/","title":{"rendered":"Gr\u00fcner Drache-Mischung 1Kg"},"content":{"rendered":"<p><strong>Gr\u00fcner Tee Aqualia<\/strong><\/p>\n<p>Gr\u00fcner Tee wird in China seit \u00fcber 5.000 Jahren genossen und ist ein wesentlicher Bestandteil der chinesischen Kultur.<\/p>\n<p>Gr\u00fcner Tee genie\u00dft einen wohlverdienten Ruf als gesundheitsf\u00f6rderndes Getr\u00e4nk. Gr\u00fcner Tee ist eines der ges\u00fcndesten Getr\u00e4nke der Welt und kann aus den Bl\u00e4ttern aufgegossen werden.<\/p>\n<p>Sowohl die Bl\u00e4tter als auch der Tee selbst k\u00f6nnen zum Kochen verwendet werden.<\/p>\n<p><strong>Anwendung: 2\u20133 Gramm pro 200 ml bei 70\u201380 \u00b0C erhitzen und 3\u20134 Minuten ziehen lassen.<\/strong><\/p>\n","protected":false},"excerpt":{"rendered":"<p>Gr\u00fcner Tee Aqualia Gr\u00fcner Tee wird in China seit \u00fcber 5.000 Jahren genossen und ist ein wesentlicher Bestandteil der chinesischen Kultur. Gr\u00fcner Tee genie\u00dft einen wohlverdienten Ruf als gesundheitsf\u00f6rderndes Getr\u00e4nk. Gr\u00fcner Tee ist eines der ges\u00fcndesten Getr\u00e4nke der Welt und kann aus den Bl\u00e4ttern aufgegossen werden. Sowohl die Bl\u00e4tter als auch der Tee selbst k\u00f6nnen [&hellip;]<\/p>\n","protected":false},"featured_media":432050,"comment_status":"closed","ping_status":"open","template":"","meta":{"_angie_page":false},"product_brand":[],"product_cat":[26702,25041,26707],"product_tag":[],"class_list":{"0":"post-245987","1":"product","2":"type-product","3":"status-publish","4":"has-post-thumbnail","6":"product_cat-gruener-tee","7":"product_cat-tee-und-teezubehor","8":"product_cat-teemischungen","9":"pa_collection-artisan-tea-blends-1kg-de","10":"pa_made-in-china","12":"first","13":"instock","14":"purchasable","15":"product-type-simple"},"supplier_id":null,"supplier_sku":"ArTea-03","barcode":null,"atum_controlled":true,"out_stock_date":null,"out_stock_threshold":null,"inheritable":false,"inbound_stock":null,"stock_on_hold":0,"sold_today":0,"sales_last_days":0,"reserved_stock":null,"customer_returns":null,"warehouse_damage":null,"lost_in_post":null,"other_logs":null,"out_stock_days":0,"lost_sales":0,"has_location":null,"update_date":"2026-05-08T05:03:47","atum_locations":[],"atum_stock_status":"instock","restock_status":false,"low_stock_amount":"","sales_update_date":"2026-01-30T01:24:24","calc_backorders":null,"_links":{"self":[{"href":"https:\/\/aromasentia.com\/de\/wp-json\/wp\/v2\/product\/245987","targetHints":{"allow":["GET"]}}],"collection":[{"href":"https:\/\/aromasentia.com\/de\/wp-json\/wp\/v2\/product"}],"about":[{"href":"https:\/\/aromasentia.com\/de\/wp-json\/wp\/v2\/types\/product"}],"replies":[{"embeddable":true,"href":"https:\/\/aromasentia.com\/de\/wp-json\/wp\/v2\/comments?post=245987"}],"version-history":[{"count":0,"href":"https:\/\/aromasentia.com\/de\/wp-json\/wp\/v2\/product\/245987\/revisions"}],"wp:featuredmedia":[{"embeddable":true,"href":"https:\/\/aromasentia.com\/de\/wp-json\/wp\/v2\/media\/432050"}],"wp:attachment":[{"href":"https:\/\/aromasentia.com\/de\/wp-json\/wp\/v2\/media?parent=245987"}],"wp:term":[{"taxonomy":"product_brand","embeddable":true,"href":"https:\/\/aromasentia.com\/de\/wp-json\/wp\/v2\/product_brand?post=245987"},{"taxonomy":"product_cat","embeddable":true,"href":"https:\/\/aromasentia.com\/de\/wp-json\/wp\/v2\/product_cat?post=245987"},{"taxonomy":"product_tag","embeddable":true,"href":"https:\/\/aromasentia.com\/de\/wp-json\/wp\/v2\/product_tag?post=245987"}],"curies":[{"name":"wp","href":"https:\/\/api.w.org\/{rel}","templated":true}]}}