{"id":245981,"date":"2025-03-23T11:44:00","date_gmt":"2025-03-23T11:44:00","guid":{"rendered":"https:\/\/aromasentia.com\/product\/druids-forest-blend-1kg\/"},"modified":"2025-12-30T20:50:51","modified_gmt":"2025-12-30T20:50:51","slug":"druidenwaldmischung-1kg","status":"publish","type":"product","link":"https:\/\/aromasentia.com\/de\/druidenwaldmischung-1kg\/","title":{"rendered":"Druidenwaldmischung 1Kg"},"content":{"rendered":"<p><strong>Mit Waldfr\u00fcchten<\/strong><\/p>\n<p>Brombeere, Kirsche, Himbeere und Erdbeere sind eine k\u00f6stliche, vollmundige Sommermischung. Die fruchtige Mischung mit leuchtend kirschroter Farbe belebt Ihre Stimmung vom ersten bis zum letzten Schluck.<\/p>\n<p>Unsere Teemeister w\u00e4hlen 100 % nat\u00fcrliche Zutaten f\u00fcr diese Mischung. Ein Bett aus Hagebutten, geschnittenem Hibiskus und \u00c4pfeln bildet die perfekte Kulisse f\u00fcr unsere beliebtesten Sp\u00e4tsommerbeeren und Hibiskusbl\u00fcten.<\/p>\n<p>Himbeertee enth\u00e4lt viele der gleichen wertvollen Inhaltsstoffe wie essentielle Mineralien, Vitamine und Antioxidantien.<\/p>\n<p><strong>Anwendung: 4 Gramm pro 200 ml bei 95 \u00b0C erhitzen und 5\u20137 Minuten ziehen lassen.<\/strong><\/p>\n<p>Dieses Produkt kann Spuren von Gluten, Eiern, Erdn\u00fcssen, Soja, Milch, N\u00fcssen, Sesam und Sulfiten enthalten.<\/p>\n","protected":false},"excerpt":{"rendered":"<p>Mit Waldfr\u00fcchten Brombeere, Kirsche, Himbeere und Erdbeere sind eine k\u00f6stliche, vollmundige Sommermischung. Die fruchtige Mischung mit leuchtend kirschroter Farbe belebt Ihre Stimmung vom ersten bis zum letzten Schluck. Unsere Teemeister w\u00e4hlen 100 % nat\u00fcrliche Zutaten f\u00fcr diese Mischung. Ein Bett aus Hagebutten, geschnittenem Hibiskus und \u00c4pfeln bildet die perfekte Kulisse f\u00fcr unsere beliebtesten Sp\u00e4tsommerbeeren und [&hellip;]<\/p>\n","protected":false},"featured_media":432000,"comment_status":"closed","ping_status":"open","template":"","meta":{"_angie_page":false},"product_brand":[],"product_cat":[25041,26707],"product_tag":[],"class_list":{"0":"post-245981","1":"product","2":"type-product","3":"status-publish","4":"has-post-thumbnail","6":"product_cat-tee-und-teezubehor","7":"product_cat-teemischungen","8":"pa_collection-artisan-tea-blends-1kg-de","9":"pa_made-in-aegypten","11":"first","12":"instock","13":"purchasable","14":"product-type-simple"},"supplier_id":null,"supplier_sku":"ArTea-01","barcode":null,"atum_controlled":true,"out_stock_date":null,"out_stock_threshold":null,"inheritable":false,"inbound_stock":null,"stock_on_hold":0,"sold_today":0,"sales_last_days":0,"reserved_stock":null,"customer_returns":null,"warehouse_damage":null,"lost_in_post":null,"other_logs":null,"out_stock_days":13,"lost_sales":0,"has_location":null,"update_date":"2026-04-27T06:50:47","atum_locations":[],"atum_stock_status":"instock","restock_status":false,"low_stock_amount":"","sales_update_date":"2026-01-30T01:24:49","calc_backorders":null,"_links":{"self":[{"href":"https:\/\/aromasentia.com\/de\/wp-json\/wp\/v2\/product\/245981","targetHints":{"allow":["GET"]}}],"collection":[{"href":"https:\/\/aromasentia.com\/de\/wp-json\/wp\/v2\/product"}],"about":[{"href":"https:\/\/aromasentia.com\/de\/wp-json\/wp\/v2\/types\/product"}],"replies":[{"embeddable":true,"href":"https:\/\/aromasentia.com\/de\/wp-json\/wp\/v2\/comments?post=245981"}],"version-history":[{"count":0,"href":"https:\/\/aromasentia.com\/de\/wp-json\/wp\/v2\/product\/245981\/revisions"}],"wp:featuredmedia":[{"embeddable":true,"href":"https:\/\/aromasentia.com\/de\/wp-json\/wp\/v2\/media\/432000"}],"wp:attachment":[{"href":"https:\/\/aromasentia.com\/de\/wp-json\/wp\/v2\/media?parent=245981"}],"wp:term":[{"taxonomy":"product_brand","embeddable":true,"href":"https:\/\/aromasentia.com\/de\/wp-json\/wp\/v2\/product_brand?post=245981"},{"taxonomy":"product_cat","embeddable":true,"href":"https:\/\/aromasentia.com\/de\/wp-json\/wp\/v2\/product_cat?post=245981"},{"taxonomy":"product_tag","embeddable":true,"href":"https:\/\/aromasentia.com\/de\/wp-json\/wp\/v2\/product_tag?post=245981"}],"curies":[{"name":"wp","href":"https:\/\/api.w.org\/{rel}","templated":true}]}}