{"id":245969,"date":"2025-03-23T11:44:00","date_gmt":"2025-03-23T11:44:00","guid":{"rendered":"https:\/\/aromasentia.com\/product\/merlins-favorite-earl-grey-1kg\/"},"modified":"2025-12-30T20:50:51","modified_gmt":"2025-12-30T20:50:51","slug":"merlins-lieblings-earl-grey-1kg","status":"publish","type":"product","link":"https:\/\/aromasentia.com\/de\/merlins-lieblings-earl-grey-1kg\/","title":{"rendered":"Merlins Lieblings Earl Grey 1Kg"},"content":{"rendered":"<p><strong>Schwarzer Tee Earl Grey Mauve<\/strong><\/p>\n<p>Diese frisch schmeckende und einzigartige Mischung, die vor \u00fcber 180 Jahren f\u00fcr Premierminister Charles Grey kreiert wurde, ist zu einem der beliebtesten Tees der Nation geworden. F\u00fcr ein vollmundiges Earl-Grey-Erlebnis ist unsere lose Teesorte die perfekte Wahl.<\/p>\n<p>Schwarzer Tee wird zur Verbesserung der geistigen Wachheit sowie der Lernf\u00e4higkeit, des Ged\u00e4chtnisses und der Informationsverarbeitung verwendet.<\/p>\n<p><strong>Anwendung: 2\u20133 Gramm pro 200 ml bei 90\u201395 \u00b0C 3\u20134 Minuten ziehen lassen. Milch oder pflanzlichen Ersatz hinzuf\u00fcgen.<\/strong><\/p>\n","protected":false},"excerpt":{"rendered":"<p>Schwarzer Tee Earl Grey Mauve Diese frisch schmeckende und einzigartige Mischung, die vor \u00fcber 180 Jahren f\u00fcr Premierminister Charles Grey kreiert wurde, ist zu einem der beliebtesten Tees der Nation geworden. F\u00fcr ein vollmundiges Earl-Grey-Erlebnis ist unsere lose Teesorte die perfekte Wahl. Schwarzer Tee wird zur Verbesserung der geistigen Wachheit sowie der Lernf\u00e4higkeit, des Ged\u00e4chtnisses [&hellip;]<\/p>\n","protected":false},"featured_media":432142,"comment_status":"closed","ping_status":"open","template":"","meta":{"_angie_page":false},"product_brand":[],"product_cat":[25041],"product_tag":[],"class_list":{"0":"post-245969","1":"product","2":"type-product","3":"status-publish","4":"has-post-thumbnail","6":"product_cat-tee-und-teezubehor","7":"pa_collection-artisan-tea-blends-1kg-de","8":"pa_made-in-china","10":"first","11":"instock","12":"purchasable","13":"product-type-simple"},"supplier_id":null,"supplier_sku":"ArTea-07","barcode":null,"atum_controlled":true,"out_stock_date":null,"out_stock_threshold":null,"inheritable":false,"inbound_stock":null,"stock_on_hold":0,"sold_today":0,"sales_last_days":0,"reserved_stock":null,"customer_returns":null,"warehouse_damage":null,"lost_in_post":null,"other_logs":null,"out_stock_days":21,"lost_sales":0,"has_location":null,"update_date":"2026-04-27T06:50:47","atum_locations":[],"atum_stock_status":"instock","restock_status":false,"low_stock_amount":"","sales_update_date":"2026-01-30T01:24:28","calc_backorders":null,"_links":{"self":[{"href":"https:\/\/aromasentia.com\/de\/wp-json\/wp\/v2\/product\/245969","targetHints":{"allow":["GET"]}}],"collection":[{"href":"https:\/\/aromasentia.com\/de\/wp-json\/wp\/v2\/product"}],"about":[{"href":"https:\/\/aromasentia.com\/de\/wp-json\/wp\/v2\/types\/product"}],"replies":[{"embeddable":true,"href":"https:\/\/aromasentia.com\/de\/wp-json\/wp\/v2\/comments?post=245969"}],"version-history":[{"count":0,"href":"https:\/\/aromasentia.com\/de\/wp-json\/wp\/v2\/product\/245969\/revisions"}],"wp:featuredmedia":[{"embeddable":true,"href":"https:\/\/aromasentia.com\/de\/wp-json\/wp\/v2\/media\/432142"}],"wp:attachment":[{"href":"https:\/\/aromasentia.com\/de\/wp-json\/wp\/v2\/media?parent=245969"}],"wp:term":[{"taxonomy":"product_brand","embeddable":true,"href":"https:\/\/aromasentia.com\/de\/wp-json\/wp\/v2\/product_brand?post=245969"},{"taxonomy":"product_cat","embeddable":true,"href":"https:\/\/aromasentia.com\/de\/wp-json\/wp\/v2\/product_cat?post=245969"},{"taxonomy":"product_tag","embeddable":true,"href":"https:\/\/aromasentia.com\/de\/wp-json\/wp\/v2\/product_tag?post=245969"}],"curies":[{"name":"wp","href":"https:\/\/api.w.org\/{rel}","templated":true}]}}