{"id":245966,"date":"2025-03-23T11:44:00","date_gmt":"2025-03-23T11:44:00","guid":{"rendered":"https:\/\/aromasentia.com\/product\/hidden-islands-blend-1kg\/"},"modified":"2025-12-30T20:50:44","modified_gmt":"2025-12-30T20:50:44","slug":"versteckte-inseln-mischung-1kg","status":"publish","type":"product","link":"https:\/\/aromasentia.com\/de\/versteckte-inseln-mischung-1kg\/","title":{"rendered":"Versteckte Inseln-Mischung 1Kg"},"content":{"rendered":"<p><strong>Pi\u00f1a Colada Aufguss<\/strong><\/p>\n<p>Entdecken Sie unwiderstehliche Aufg\u00fcsse f\u00fcr Geschmacksneugierige. Verf\u00fchrerische Fr\u00fcchte und geschnittener Hibiskus, vollgepackt mit au\u00dfergew\u00f6hnlichen Aromen und nat\u00fcrlichen Zutaten.<\/p>\n<p>Pi\u00f1a Colada Aufguss ist ein tropisches Getr\u00e4nk aus Ananas, Hagebutte, \u00c4pfeln und Kokoschips.<\/p>\n<p>Der erfrischende Geschmack dieses Aufgusses ist ideal f\u00fcr hei\u00dfe Sommertage. Er st\u00e4rkt das Immunsystem und versorgt den K\u00f6rper mit Energie.<\/p>\n<p><strong>Anwendung: 4 Gramm pro 200 ml bei 95 \u00b0C erhitzen und 5-7 Minuten ziehen lassen.<\/strong><\/p>\n","protected":false},"excerpt":{"rendered":"<p>Pi\u00f1a Colada Aufguss Entdecken Sie unwiderstehliche Aufg\u00fcsse f\u00fcr Geschmacksneugierige. Verf\u00fchrerische Fr\u00fcchte und geschnittener Hibiskus, vollgepackt mit au\u00dfergew\u00f6hnlichen Aromen und nat\u00fcrlichen Zutaten. Pi\u00f1a Colada Aufguss ist ein tropisches Getr\u00e4nk aus Ananas, Hagebutte, \u00c4pfeln und Kokoschips. Der erfrischende Geschmack dieses Aufgusses ist ideal f\u00fcr hei\u00dfe Sommertage. Er st\u00e4rkt das Immunsystem und versorgt den K\u00f6rper mit Energie. Anwendung: [&hellip;]<\/p>\n","protected":false},"featured_media":432117,"comment_status":"closed","ping_status":"open","template":"","meta":{"_angie_page":false},"product_brand":[],"product_cat":[25041,26707],"product_tag":[],"class_list":{"0":"post-245966","1":"product","2":"type-product","3":"status-publish","4":"has-post-thumbnail","6":"product_cat-tee-und-teezubehor","7":"product_cat-teemischungen","8":"pa_collection-artisan-tea-blends-1kg-de","9":"pa_made-in-thailand","11":"first","12":"instock","13":"purchasable","14":"product-type-simple"},"supplier_id":null,"supplier_sku":"ArTea-06","barcode":null,"atum_controlled":true,"out_stock_date":null,"out_stock_threshold":null,"inheritable":false,"inbound_stock":null,"stock_on_hold":0,"sold_today":0,"sales_last_days":0,"reserved_stock":null,"customer_returns":null,"warehouse_damage":null,"lost_in_post":null,"other_logs":null,"out_stock_days":0,"lost_sales":0,"has_location":null,"update_date":"2026-05-08T05:03:47","atum_locations":[],"atum_stock_status":"instock","restock_status":false,"low_stock_amount":"","sales_update_date":"2026-01-20T05:13:45","calc_backorders":null,"_links":{"self":[{"href":"https:\/\/aromasentia.com\/de\/wp-json\/wp\/v2\/product\/245966","targetHints":{"allow":["GET"]}}],"collection":[{"href":"https:\/\/aromasentia.com\/de\/wp-json\/wp\/v2\/product"}],"about":[{"href":"https:\/\/aromasentia.com\/de\/wp-json\/wp\/v2\/types\/product"}],"replies":[{"embeddable":true,"href":"https:\/\/aromasentia.com\/de\/wp-json\/wp\/v2\/comments?post=245966"}],"version-history":[{"count":0,"href":"https:\/\/aromasentia.com\/de\/wp-json\/wp\/v2\/product\/245966\/revisions"}],"wp:featuredmedia":[{"embeddable":true,"href":"https:\/\/aromasentia.com\/de\/wp-json\/wp\/v2\/media\/432117"}],"wp:attachment":[{"href":"https:\/\/aromasentia.com\/de\/wp-json\/wp\/v2\/media?parent=245966"}],"wp:term":[{"taxonomy":"product_brand","embeddable":true,"href":"https:\/\/aromasentia.com\/de\/wp-json\/wp\/v2\/product_brand?post=245966"},{"taxonomy":"product_cat","embeddable":true,"href":"https:\/\/aromasentia.com\/de\/wp-json\/wp\/v2\/product_cat?post=245966"},{"taxonomy":"product_tag","embeddable":true,"href":"https:\/\/aromasentia.com\/de\/wp-json\/wp\/v2\/product_tag?post=245966"}],"curies":[{"name":"wp","href":"https:\/\/api.w.org\/{rel}","templated":true}]}}