{"id":245948,"date":"2025-03-23T11:44:23","date_gmt":"2025-03-23T11:44:23","guid":{"rendered":"https:\/\/aromasentia.com\/product\/bio-classic-green-tea-with-lemon-and-ginger-1kg\/"},"modified":"2025-12-30T20:50:44","modified_gmt":"2025-12-30T20:50:44","slug":"eco-classic-gruentee-mit-zitrone-und-ingwer-1kg","status":"publish","type":"product","link":"https:\/\/aromasentia.com\/de\/eco-classic-gruentee-mit-zitrone-und-ingwer-1kg\/","title":{"rendered":"Eco Classic Gr\u00fcntee mit Zitrone und Ingwer 1Kg"},"content":{"rendered":"<p><strong>\u00d6ko-Bio-Gr\u00fcntee mit Zitrone<\/strong><\/p>\n<p>Gr\u00fcner Tee mit Zitrone ist ein ideales Morgenmittel, das viele bereits in ihren Speiseplan aufnehmen. Er ist ein nat\u00fcrliches Nahrungserg\u00e4nzungsmittel mit Vitaminen und Antioxidantien, das Ihnen hilft, den Tag wunderbar zu beginnen.<\/p>\n<p>Mit seinem intensiven Geschmack, dem zitronigen Aroma und der s\u00e4uerlichen Note ist gr\u00fcner Tee mit Zitrone eines jener Getr\u00e4nke, dessen wohltuende Wirkung sich sofort bemerkbar macht: Er sorgt f\u00fcr Wohlbefinden, Energie und den Optimismus, den wir morgens brauchen.<\/p>\n<p><strong>Anwendung: 2\u20133 Gramm pro 200 ml bei 70\u201380 \u00b0C 3\u20134 Minuten ziehen lassen.<\/strong><\/p>\n","protected":false},"excerpt":{"rendered":"<p>\u00d6ko-Bio-Gr\u00fcntee mit Zitrone Gr\u00fcner Tee mit Zitrone ist ein ideales Morgenmittel, das viele bereits in ihren Speiseplan aufnehmen. Er ist ein nat\u00fcrliches Nahrungserg\u00e4nzungsmittel mit Vitaminen und Antioxidantien, das Ihnen hilft, den Tag wunderbar zu beginnen. Mit seinem intensiven Geschmack, dem zitronigen Aroma und der s\u00e4uerlichen Note ist gr\u00fcner Tee mit Zitrone eines jener Getr\u00e4nke, dessen [&hellip;]<\/p>\n","protected":false},"featured_media":432327,"comment_status":"closed","ping_status":"open","template":"","meta":{"_angie_page":false},"product_brand":[],"product_cat":[26702,25041],"product_tag":[],"class_list":{"0":"post-245948","1":"product","2":"type-product","3":"status-publish","4":"has-post-thumbnail","6":"product_cat-gruener-tee","7":"product_cat-tee-und-teezubehor","8":"pa_collection-artisan-tea-blends-1kg-de","9":"pa_made-in-china","11":"first","12":"instock","13":"purchasable","14":"product-type-simple"},"supplier_id":null,"supplier_sku":"ArTea-16","barcode":null,"atum_controlled":true,"out_stock_date":null,"out_stock_threshold":null,"inheritable":false,"inbound_stock":null,"stock_on_hold":0,"sold_today":0,"sales_last_days":0,"reserved_stock":null,"customer_returns":null,"warehouse_damage":null,"lost_in_post":null,"other_logs":null,"out_stock_days":15,"lost_sales":0,"has_location":null,"update_date":"2026-04-27T06:50:56","atum_locations":[],"atum_stock_status":"instock","restock_status":false,"low_stock_amount":"","sales_update_date":"2026-01-30T01:24:44","calc_backorders":null,"_links":{"self":[{"href":"https:\/\/aromasentia.com\/de\/wp-json\/wp\/v2\/product\/245948","targetHints":{"allow":["GET"]}}],"collection":[{"href":"https:\/\/aromasentia.com\/de\/wp-json\/wp\/v2\/product"}],"about":[{"href":"https:\/\/aromasentia.com\/de\/wp-json\/wp\/v2\/types\/product"}],"replies":[{"embeddable":true,"href":"https:\/\/aromasentia.com\/de\/wp-json\/wp\/v2\/comments?post=245948"}],"version-history":[{"count":0,"href":"https:\/\/aromasentia.com\/de\/wp-json\/wp\/v2\/product\/245948\/revisions"}],"wp:featuredmedia":[{"embeddable":true,"href":"https:\/\/aromasentia.com\/de\/wp-json\/wp\/v2\/media\/432327"}],"wp:attachment":[{"href":"https:\/\/aromasentia.com\/de\/wp-json\/wp\/v2\/media?parent=245948"}],"wp:term":[{"taxonomy":"product_brand","embeddable":true,"href":"https:\/\/aromasentia.com\/de\/wp-json\/wp\/v2\/product_brand?post=245948"},{"taxonomy":"product_cat","embeddable":true,"href":"https:\/\/aromasentia.com\/de\/wp-json\/wp\/v2\/product_cat?post=245948"},{"taxonomy":"product_tag","embeddable":true,"href":"https:\/\/aromasentia.com\/de\/wp-json\/wp\/v2\/product_tag?post=245948"}],"curies":[{"name":"wp","href":"https:\/\/api.w.org\/{rel}","templated":true}]}}