{"id":245942,"date":"2025-03-23T11:44:23","date_gmt":"2025-03-23T11:44:23","guid":{"rendered":"https:\/\/aromasentia.com\/product\/black-magic-blend-1kg\/"},"modified":"2025-12-30T20:50:44","modified_gmt":"2025-12-30T20:50:44","slug":"schwarze-magie-mischung1kg","status":"publish","type":"product","link":"https:\/\/aromasentia.com\/de\/schwarze-magie-mischung1kg\/","title":{"rendered":"Schwarze Magie-Mischung1Kg"},"content":{"rendered":"<p><strong>Supreme Pakistanischer Schwarztee<\/strong><\/p>\n<p>Seine wesentlichen Eigenschaften sind sein exotischer Geschmack und seine stimulierende Wirkung auf das Nervensystem, aber auf nat\u00fcrliche und gesunde Weise.<\/p>\n<p>T\u00e4glich in Ma\u00dfen genossen, beugt er Herz-Kreislauf- und neurodegenerativen Erkrankungen vor, wirkt harntreibend, verlangsamt die Zellalterung, verbessert den Cholesterinspiegel im Blut und den Kreislauf und ist ein ausgezeichnetes Mittel bei niedrigem Blutdruck und Schwindelgef\u00fchl.<\/p>\n<p><strong>Anwendung: 2\u20133 Gramm pro 200 ml bei 90\u201395 \u00b0C 3\u20134 Minuten ziehen lassen. Milch oder pflanzlichen Ersatz hinzuf\u00fcgen.<\/strong><\/p>\n","protected":false},"excerpt":{"rendered":"<p>Supreme Pakistanischer Schwarztee Seine wesentlichen Eigenschaften sind sein exotischer Geschmack und seine stimulierende Wirkung auf das Nervensystem, aber auf nat\u00fcrliche und gesunde Weise. T\u00e4glich in Ma\u00dfen genossen, beugt er Herz-Kreislauf- und neurodegenerativen Erkrankungen vor, wirkt harntreibend, verlangsamt die Zellalterung, verbessert den Cholesterinspiegel im Blut und den Kreislauf und ist ein ausgezeichnetes Mittel bei niedrigem Blutdruck [&hellip;]<\/p>\n","protected":false},"featured_media":432277,"comment_status":"closed","ping_status":"open","template":"","meta":{"_angie_page":false},"product_brand":[],"product_cat":[26701,25041,26707],"product_tag":[],"class_list":{"0":"post-245942","1":"product","2":"type-product","3":"status-publish","4":"has-post-thumbnail","6":"product_cat-schwarzer-tee","7":"product_cat-tee-und-teezubehor","8":"product_cat-teemischungen","9":"pa_collection-artisan-tea-blends-1kg-de","10":"pa_made-in-china","12":"first","13":"instock","14":"purchasable","15":"product-type-simple"},"supplier_id":null,"supplier_sku":"ArTea-14","barcode":null,"atum_controlled":true,"out_stock_date":null,"out_stock_threshold":null,"inheritable":false,"inbound_stock":null,"stock_on_hold":0,"sold_today":0,"sales_last_days":0,"reserved_stock":null,"customer_returns":null,"warehouse_damage":null,"lost_in_post":null,"other_logs":null,"out_stock_days":0,"lost_sales":0,"has_location":null,"update_date":"2026-05-08T05:03:47","atum_locations":[],"atum_stock_status":"instock","restock_status":false,"low_stock_amount":"","sales_update_date":"2026-01-30T01:24:52","calc_backorders":null,"_links":{"self":[{"href":"https:\/\/aromasentia.com\/de\/wp-json\/wp\/v2\/product\/245942","targetHints":{"allow":["GET"]}}],"collection":[{"href":"https:\/\/aromasentia.com\/de\/wp-json\/wp\/v2\/product"}],"about":[{"href":"https:\/\/aromasentia.com\/de\/wp-json\/wp\/v2\/types\/product"}],"replies":[{"embeddable":true,"href":"https:\/\/aromasentia.com\/de\/wp-json\/wp\/v2\/comments?post=245942"}],"version-history":[{"count":0,"href":"https:\/\/aromasentia.com\/de\/wp-json\/wp\/v2\/product\/245942\/revisions"}],"wp:featuredmedia":[{"embeddable":true,"href":"https:\/\/aromasentia.com\/de\/wp-json\/wp\/v2\/media\/432277"}],"wp:attachment":[{"href":"https:\/\/aromasentia.com\/de\/wp-json\/wp\/v2\/media?parent=245942"}],"wp:term":[{"taxonomy":"product_brand","embeddable":true,"href":"https:\/\/aromasentia.com\/de\/wp-json\/wp\/v2\/product_brand?post=245942"},{"taxonomy":"product_cat","embeddable":true,"href":"https:\/\/aromasentia.com\/de\/wp-json\/wp\/v2\/product_cat?post=245942"},{"taxonomy":"product_tag","embeddable":true,"href":"https:\/\/aromasentia.com\/de\/wp-json\/wp\/v2\/product_tag?post=245942"}],"curies":[{"name":"wp","href":"https:\/\/api.w.org\/{rel}","templated":true}]}}