{"id":245891,"date":"2025-03-23T11:45:20","date_gmt":"2025-03-23T11:45:20","guid":{"rendered":"https:\/\/aromasentia.com\/product\/50g-mid-summer-magic\/"},"modified":"2025-12-30T20:50:28","modified_gmt":"2025-12-30T20:50:28","slug":"50g-mittsommerzauber","status":"publish","type":"product","link":"https:\/\/aromasentia.com\/de\/50g-mittsommerzauber\/","title":{"rendered":"50g Mittsommerzauber"},"content":{"rendered":"<p><strong>Roter Tee Sommer Silhouette<\/strong><\/p>\n<p>Ideal f\u00fcr Detox- und Schlankheitskuren. Diese Kombination enth\u00e4lt die beiden energiespendendsten Tees zur Unterst\u00fctzung Ihrer Di\u00e4t: Roter Tee und Gr\u00fcner Tee. Die perfekte Fusion.<\/p>\n<p>Zus\u00e4tzlich verfeinern wir Kiwi, Erdbeere, Hibiskus, Apfel und Hagebutte. Ein k\u00f6stlicher Geschmack f\u00fcr einen gro\u00dfartigen und gesunden Aufguss.<\/p>\n<p><strong>Anwendung: 2\u20133 Gramm pro 200 ml bei 90\u201395 \u00b0C 4\u20135 Minuten ziehen lassen.<\/strong><\/p>\n","protected":false},"excerpt":{"rendered":"<p>Roter Tee Sommer Silhouette Ideal f\u00fcr Detox- und Schlankheitskuren. Diese Kombination enth\u00e4lt die beiden energiespendendsten Tees zur Unterst\u00fctzung Ihrer Di\u00e4t: Roter Tee und Gr\u00fcner Tee. Die perfekte Fusion. Zus\u00e4tzlich verfeinern wir Kiwi, Erdbeere, Hibiskus, Apfel und Hagebutte. Ein k\u00f6stlicher Geschmack f\u00fcr einen gro\u00dfartigen und gesunden Aufguss. Anwendung: 2\u20133 Gramm pro 200 ml bei 90\u201395 \u00b0C [&hellip;]<\/p>\n","protected":false},"featured_media":432612,"comment_status":"closed","ping_status":"open","template":"","meta":{"_angie_page":false},"product_brand":[],"product_cat":[25041],"product_tag":[],"class_list":{"0":"post-245891","1":"product","2":"type-product","3":"status-publish","4":"has-post-thumbnail","6":"product_cat-tee-und-teezubehor","7":"pa_collection-artisan-tea-blends-50g-de","8":"pa_made-in-china","9":"pa_size-50g","11":"first","12":"instock","13":"purchasable","14":"product-type-simple"},"supplier_id":null,"supplier_sku":"ArTeaP-13","barcode":null,"atum_controlled":true,"out_stock_date":null,"out_stock_threshold":null,"inheritable":false,"inbound_stock":null,"stock_on_hold":0,"sold_today":0,"sales_last_days":0,"reserved_stock":null,"customer_returns":null,"warehouse_damage":null,"lost_in_post":null,"other_logs":null,"out_stock_days":0,"lost_sales":0,"has_location":null,"update_date":"2026-05-08T05:03:47","atum_locations":[],"atum_stock_status":"instock","restock_status":false,"low_stock_amount":"","sales_update_date":"2025-10-09T03:23:39","calc_backorders":null,"_links":{"self":[{"href":"https:\/\/aromasentia.com\/de\/wp-json\/wp\/v2\/product\/245891","targetHints":{"allow":["GET"]}}],"collection":[{"href":"https:\/\/aromasentia.com\/de\/wp-json\/wp\/v2\/product"}],"about":[{"href":"https:\/\/aromasentia.com\/de\/wp-json\/wp\/v2\/types\/product"}],"replies":[{"embeddable":true,"href":"https:\/\/aromasentia.com\/de\/wp-json\/wp\/v2\/comments?post=245891"}],"version-history":[{"count":0,"href":"https:\/\/aromasentia.com\/de\/wp-json\/wp\/v2\/product\/245891\/revisions"}],"wp:featuredmedia":[{"embeddable":true,"href":"https:\/\/aromasentia.com\/de\/wp-json\/wp\/v2\/media\/432612"}],"wp:attachment":[{"href":"https:\/\/aromasentia.com\/de\/wp-json\/wp\/v2\/media?parent=245891"}],"wp:term":[{"taxonomy":"product_brand","embeddable":true,"href":"https:\/\/aromasentia.com\/de\/wp-json\/wp\/v2\/product_brand?post=245891"},{"taxonomy":"product_cat","embeddable":true,"href":"https:\/\/aromasentia.com\/de\/wp-json\/wp\/v2\/product_cat?post=245891"},{"taxonomy":"product_tag","embeddable":true,"href":"https:\/\/aromasentia.com\/de\/wp-json\/wp\/v2\/product_tag?post=245891"}],"curies":[{"name":"wp","href":"https:\/\/api.w.org\/{rel}","templated":true}]}}