{"id":245852,"date":"2025-03-23T11:45:44","date_gmt":"2025-03-23T11:45:44","guid":{"rendered":"https:\/\/aromasentia.com\/product\/50g-organic-chai-black-tea\/"},"modified":"2025-12-30T20:50:20","modified_gmt":"2025-12-30T20:50:20","slug":"50g-bio-chai-schwarzteemischung","status":"publish","type":"product","link":"https:\/\/aromasentia.com\/de\/50g-bio-chai-schwarzteemischung\/","title":{"rendered":"50g Bio-Chai-Schwarzteemischung"},"content":{"rendered":"<p>Genie\u00dfen Sie die aromatische und w\u00fcrzige Mischung von Bio Chai Schwarztee in dieser praktischen 50g-Packung. Perfekt, um eine k\u00f6stliche und w\u00e4rmende Tasse traditionellen Chai zuzubereiten.<\/p>\n","protected":false},"excerpt":{"rendered":"<p>Genie\u00dfen Sie die aromatische und w\u00fcrzige Mischung von Bio Chai Schwarztee in dieser praktischen 50g-Packung. Perfekt, um eine k\u00f6stliche und w\u00e4rmende Tasse traditionellen Chai zuzubereiten.<\/p>\n","protected":false},"featured_media":432707,"comment_status":"closed","ping_status":"open","template":"","meta":{"_angie_page":false},"product_brand":[],"product_cat":[26706,26701,25041],"product_tag":[],"class_list":{"0":"post-245852","1":"product","2":"type-product","3":"status-publish","4":"has-post-thumbnail","6":"product_cat-bio-tee","7":"product_cat-schwarzer-tee","8":"product_cat-tee-und-teezubehor","9":"pa_collection-artisan-tea-blends-50g-de","10":"pa_made-in-indien","11":"pa_size-50g","13":"first","14":"instock","15":"purchasable","16":"product-type-simple"},"supplier_id":null,"supplier_sku":"ArTeaP-20","barcode":null,"atum_controlled":true,"out_stock_date":null,"out_stock_threshold":null,"inheritable":false,"inbound_stock":null,"stock_on_hold":0,"sold_today":0,"sales_last_days":0,"reserved_stock":null,"customer_returns":null,"warehouse_damage":null,"lost_in_post":null,"other_logs":null,"out_stock_days":0,"lost_sales":0,"has_location":null,"update_date":"2026-04-27T06:51:02","atum_locations":[],"atum_stock_status":"instock","restock_status":false,"low_stock_amount":"","sales_update_date":"2026-02-06T00:02:44","calc_backorders":null,"_links":{"self":[{"href":"https:\/\/aromasentia.com\/de\/wp-json\/wp\/v2\/product\/245852","targetHints":{"allow":["GET"]}}],"collection":[{"href":"https:\/\/aromasentia.com\/de\/wp-json\/wp\/v2\/product"}],"about":[{"href":"https:\/\/aromasentia.com\/de\/wp-json\/wp\/v2\/types\/product"}],"replies":[{"embeddable":true,"href":"https:\/\/aromasentia.com\/de\/wp-json\/wp\/v2\/comments?post=245852"}],"version-history":[{"count":0,"href":"https:\/\/aromasentia.com\/de\/wp-json\/wp\/v2\/product\/245852\/revisions"}],"wp:featuredmedia":[{"embeddable":true,"href":"https:\/\/aromasentia.com\/de\/wp-json\/wp\/v2\/media\/432707"}],"wp:attachment":[{"href":"https:\/\/aromasentia.com\/de\/wp-json\/wp\/v2\/media?parent=245852"}],"wp:term":[{"taxonomy":"product_brand","embeddable":true,"href":"https:\/\/aromasentia.com\/de\/wp-json\/wp\/v2\/product_brand?post=245852"},{"taxonomy":"product_cat","embeddable":true,"href":"https:\/\/aromasentia.com\/de\/wp-json\/wp\/v2\/product_cat?post=245852"},{"taxonomy":"product_tag","embeddable":true,"href":"https:\/\/aromasentia.com\/de\/wp-json\/wp\/v2\/product_tag?post=245852"}],"curies":[{"name":"wp","href":"https:\/\/api.w.org\/{rel}","templated":true}]}}