{"id":245807,"date":"2025-03-23T11:47:46","date_gmt":"2025-03-23T11:47:46","guid":{"rendered":"https:\/\/aromasentia.com\/product\/glass-infuser-teapot-tower-shape-780ml\/"},"modified":"2025-12-30T20:50:06","modified_gmt":"2025-12-30T20:50:06","slug":"teekanne-aus-glas-mit-sieb-turmform-780-ml","status":"publish","type":"product","link":"https:\/\/aromasentia.com\/de\/teekanne-aus-glas-mit-sieb-turmform-780-ml\/","title":{"rendered":"Teekanne aus Glas mit Sieb &#8211; Turmform &#8211; 780 ml"},"content":{"rendered":"<p>Mit dieser turmf\u00f6rmigen Teekanne aus Glas mit einem Fassungsverm\u00f6gen von 780 ml k\u00f6nnen Sie Ihre losen Lieblingstees zubereiten und mit anderen teilen. Mit ihrem eleganten Design und dem eingebauten Teesieb eignet sie sich perfekt zum Servieren mehrerer Tassen.<\/p>\n","protected":false},"excerpt":{"rendered":"<p>Mit dieser turmf\u00f6rmigen Teekanne aus Glas mit einem Fassungsverm\u00f6gen von 780 ml k\u00f6nnen Sie Ihre losen Lieblingstees zubereiten und mit anderen teilen. Mit ihrem eleganten Design und dem eingebauten Teesieb eignet sie sich perfekt zum Servieren mehrerer Tassen.<\/p>\n","protected":false},"featured_media":433524,"comment_status":"closed","ping_status":"open","template":"","meta":{"_angie_page":false},"product_brand":[],"product_cat":[25041,26708],"product_tag":[],"class_list":{"0":"post-245807","1":"product","2":"type-product","3":"status-publish","4":"has-post-thumbnail","6":"product_cat-tee-und-teezubehor","7":"product_cat-teekannen-teetassen","8":"pa_collection-glass-infuser-teapot-de","9":"pa_made-in-china","11":"first","12":"instock","13":"purchasable","14":"product-type-simple"},"supplier_id":null,"supplier_sku":"GTeaP-07","barcode":null,"atum_controlled":true,"out_stock_date":null,"out_stock_threshold":null,"inheritable":false,"inbound_stock":null,"stock_on_hold":0,"sold_today":0,"sales_last_days":0,"reserved_stock":null,"customer_returns":null,"warehouse_damage":null,"lost_in_post":null,"other_logs":null,"out_stock_days":0,"lost_sales":0,"has_location":null,"update_date":"2026-04-27T07:06:18","atum_locations":[],"atum_stock_status":"instock","restock_status":false,"low_stock_amount":"","sales_update_date":"2025-09-03T00:14:19","calc_backorders":null,"_links":{"self":[{"href":"https:\/\/aromasentia.com\/de\/wp-json\/wp\/v2\/product\/245807","targetHints":{"allow":["GET"]}}],"collection":[{"href":"https:\/\/aromasentia.com\/de\/wp-json\/wp\/v2\/product"}],"about":[{"href":"https:\/\/aromasentia.com\/de\/wp-json\/wp\/v2\/types\/product"}],"replies":[{"embeddable":true,"href":"https:\/\/aromasentia.com\/de\/wp-json\/wp\/v2\/comments?post=245807"}],"version-history":[{"count":0,"href":"https:\/\/aromasentia.com\/de\/wp-json\/wp\/v2\/product\/245807\/revisions"}],"wp:featuredmedia":[{"embeddable":true,"href":"https:\/\/aromasentia.com\/de\/wp-json\/wp\/v2\/media\/433524"}],"wp:attachment":[{"href":"https:\/\/aromasentia.com\/de\/wp-json\/wp\/v2\/media?parent=245807"}],"wp:term":[{"taxonomy":"product_brand","embeddable":true,"href":"https:\/\/aromasentia.com\/de\/wp-json\/wp\/v2\/product_brand?post=245807"},{"taxonomy":"product_cat","embeddable":true,"href":"https:\/\/aromasentia.com\/de\/wp-json\/wp\/v2\/product_cat?post=245807"},{"taxonomy":"product_tag","embeddable":true,"href":"https:\/\/aromasentia.com\/de\/wp-json\/wp\/v2\/product_tag?post=245807"}],"curies":[{"name":"wp","href":"https:\/\/api.w.org\/{rel}","templated":true}]}}