{"id":245804,"date":"2025-03-23T11:47:46","date_gmt":"2025-03-23T11:47:46","guid":{"rendered":"https:\/\/aromasentia.com\/product\/glass-infuser-teapot-tower-shape-350ml-2\/"},"modified":"2025-12-30T20:50:06","modified_gmt":"2025-12-30T20:50:06","slug":"teekanne-aus-glas-mit-sieb-turmform-350-ml","status":"publish","type":"product","link":"https:\/\/aromasentia.com\/de\/teekanne-aus-glas-mit-sieb-turmform-350-ml\/","title":{"rendered":"Teekanne aus Glas mit Sieb &#8211; Turmform &#8211; 350 ml"},"content":{"rendered":"<p>Mit dieser turmf\u00f6rmigen Teekanne aus Glas mit einem Fassungsverm\u00f6gen von 350 ml k\u00f6nnen Sie Ihre losen Lieblingstees mit Eleganz aufbr\u00fchen. Ihr schlankes Design und das integrierte Teesieb machen sie perfekt f\u00fcr den Genuss einer einzelnen Portion Tee.<\/p>\n","protected":false},"excerpt":{"rendered":"<p>Mit dieser turmf\u00f6rmigen Teekanne aus Glas mit einem Fassungsverm\u00f6gen von 350 ml k\u00f6nnen Sie Ihre losen Lieblingstees mit Eleganz aufbr\u00fchen. Ihr schlankes Design und das integrierte Teesieb machen sie perfekt f\u00fcr den Genuss einer einzelnen Portion Tee.<\/p>\n","protected":false},"featured_media":433515,"comment_status":"closed","ping_status":"open","template":"","meta":{"_angie_page":false},"product_brand":[],"product_cat":[25041,26708],"product_tag":[],"class_list":{"0":"post-245804","1":"product","2":"type-product","3":"status-publish","4":"has-post-thumbnail","6":"product_cat-tee-und-teezubehor","7":"product_cat-teekannen-teetassen","8":"pa_collection-glass-infuser-teapot-de","9":"pa_made-in-china","11":"first","12":"instock","13":"purchasable","14":"product-type-simple"},"supplier_id":null,"supplier_sku":"GTeaP-06","barcode":null,"atum_controlled":true,"out_stock_date":null,"out_stock_threshold":null,"inheritable":false,"inbound_stock":null,"stock_on_hold":0,"sold_today":0,"sales_last_days":0,"reserved_stock":null,"customer_returns":null,"warehouse_damage":null,"lost_in_post":null,"other_logs":null,"out_stock_days":0,"lost_sales":0,"has_location":null,"update_date":"2026-04-27T07:06:18","atum_locations":[],"atum_stock_status":"instock","restock_status":false,"low_stock_amount":"","sales_update_date":"2026-01-30T01:24:45","calc_backorders":null,"_links":{"self":[{"href":"https:\/\/aromasentia.com\/de\/wp-json\/wp\/v2\/product\/245804","targetHints":{"allow":["GET"]}}],"collection":[{"href":"https:\/\/aromasentia.com\/de\/wp-json\/wp\/v2\/product"}],"about":[{"href":"https:\/\/aromasentia.com\/de\/wp-json\/wp\/v2\/types\/product"}],"replies":[{"embeddable":true,"href":"https:\/\/aromasentia.com\/de\/wp-json\/wp\/v2\/comments?post=245804"}],"version-history":[{"count":0,"href":"https:\/\/aromasentia.com\/de\/wp-json\/wp\/v2\/product\/245804\/revisions"}],"wp:featuredmedia":[{"embeddable":true,"href":"https:\/\/aromasentia.com\/de\/wp-json\/wp\/v2\/media\/433515"}],"wp:attachment":[{"href":"https:\/\/aromasentia.com\/de\/wp-json\/wp\/v2\/media?parent=245804"}],"wp:term":[{"taxonomy":"product_brand","embeddable":true,"href":"https:\/\/aromasentia.com\/de\/wp-json\/wp\/v2\/product_brand?post=245804"},{"taxonomy":"product_cat","embeddable":true,"href":"https:\/\/aromasentia.com\/de\/wp-json\/wp\/v2\/product_cat?post=245804"},{"taxonomy":"product_tag","embeddable":true,"href":"https:\/\/aromasentia.com\/de\/wp-json\/wp\/v2\/product_tag?post=245804"}],"curies":[{"name":"wp","href":"https:\/\/api.w.org\/{rel}","templated":true}]}}