{"id":245795,"date":"2025-03-23T11:47:46","date_gmt":"2025-03-23T11:47:46","guid":{"rendered":"https:\/\/aromasentia.com\/product\/glass-infuser-teapot-round-pearl-800ml-2\/"},"modified":"2025-12-30T20:50:06","modified_gmt":"2025-12-30T20:50:06","slug":"teekanne-aus-glas-mit-sieb-rund-perle-800ml","status":"publish","type":"product","link":"https:\/\/aromasentia.com\/de\/teekanne-aus-glas-mit-sieb-rund-perle-800ml\/","title":{"rendered":"Teekanne aus Glas mit Sieb &#8211; Rund Perle &#8211; 800ml"},"content":{"rendered":"<p>Eine sch\u00f6ne Tasse Tee geh\u00f6rt zu den einfachen Vergn\u00fcgungen des Lebens, also sollte es einfach sein, sie zuzubereiten. Von beruhigender Kamille bis zu augen\u00f6ffnendem Earl Grey. Diese Teekanne ist ideal f\u00fcr gro\u00dfe Blatt-Tees&nbsp;<\/p>\n<p>Mit der Ancient Wisdom Glass Infuser Teapot k\u00f6nnen sich Ihre Kunden zu jeder Tageszeit mit ihrem Lieblingstee verw\u00f6hnen. Diese gl\u00e4serne Teekanne ist eine sch\u00f6ne Erg\u00e4nzung f\u00fcr den Fr\u00fchst\u00fcckstisch oder das Teeservice am Nachmittag. Da Kr\u00e4utertee und alles, was damit zusammenh\u00e4ngt, voll im Trend liegt, l\u00e4sst sich diese Reihe von Teekannen-Sets leicht in Ihrem Gesch\u00e4ft ausstellen und ist ein perfektes Geschenk, verpackt in einer sch\u00f6nen Pr\u00e4sentationsbox. &nbsp;<strong>*Bitte stellen Sie sicher, dass der Deckel vor dem Einschenken fest verschlossen ist.<\/strong><\/p>\n<p><em>Schickes und modernes Design &#8211; Handw\u00e4sche wird empfohlen &#8211; Geschenkbox und BPA FREI&nbsp;<\/em><\/p>\n<p><strong>So gie\u00dfen Sie sich selbst etwas extra Umsatz. <\/strong><\/p>\n<p><strong>Produktgr\u00f6\u00dfe: 16x12x11cm &nbsp;Gewicht: 500g&nbsp;<\/strong><\/p>\n<p><strong>Material: Glas<\/strong><\/p>\n","protected":false},"excerpt":{"rendered":"<p>Eine sch\u00f6ne Tasse Tee geh\u00f6rt zu den einfachen Vergn\u00fcgungen des Lebens, also sollte es einfach sein, sie zuzubereiten. Von beruhigender Kamille bis zu augen\u00f6ffnendem Earl Grey. Diese Teekanne ist ideal f\u00fcr gro\u00dfe Blatt-Tees&nbsp; Mit der Ancient Wisdom Glass Infuser Teapot k\u00f6nnen sich Ihre Kunden zu jeder Tageszeit mit ihrem Lieblingstee verw\u00f6hnen. Diese gl\u00e4serne Teekanne ist [&hellip;]<\/p>\n","protected":false},"featured_media":433440,"comment_status":"closed","ping_status":"open","template":"","meta":{"_angie_page":false},"product_brand":[],"product_cat":[25041,26708],"product_tag":[],"class_list":{"0":"post-245795","1":"product","2":"type-product","3":"status-publish","4":"has-post-thumbnail","6":"product_cat-tee-und-teezubehor","7":"product_cat-teekannen-teetassen","8":"pa_collection-glass-infuser-teapot-de","9":"pa_made-in-china","11":"first","12":"instock","13":"purchasable","14":"product-type-simple"},"supplier_id":null,"supplier_sku":"GTeaP-11","barcode":null,"atum_controlled":true,"out_stock_date":null,"out_stock_threshold":null,"inheritable":false,"inbound_stock":null,"stock_on_hold":0,"sold_today":0,"sales_last_days":0,"reserved_stock":null,"customer_returns":null,"warehouse_damage":null,"lost_in_post":null,"other_logs":null,"out_stock_days":0,"lost_sales":0,"has_location":null,"update_date":"2026-04-27T07:06:18","atum_locations":[],"atum_stock_status":"instock","restock_status":false,"low_stock_amount":"","sales_update_date":"2026-02-06T00:02:39","calc_backorders":null,"_links":{"self":[{"href":"https:\/\/aromasentia.com\/de\/wp-json\/wp\/v2\/product\/245795","targetHints":{"allow":["GET"]}}],"collection":[{"href":"https:\/\/aromasentia.com\/de\/wp-json\/wp\/v2\/product"}],"about":[{"href":"https:\/\/aromasentia.com\/de\/wp-json\/wp\/v2\/types\/product"}],"replies":[{"embeddable":true,"href":"https:\/\/aromasentia.com\/de\/wp-json\/wp\/v2\/comments?post=245795"}],"version-history":[{"count":0,"href":"https:\/\/aromasentia.com\/de\/wp-json\/wp\/v2\/product\/245795\/revisions"}],"wp:featuredmedia":[{"embeddable":true,"href":"https:\/\/aromasentia.com\/de\/wp-json\/wp\/v2\/media\/433440"}],"wp:attachment":[{"href":"https:\/\/aromasentia.com\/de\/wp-json\/wp\/v2\/media?parent=245795"}],"wp:term":[{"taxonomy":"product_brand","embeddable":true,"href":"https:\/\/aromasentia.com\/de\/wp-json\/wp\/v2\/product_brand?post=245795"},{"taxonomy":"product_cat","embeddable":true,"href":"https:\/\/aromasentia.com\/de\/wp-json\/wp\/v2\/product_cat?post=245795"},{"taxonomy":"product_tag","embeddable":true,"href":"https:\/\/aromasentia.com\/de\/wp-json\/wp\/v2\/product_tag?post=245795"}],"curies":[{"name":"wp","href":"https:\/\/api.w.org\/{rel}","templated":true}]}}