{"id":245786,"date":"2025-03-23T11:47:46","date_gmt":"2025-03-23T11:47:46","guid":{"rendered":"https:\/\/aromasentia.com\/product\/glass-infuser-teapot-contemporary-550ml\/"},"modified":"2025-12-30T20:49:58","modified_gmt":"2025-12-30T20:49:58","slug":"teekanne-mit-edelstahlfilter-aus-glas-klassisch-550ml","status":"publish","type":"product","link":"https:\/\/aromasentia.com\/de\/teekanne-mit-edelstahlfilter-aus-glas-klassisch-550ml\/","title":{"rendered":"Teekanne mit Edelstahlfilter aus Glas- Klassisch &#8211; 550ml"},"content":{"rendered":"<p>Eine sch\u00f6ne Tasse Tee geh\u00f6rt zu den einfachen Freuden des Lebens, also sollte es einfach sein, sie zuzubereiten. Von beruhigender Kamille bis hin zu augen\u00f6ffnendem Earl Grey sind diese eleganten Teekannen f\u00fcr jeden losen Blatt-Tee geeignet.<\/p>\n<p>Mit der Ancient Wisdom Glass Infuser Teapot k\u00f6nnen sich Ihre Kunden zu jeder Tageszeit mit ihrem Lieblingsgetr\u00e4nk verw\u00f6hnen. Die Teekanne aus ultraklarem Glas mit Edelstahl-Einsatz enth\u00e4lt auch einen Edelstahl-Mikrofilter f\u00fcr lose Blatt-Tees oder Bl\u00fctentees. Diese Teekanne aus Glas ist eine sch\u00f6ne Erg\u00e4nzung f\u00fcr den Fr\u00fchst\u00fcckstisch oder das Teeservice am Nachmittag. Da Kr\u00e4utertee und alles, was damit zusammenh\u00e4ngt, voll im Trend liegt, ist diese Reihe von Teekannen-Sets leicht in Ihrem Gesch\u00e4ft zu pr\u00e4sentieren und ein perfektes Geschenk, verpackt in einer sch\u00f6nen Pr\u00e4sentationsbox, es ist das perfekte Geschenk f\u00fcr Tee-Liebhaber.<\/p>\n<p><strong>Schickes und modernes Design &#8211; &nbsp;Edelstahl-Ei &#8211; Handw\u00e4sche wird empfohlen &#8211; Geschenkkarton und BPA FREI&nbsp;<\/strong><\/p>\n<p><strong>So gie\u00dfen Sie sich etwas extra Umsatz. <\/strong><\/p>\n<p><strong>Produktgr\u00f6\u00dfe: 8,5x11cm &nbsp;Gewicht: 500g&nbsp;<\/strong><\/p>\n<p><strong>Material: Glas, Edelstahl<\/strong><\/p>\n","protected":false},"excerpt":{"rendered":"<p>Eine sch\u00f6ne Tasse Tee geh\u00f6rt zu den einfachen Freuden des Lebens, also sollte es einfach sein, sie zuzubereiten. Von beruhigender Kamille bis hin zu augen\u00f6ffnendem Earl Grey sind diese eleganten Teekannen f\u00fcr jeden losen Blatt-Tee geeignet. Mit der Ancient Wisdom Glass Infuser Teapot k\u00f6nnen sich Ihre Kunden zu jeder Tageszeit mit ihrem Lieblingsgetr\u00e4nk verw\u00f6hnen. Die [&hellip;]<\/p>\n","protected":false},"featured_media":433301,"comment_status":"closed","ping_status":"open","template":"","meta":{"_angie_page":false},"product_brand":[],"product_cat":[25041,26708],"product_tag":[],"class_list":{"0":"post-245786","1":"product","2":"type-product","3":"status-publish","4":"has-post-thumbnail","6":"product_cat-tee-und-teezubehor","7":"product_cat-teekannen-teetassen","8":"pa_collection-glass-infuser-teapot-de","9":"pa_made-in-china","11":"first","12":"instock","13":"purchasable","14":"product-type-simple"},"supplier_id":null,"supplier_sku":"GTeaP-03","barcode":null,"atum_controlled":true,"out_stock_date":null,"out_stock_threshold":null,"inheritable":false,"inbound_stock":null,"stock_on_hold":0,"sold_today":0,"sales_last_days":0,"reserved_stock":null,"customer_returns":null,"warehouse_damage":null,"lost_in_post":null,"other_logs":null,"out_stock_days":0,"lost_sales":0,"has_location":null,"update_date":"2026-04-27T07:06:18","atum_locations":[],"atum_stock_status":"instock","restock_status":false,"low_stock_amount":"","sales_update_date":"2025-09-03T00:14:19","calc_backorders":null,"_links":{"self":[{"href":"https:\/\/aromasentia.com\/de\/wp-json\/wp\/v2\/product\/245786","targetHints":{"allow":["GET"]}}],"collection":[{"href":"https:\/\/aromasentia.com\/de\/wp-json\/wp\/v2\/product"}],"about":[{"href":"https:\/\/aromasentia.com\/de\/wp-json\/wp\/v2\/types\/product"}],"replies":[{"embeddable":true,"href":"https:\/\/aromasentia.com\/de\/wp-json\/wp\/v2\/comments?post=245786"}],"version-history":[{"count":0,"href":"https:\/\/aromasentia.com\/de\/wp-json\/wp\/v2\/product\/245786\/revisions"}],"wp:featuredmedia":[{"embeddable":true,"href":"https:\/\/aromasentia.com\/de\/wp-json\/wp\/v2\/media\/433301"}],"wp:attachment":[{"href":"https:\/\/aromasentia.com\/de\/wp-json\/wp\/v2\/media?parent=245786"}],"wp:term":[{"taxonomy":"product_brand","embeddable":true,"href":"https:\/\/aromasentia.com\/de\/wp-json\/wp\/v2\/product_brand?post=245786"},{"taxonomy":"product_cat","embeddable":true,"href":"https:\/\/aromasentia.com\/de\/wp-json\/wp\/v2\/product_cat?post=245786"},{"taxonomy":"product_tag","embeddable":true,"href":"https:\/\/aromasentia.com\/de\/wp-json\/wp\/v2\/product_tag?post=245786"}],"curies":[{"name":"wp","href":"https:\/\/api.w.org\/{rel}","templated":true}]}}