{"id":245780,"date":"2025-03-23T11:48:41","date_gmt":"2025-03-23T11:48:41","guid":{"rendered":"https:\/\/aromasentia.com\/product\/glass-infuser-teapot-with-steamer-system-charcoal-1000ml\/"},"modified":"2025-12-30T20:49:58","modified_gmt":"2025-12-30T20:49:58","slug":"teekanne-aus-glas-mit-sieb-mit-dampfgarsystem-anthrazit-1000-ml","status":"publish","type":"product","link":"https:\/\/aromasentia.com\/de\/teekanne-aus-glas-mit-sieb-mit-dampfgarsystem-anthrazit-1000-ml\/","title":{"rendered":"Teekanne aus Glas mit Sieb &#8211; Mit Dampfgarsystem, Anthrazit &#8211; 1000 ml"},"content":{"rendered":"<p><strong>Gro\u00dfhandel Infuser Teapot: Tea Infuser Betriebsanleitung:<\/strong> F\u00fcllen Sie die Teekanne: F\u00fcllen Sie Wasser in die Teekanne, so dass sie etwa zu einem Drittel gef\u00fcllt ist. Losen Tee einf\u00fcllen: Geben Sie den losen Tee in den oberen Teil der inneren Kammer der Teekanne. Vergewissern Sie sich, dass die Teebl\u00e4tter gleichm\u00e4\u00dfig verteilt sind, aber f\u00fcllen Sie nicht zu viel ein.<\/p>\n<p><strong>Teekanne auf die Heizplatte stellen:<\/strong> Stellen Sie die Teekanne auf eine Heizplatte und schalten Sie sie ein. Ziel ist es, das Wasser zum Kochen zu bringen.<\/p>\n<p><strong>Perkolationsprozess: <\/strong>Wenn sich das Wasser erhitzt, sickert es durch die Leitung in der inneren Kammer nach oben und gelangt so auf den Tee. Der Tee f\u00e4ngt an, nach unten zu sickern und das Wasser mit Geschmack zu durchtr\u00e4nken.<\/p>\n<p><strong>Tee ziehen lassen<\/strong>: Lassen Sie den Tee die gew\u00fcnschte Zeit ziehen (in der Regel 3&ndash;5 Minuten, je nach Teesorte).<\/p>\n<p><strong>Tee servieren:<\/strong> Sobald der Tee durchgezogen ist, nehmen Sie die Teekanne von der hei\u00dfen Platte und servieren den Tee. <\/p>\n","protected":false},"excerpt":{"rendered":"<p>Gro\u00dfhandel Infuser Teapot: Tea Infuser Betriebsanleitung: F\u00fcllen Sie die Teekanne: F\u00fcllen Sie Wasser in die Teekanne, so dass sie etwa zu einem Drittel gef\u00fcllt ist. Losen Tee einf\u00fcllen: Geben Sie den losen Tee in den oberen Teil der inneren Kammer der Teekanne. Vergewissern Sie sich, dass die Teebl\u00e4tter gleichm\u00e4\u00dfig verteilt sind, aber f\u00fcllen Sie nicht [&hellip;]<\/p>\n","protected":false},"featured_media":433568,"comment_status":"closed","ping_status":"open","template":"","meta":{"_angie_page":false},"product_brand":[],"product_cat":[25041,26708],"product_tag":[],"class_list":{"0":"post-245780","1":"product","2":"type-product","3":"status-publish","4":"has-post-thumbnail","6":"product_cat-tee-und-teezubehor","7":"product_cat-teekannen-teetassen","8":"pa_collection-glass-infuser-teapot-de","9":"pa_made-in-china","11":"first","12":"instock","13":"purchasable","14":"product-type-simple"},"supplier_id":null,"supplier_sku":"GTeaP-14","barcode":null,"atum_controlled":true,"out_stock_date":null,"out_stock_threshold":null,"inheritable":false,"inbound_stock":null,"stock_on_hold":0,"sold_today":0,"sales_last_days":0,"reserved_stock":null,"customer_returns":null,"warehouse_damage":null,"lost_in_post":null,"other_logs":null,"out_stock_days":0,"lost_sales":0,"has_location":null,"update_date":"2026-04-27T07:06:18","atum_locations":[],"atum_stock_status":"instock","restock_status":false,"low_stock_amount":"","sales_update_date":"2026-01-20T05:14:23","calc_backorders":null,"_links":{"self":[{"href":"https:\/\/aromasentia.com\/de\/wp-json\/wp\/v2\/product\/245780","targetHints":{"allow":["GET"]}}],"collection":[{"href":"https:\/\/aromasentia.com\/de\/wp-json\/wp\/v2\/product"}],"about":[{"href":"https:\/\/aromasentia.com\/de\/wp-json\/wp\/v2\/types\/product"}],"replies":[{"embeddable":true,"href":"https:\/\/aromasentia.com\/de\/wp-json\/wp\/v2\/comments?post=245780"}],"version-history":[{"count":0,"href":"https:\/\/aromasentia.com\/de\/wp-json\/wp\/v2\/product\/245780\/revisions"}],"wp:featuredmedia":[{"embeddable":true,"href":"https:\/\/aromasentia.com\/de\/wp-json\/wp\/v2\/media\/433568"}],"wp:attachment":[{"href":"https:\/\/aromasentia.com\/de\/wp-json\/wp\/v2\/media?parent=245780"}],"wp:term":[{"taxonomy":"product_brand","embeddable":true,"href":"https:\/\/aromasentia.com\/de\/wp-json\/wp\/v2\/product_brand?post=245780"},{"taxonomy":"product_cat","embeddable":true,"href":"https:\/\/aromasentia.com\/de\/wp-json\/wp\/v2\/product_cat?post=245780"},{"taxonomy":"product_tag","embeddable":true,"href":"https:\/\/aromasentia.com\/de\/wp-json\/wp\/v2\/product_tag?post=245780"}],"curies":[{"name":"wp","href":"https:\/\/api.w.org\/{rel}","templated":true}]}}