{"id":245762,"date":"2025-03-23T12:10:29","date_gmt":"2025-03-23T12:10:29","guid":{"rendered":"https:\/\/aromasentia.com\/product\/huge-7-chakra-leather-book-10x13-200-pages\/"},"modified":"2025-12-30T20:49:58","modified_gmt":"2025-12-30T20:49:58","slug":"grosses-7-chakra-lederbuch-25x32-5cm-200-seiten","status":"publish","type":"product","link":"https:\/\/aromasentia.com\/de\/grosses-7-chakra-lederbuch-25x32-5cm-200-seiten\/","title":{"rendered":"Gro\u00dfes 7 Chakra Lederbuch- 25&#215;32.5cm  (200 Seiten)"},"content":{"rendered":"<p>Handgefertigtes Notizbuch mit Ledereinband, Schnallenverschluss. Die sch\u00f6nen Verzierungen auf dem Einband verleihen jedem Notizbuch seinen ganz eigenen Stil. <\/p>\n<p><span style=\"color: rgb(75, 80, 88);\"><strong>Gro\u00dfes 7-Chakra-Lederbuch \u2013 25 x 32,5 cm (200 Seiten)<\/strong><\/span><span style=\"color: rgb(141, 186, 216);\"><strong>kann als Notizbuch, Tagebuch oder Skizzenbuch verwendet werden. Es ist leicht zu transportieren und passt auf Reisen oder Gesch\u00e4ftsreisen in die Tasche. So k\u00f6nnen Ihre Kunden ihre Ideen jederzeit festhalten.<\/p>\n<p>Es wird jedem gefallen, der gerne reist, schreibt oder skizziert. Machen Sie ein tolles Geschenk f\u00fcr M\u00e4nner und Frauen, besonders Wiccans k\u00f6nnten sich dar\u00fcber freuen.&nbsp;<\/p>\n<p>Gr\u00f6\u00dfe des Notizbuchs: H\u00f6he 25 cm, Breite 32,5 cm<\/p>\n<p><strong>Notizbuch mit 200 Seiten<\/strong><\/p>\n<p><span style=\"color: rgb(141, 186, 216);\"><strong>Buchen Sie ein paar zus\u00e4tzliche Verk\u00e4ufe \u2013 das wird bestimmt ein Verkaufsschlager.<\/strong><\/span><\/p>\n","protected":false},"excerpt":{"rendered":"<p>Handgefertigtes Notizbuch mit Ledereinband, Schnallenverschluss. Die sch\u00f6nen Verzierungen auf dem Einband verleihen jedem Notizbuch seinen ganz eigenen Stil. Gro\u00dfes 7-Chakra-Lederbuch \u2013 25 x 32,5 cm (200 Seiten)kann als Notizbuch, Tagebuch oder Skizzenbuch verwendet werden. Es ist leicht zu transportieren und passt auf Reisen oder Gesch\u00e4ftsreisen in die Tasche. So k\u00f6nnen Ihre Kunden ihre Ideen jederzeit [&hellip;]<\/p>\n","protected":false},"featured_media":438717,"comment_status":"closed","ping_status":"open","template":"","meta":{"_angie_page":false},"product_brand":[],"product_cat":[14059,14060],"product_tag":[],"class_list":{"0":"post-245762","1":"product","2":"type-product","3":"status-publish","4":"has-post-thumbnail","6":"product_cat-notizbucher","7":"product_cat-vintage-geschenke-und-souvenirs","8":"pa_collection-leather-notebooks-diaries-de","9":"pa_made-in-indien","11":"first","12":"instock","13":"purchasable","14":"product-type-simple"},"supplier_id":null,"supplier_sku":"LBN-20","barcode":null,"atum_controlled":true,"out_stock_date":null,"out_stock_threshold":null,"inheritable":false,"inbound_stock":null,"stock_on_hold":0,"sold_today":0,"sales_last_days":0,"reserved_stock":null,"customer_returns":null,"warehouse_damage":null,"lost_in_post":null,"other_logs":null,"out_stock_days":0,"lost_sales":0,"has_location":null,"update_date":"2026-05-04T00:03:57","atum_locations":[],"atum_stock_status":"instock","restock_status":false,"low_stock_amount":"","sales_update_date":"2026-01-30T01:25:00","calc_backorders":null,"_links":{"self":[{"href":"https:\/\/aromasentia.com\/de\/wp-json\/wp\/v2\/product\/245762","targetHints":{"allow":["GET"]}}],"collection":[{"href":"https:\/\/aromasentia.com\/de\/wp-json\/wp\/v2\/product"}],"about":[{"href":"https:\/\/aromasentia.com\/de\/wp-json\/wp\/v2\/types\/product"}],"replies":[{"embeddable":true,"href":"https:\/\/aromasentia.com\/de\/wp-json\/wp\/v2\/comments?post=245762"}],"version-history":[{"count":0,"href":"https:\/\/aromasentia.com\/de\/wp-json\/wp\/v2\/product\/245762\/revisions"}],"wp:featuredmedia":[{"embeddable":true,"href":"https:\/\/aromasentia.com\/de\/wp-json\/wp\/v2\/media\/438717"}],"wp:attachment":[{"href":"https:\/\/aromasentia.com\/de\/wp-json\/wp\/v2\/media?parent=245762"}],"wp:term":[{"taxonomy":"product_brand","embeddable":true,"href":"https:\/\/aromasentia.com\/de\/wp-json\/wp\/v2\/product_brand?post=245762"},{"taxonomy":"product_cat","embeddable":true,"href":"https:\/\/aromasentia.com\/de\/wp-json\/wp\/v2\/product_cat?post=245762"},{"taxonomy":"product_tag","embeddable":true,"href":"https:\/\/aromasentia.com\/de\/wp-json\/wp\/v2\/product_tag?post=245762"}],"curies":[{"name":"wp","href":"https:\/\/api.w.org\/{rel}","templated":true}]}}