{"id":245756,"date":"2025-03-23T12:10:29","date_gmt":"2025-03-23T12:10:29","guid":{"rendered":"https:\/\/aromasentia.com\/product\/leather-black-onyx-with-belts-notebook-15x10-cm\/"},"modified":"2025-12-30T20:49:51","modified_gmt":"2025-12-30T20:49:51","slug":"ledernotizbuch-schwarzer-onyx-mit-guerteln-15x10-cm","status":"publish","type":"product","link":"https:\/\/aromasentia.com\/de\/ledernotizbuch-schwarzer-onyx-mit-guerteln-15x10-cm\/","title":{"rendered":"Ledernotizbuch &#8211; Schwarzer Onyx mit G\u00fcrteln 15&#215;10 cm"},"content":{"rendered":"<p><span style=\"color: rgb(75, 80, 88);\"><strong>Leder Notizbuch Schwarz Onyx mit Riemen 15&#215;10 cm<\/strong>ist ein Tagebuch mit Ledereinband. Das perfekte Geschenk f\u00fcr viele Anl\u00e4sse. Bringen Sie ein bisschen \u201eGame of Thrones\u201c-Magie in Ihren Shop. Details umfassen Schnallen, Metallverschl\u00fcsse, Wickelriemen und gebrannte Kanten (siehe Nr. 06). Jedes Notizbuch hat seinen eigenen, einzigartigen Stil und Zweck. Z. B. das Weltkarten-Design f\u00fcr ein Reisetagebuch. &nbsp;Die B\u00fccher k\u00f6nnen als Notizb\u00fccher, Tageb\u00fccher oder Skizzenb\u00fccher verwendet werden.<\/span><\/p>\n<p><span style=\"color: rgb(75, 80, 88);\"><em>\u2714 Beliebtes Geschenk zum Erwachsenwerden<\/em><\/span><\/p>\n<p><em><span style=\"color: rgb(75, 80, 88);\">\u2714 Tolle Pr\u00e4sentation im Laden \u2013 verkauft sich schnell<\/span><\/em><\/p>\n<p><span style=\"color: rgb(75, 80, 88);\"><em>\u2714 Gro\u00dfe B\u00fccher mit 200 Seiten \u2013 hergestellt aus umweltfreundlichem Papier<\/em><\/span><\/p>\n","protected":false},"excerpt":{"rendered":"<p>Leder Notizbuch Schwarz Onyx mit Riemen 15&#215;10 cmist ein Tagebuch mit Ledereinband. Das perfekte Geschenk f\u00fcr viele Anl\u00e4sse. Bringen Sie ein bisschen \u201eGame of Thrones\u201c-Magie in Ihren Shop. Details umfassen Schnallen, Metallverschl\u00fcsse, Wickelriemen und gebrannte Kanten (siehe Nr. 06). Jedes Notizbuch hat seinen eigenen, einzigartigen Stil und Zweck. Z. B. das Weltkarten-Design f\u00fcr ein Reisetagebuch. [&hellip;]<\/p>\n","protected":false},"featured_media":438667,"comment_status":"closed","ping_status":"open","template":"","meta":{"_angie_page":false},"product_brand":[],"product_cat":[25223,14059,25698,14060],"product_tag":[],"class_list":{"0":"post-245756","1":"product","2":"type-product","3":"status-publish","4":"has-post-thumbnail","6":"product_cat-edelsteine-mineralien","7":"product_cat-notizbucher","8":"product_cat-onyx","9":"product_cat-vintage-geschenke-und-souvenirs","10":"pa_collection-leather-notebooks-diaries-de","11":"pa_made-in-indien","13":"first","14":"instock","15":"purchasable","16":"product-type-simple"},"supplier_id":null,"supplier_sku":"LBN-18","barcode":null,"atum_controlled":true,"out_stock_date":null,"out_stock_threshold":null,"inheritable":false,"inbound_stock":null,"stock_on_hold":0,"sold_today":0,"sales_last_days":0,"reserved_stock":null,"customer_returns":null,"warehouse_damage":null,"lost_in_post":null,"other_logs":null,"out_stock_days":0,"lost_sales":0,"has_location":null,"update_date":"2026-04-27T07:10:42","atum_locations":[],"atum_stock_status":"instock","restock_status":false,"low_stock_amount":"","sales_update_date":"2026-02-06T00:01:50","calc_backorders":null,"_links":{"self":[{"href":"https:\/\/aromasentia.com\/de\/wp-json\/wp\/v2\/product\/245756","targetHints":{"allow":["GET"]}}],"collection":[{"href":"https:\/\/aromasentia.com\/de\/wp-json\/wp\/v2\/product"}],"about":[{"href":"https:\/\/aromasentia.com\/de\/wp-json\/wp\/v2\/types\/product"}],"replies":[{"embeddable":true,"href":"https:\/\/aromasentia.com\/de\/wp-json\/wp\/v2\/comments?post=245756"}],"version-history":[{"count":0,"href":"https:\/\/aromasentia.com\/de\/wp-json\/wp\/v2\/product\/245756\/revisions"}],"wp:featuredmedia":[{"embeddable":true,"href":"https:\/\/aromasentia.com\/de\/wp-json\/wp\/v2\/media\/438667"}],"wp:attachment":[{"href":"https:\/\/aromasentia.com\/de\/wp-json\/wp\/v2\/media?parent=245756"}],"wp:term":[{"taxonomy":"product_brand","embeddable":true,"href":"https:\/\/aromasentia.com\/de\/wp-json\/wp\/v2\/product_brand?post=245756"},{"taxonomy":"product_cat","embeddable":true,"href":"https:\/\/aromasentia.com\/de\/wp-json\/wp\/v2\/product_cat?post=245756"},{"taxonomy":"product_tag","embeddable":true,"href":"https:\/\/aromasentia.com\/de\/wp-json\/wp\/v2\/product_tag?post=245756"}],"curies":[{"name":"wp","href":"https:\/\/api.w.org\/{rel}","templated":true}]}}