{"id":245747,"date":"2025-03-23T12:11:56","date_gmt":"2025-03-23T12:11:56","guid":{"rendered":"https:\/\/aromasentia.com\/product\/brown-tan-book-evil-eye-decor-160-deckle-edges-pages-17x12-5cm\/"},"modified":"2025-12-30T20:49:51","modified_gmt":"2025-12-30T20:49:51","slug":"braunes-hellbraunes-buch-dekor-boeser-blick-200-seiten-175-x-13-x-3-cm","status":"publish","type":"product","link":"https:\/\/aromasentia.com\/de\/braunes-hellbraunes-buch-dekor-boeser-blick-200-seiten-175-x-13-x-3-cm\/","title":{"rendered":"Braunes, hellbraunes Buch \u2013 Dekor &#8222;B\u00f6ser Blick&#8220; \u2013 200 Seiten \u2013 17,5 x 13 x 3 cm"},"content":{"rendered":"<p>Bewahren Sie Ihre Notizen sicher auf mit diesem braunen Buch mit dem sch\u00fctzenden Evil Eye-Design. Mit 160 B\u00fcttenrandseiten und einer kompakten Gr\u00f6\u00dfe von 17&#215;12,5cm ist es perfekt f\u00fcr unterwegs oder als einzigartiges Andenken.<\/p>\n","protected":false},"excerpt":{"rendered":"<p>Bewahren Sie Ihre Notizen sicher auf mit diesem braunen Buch mit dem sch\u00fctzenden Evil Eye-Design. Mit 160 B\u00fcttenrandseiten und einer kompakten Gr\u00f6\u00dfe von 17&#215;12,5cm ist es perfekt f\u00fcr unterwegs oder als einzigartiges Andenken.<\/p>\n","protected":false},"featured_media":439527,"comment_status":"closed","ping_status":"open","template":"","meta":{"_angie_page":false},"product_brand":[],"product_cat":[14059,14060],"product_tag":[],"class_list":{"0":"post-245747","1":"product","2":"type-product","3":"status-publish","4":"has-post-thumbnail","6":"product_cat-notizbucher","7":"product_cat-vintage-geschenke-und-souvenirs","8":"pa_collection-leather-notebooks-diaries-de","9":"pa_made-in-indien","11":"first","12":"outofstock","13":"purchasable","14":"product-type-simple"},"supplier_id":null,"supplier_sku":"LBN-42","barcode":null,"atum_controlled":true,"out_stock_date":"2026-05-04 00:03:25","out_stock_threshold":null,"inheritable":false,"inbound_stock":null,"stock_on_hold":0,"sold_today":0,"sales_last_days":0,"reserved_stock":null,"customer_returns":null,"warehouse_damage":null,"lost_in_post":null,"other_logs":null,"out_stock_days":0,"lost_sales":0,"has_location":null,"update_date":"2026-05-04T00:03:57","atum_locations":[],"atum_stock_status":"outofstock","restock_status":false,"low_stock_amount":"","sales_update_date":"2026-02-06T00:01:43","calc_backorders":null,"_links":{"self":[{"href":"https:\/\/aromasentia.com\/de\/wp-json\/wp\/v2\/product\/245747","targetHints":{"allow":["GET"]}}],"collection":[{"href":"https:\/\/aromasentia.com\/de\/wp-json\/wp\/v2\/product"}],"about":[{"href":"https:\/\/aromasentia.com\/de\/wp-json\/wp\/v2\/types\/product"}],"replies":[{"embeddable":true,"href":"https:\/\/aromasentia.com\/de\/wp-json\/wp\/v2\/comments?post=245747"}],"version-history":[{"count":0,"href":"https:\/\/aromasentia.com\/de\/wp-json\/wp\/v2\/product\/245747\/revisions"}],"wp:featuredmedia":[{"embeddable":true,"href":"https:\/\/aromasentia.com\/de\/wp-json\/wp\/v2\/media\/439527"}],"wp:attachment":[{"href":"https:\/\/aromasentia.com\/de\/wp-json\/wp\/v2\/media?parent=245747"}],"wp:term":[{"taxonomy":"product_brand","embeddable":true,"href":"https:\/\/aromasentia.com\/de\/wp-json\/wp\/v2\/product_brand?post=245747"},{"taxonomy":"product_cat","embeddable":true,"href":"https:\/\/aromasentia.com\/de\/wp-json\/wp\/v2\/product_cat?post=245747"},{"taxonomy":"product_tag","embeddable":true,"href":"https:\/\/aromasentia.com\/de\/wp-json\/wp\/v2\/product_tag?post=245747"}],"curies":[{"name":"wp","href":"https:\/\/api.w.org\/{rel}","templated":true}]}}