{"id":245702,"date":"2025-03-23T12:13:23","date_gmt":"2025-03-23T12:13:23","guid":{"rendered":"https:\/\/aromasentia.com\/product\/two-dragons-esoteric-notebook-red-tan-200-pages-stich-edge-17-5x12-5x3cm\/"},"modified":"2025-12-30T20:49:44","modified_gmt":"2025-12-30T20:49:44","slug":"two-dragons-esoterisches-notizbuch-antikgrau-200-seiten-stichkante-175-x-125-x-3-cm","status":"publish","type":"product","link":"https:\/\/aromasentia.com\/de\/two-dragons-esoterisches-notizbuch-antikgrau-200-seiten-stichkante-175-x-125-x-3-cm\/","title":{"rendered":"Two Dragons &#8211; Esoterisches Notizbuch &#8211; Antikgrau &#8211; 200 Seiten Stichkante &#8211; 17,5 x 12,5 x 3 cm"},"content":{"rendered":"<p>Machen Sie sich die Kraft der Dualit\u00e4t zu eigen &#8211; mit diesem rotbraunen esoterischen Notizbuch im Zwei-Drachen-Design. Mit 200 gehefteten Seiten und einer Gr\u00f6\u00dfe von 17,5 x 12,5 x 3 cm eignet es sich perfekt f\u00fcr Tagebucheintr\u00e4ge, kreatives Schreiben oder pers\u00f6nliche Reflexionen.<\/p>\n","protected":false},"excerpt":{"rendered":"<p>Machen Sie sich die Kraft der Dualit\u00e4t zu eigen &#8211; mit diesem rotbraunen esoterischen Notizbuch im Zwei-Drachen-Design. Mit 200 gehefteten Seiten und einer Gr\u00f6\u00dfe von 17,5 x 12,5 x 3 cm eignet es sich perfekt f\u00fcr Tagebucheintr\u00e4ge, kreatives Schreiben oder pers\u00f6nliche Reflexionen.<\/p>\n","protected":false},"featured_media":439886,"comment_status":"closed","ping_status":"open","template":"","meta":[],"product_brand":[],"product_cat":[14059,14060],"product_tag":[],"class_list":{"0":"post-245702","1":"product","2":"type-product","3":"status-publish","4":"has-post-thumbnail","6":"product_cat-notizbucher","7":"product_cat-vintage-geschenke-und-souvenirs","8":"pa_collection-leather-notebooks-diaries-de","9":"pa_made-in-indien","11":"first","12":"outofstock","13":"purchasable","14":"product-type-simple"},"supplier_id":null,"supplier_sku":"LBN-57","barcode":null,"atum_controlled":true,"out_stock_date":"2026-01-04 19:36:23","out_stock_threshold":null,"inheritable":false,"inbound_stock":null,"stock_on_hold":0,"sold_today":0,"sales_last_days":0,"reserved_stock":null,"customer_returns":null,"warehouse_damage":null,"lost_in_post":null,"other_logs":null,"out_stock_days":25,"lost_sales":0,"has_location":null,"update_date":"2026-01-30T01:24:26","atum_locations":[],"atum_stock_status":"outofstock","restock_status":false,"low_stock_amount":"","sales_update_date":"2026-01-30T01:24:26","calc_backorders":null,"_links":{"self":[{"href":"https:\/\/aromasentia.com\/de\/wp-json\/wp\/v2\/product\/245702","targetHints":{"allow":["GET"]}}],"collection":[{"href":"https:\/\/aromasentia.com\/de\/wp-json\/wp\/v2\/product"}],"about":[{"href":"https:\/\/aromasentia.com\/de\/wp-json\/wp\/v2\/types\/product"}],"replies":[{"embeddable":true,"href":"https:\/\/aromasentia.com\/de\/wp-json\/wp\/v2\/comments?post=245702"}],"version-history":[{"count":0,"href":"https:\/\/aromasentia.com\/de\/wp-json\/wp\/v2\/product\/245702\/revisions"}],"wp:featuredmedia":[{"embeddable":true,"href":"https:\/\/aromasentia.com\/de\/wp-json\/wp\/v2\/media\/439886"}],"wp:attachment":[{"href":"https:\/\/aromasentia.com\/de\/wp-json\/wp\/v2\/media?parent=245702"}],"wp:term":[{"taxonomy":"product_brand","embeddable":true,"href":"https:\/\/aromasentia.com\/de\/wp-json\/wp\/v2\/product_brand?post=245702"},{"taxonomy":"product_cat","embeddable":true,"href":"https:\/\/aromasentia.com\/de\/wp-json\/wp\/v2\/product_cat?post=245702"},{"taxonomy":"product_tag","embeddable":true,"href":"https:\/\/aromasentia.com\/de\/wp-json\/wp\/v2\/product_tag?post=245702"}],"curies":[{"name":"wp","href":"https:\/\/api.w.org\/{rel}","templated":true}]}}