{"id":245696,"date":"2025-03-23T12:13:23","date_gmt":"2025-03-23T12:13:23","guid":{"rendered":"https:\/\/aromasentia.com\/product\/buddha-esoteric-notebook-red-tan-200-pages-stich-edge-17-5x12-5x3cm\/"},"modified":"2025-12-30T20:49:37","modified_gmt":"2025-12-30T20:49:37","slug":"buddha-esoterisches-notizbuch-antikgrau-200-seiten-mit-stichkante-175-x-125-x-3-cm","status":"publish","type":"product","link":"https:\/\/aromasentia.com\/de\/buddha-esoterisches-notizbuch-antikgrau-200-seiten-mit-stichkante-175-x-125-x-3-cm\/","title":{"rendered":"Buddha \u2013 Esoterisches Notizbuch \u2013 Antikgrau \u2013 200 Seiten mit Stichkante \u2013 17,5 x 12,5 x 3 cm"},"content":{"rendered":"<p>Lassen Sie sich von diesem rotbraunen esoterischen Notizbuch mit Buddha-Motiv inspirieren. Mit 200 gehefteten Seiten und einer Gr\u00f6\u00dfe von 17,5 x 12,5 x 3 cm eignet es sich perfekt f\u00fcr Tagebucheintr\u00e4ge, spirituelle Notizen oder kreative Texte.<\/p>\n","protected":false},"excerpt":{"rendered":"<p>Lassen Sie sich von diesem rotbraunen esoterischen Notizbuch mit Buddha-Motiv inspirieren. Mit 200 gehefteten Seiten und einer Gr\u00f6\u00dfe von 17,5 x 12,5 x 3 cm eignet es sich perfekt f\u00fcr Tagebucheintr\u00e4ge, spirituelle Notizen oder kreative Texte.<\/p>\n","protected":false},"featured_media":439844,"comment_status":"closed","ping_status":"open","template":"","meta":{"_angie_page":false},"product_brand":[],"product_cat":[14059,14060],"product_tag":[],"class_list":{"0":"post-245696","1":"product","2":"type-product","3":"status-publish","4":"has-post-thumbnail","6":"product_cat-notizbucher","7":"product_cat-vintage-geschenke-und-souvenirs","8":"pa_collection-leather-notebooks-diaries-de","9":"pa_made-in-indien","11":"first","12":"instock","13":"purchasable","14":"product-type-simple"},"supplier_id":null,"supplier_sku":"LBN-55","barcode":null,"atum_controlled":true,"out_stock_date":null,"out_stock_threshold":null,"inheritable":false,"inbound_stock":null,"stock_on_hold":0,"sold_today":0,"sales_last_days":0,"reserved_stock":null,"customer_returns":null,"warehouse_damage":null,"lost_in_post":null,"other_logs":null,"out_stock_days":0,"lost_sales":0,"has_location":null,"update_date":"2026-04-29T06:53:35","atum_locations":[],"atum_stock_status":"instock","restock_status":false,"low_stock_amount":"","sales_update_date":"2026-01-30T01:24:30","calc_backorders":null,"_links":{"self":[{"href":"https:\/\/aromasentia.com\/de\/wp-json\/wp\/v2\/product\/245696","targetHints":{"allow":["GET"]}}],"collection":[{"href":"https:\/\/aromasentia.com\/de\/wp-json\/wp\/v2\/product"}],"about":[{"href":"https:\/\/aromasentia.com\/de\/wp-json\/wp\/v2\/types\/product"}],"replies":[{"embeddable":true,"href":"https:\/\/aromasentia.com\/de\/wp-json\/wp\/v2\/comments?post=245696"}],"version-history":[{"count":0,"href":"https:\/\/aromasentia.com\/de\/wp-json\/wp\/v2\/product\/245696\/revisions"}],"wp:featuredmedia":[{"embeddable":true,"href":"https:\/\/aromasentia.com\/de\/wp-json\/wp\/v2\/media\/439844"}],"wp:attachment":[{"href":"https:\/\/aromasentia.com\/de\/wp-json\/wp\/v2\/media?parent=245696"}],"wp:term":[{"taxonomy":"product_brand","embeddable":true,"href":"https:\/\/aromasentia.com\/de\/wp-json\/wp\/v2\/product_brand?post=245696"},{"taxonomy":"product_cat","embeddable":true,"href":"https:\/\/aromasentia.com\/de\/wp-json\/wp\/v2\/product_cat?post=245696"},{"taxonomy":"product_tag","embeddable":true,"href":"https:\/\/aromasentia.com\/de\/wp-json\/wp\/v2\/product_tag?post=245696"}],"curies":[{"name":"wp","href":"https:\/\/api.w.org\/{rel}","templated":true}]}}