{"id":245681,"date":"2025-03-23T12:13:23","date_gmt":"2025-03-23T12:13:23","guid":{"rendered":"https:\/\/aromasentia.com\/product\/large-book-of-shadows-black-200-pages-decle-edged-25x18x3cm\/"},"modified":"2025-12-30T20:49:37","modified_gmt":"2025-12-30T20:49:37","slug":"grosses-buch-der-schatten-schwarz-200-seiten-mit-buettenrand-25x18x3cm","status":"publish","type":"product","link":"https:\/\/aromasentia.com\/de\/grosses-buch-der-schatten-schwarz-200-seiten-mit-buettenrand-25x18x3cm\/","title":{"rendered":"Gro\u00dfes Buch der Schatten &#8211; Schwarz &#8211; 200 Seiten mit B\u00fcttenrand &#8211; 25x18x3cm"},"content":{"rendered":"<p>Dokumentiere deine spirituelle Reise in diesem gro\u00dfen schwarzen Buch der Schatten. Mit seinen 200 B\u00fcttenrandseiten und den Ma\u00dfen 25x18x3cm ist es perfekt f\u00fcr die Aufzeichnung von Zauberspr\u00fcchen, Ritualen und pers\u00f6nlichen Reflexionen.<\/p>\n","protected":false},"excerpt":{"rendered":"<p>Dokumentiere deine spirituelle Reise in diesem gro\u00dfen schwarzen Buch der Schatten. Mit seinen 200 B\u00fcttenrandseiten und den Ma\u00dfen 25x18x3cm ist es perfekt f\u00fcr die Aufzeichnung von Zauberspr\u00fcchen, Ritualen und pers\u00f6nlichen Reflexionen.<\/p>\n","protected":false},"featured_media":439695,"comment_status":"closed","ping_status":"open","template":"","meta":{"_angie_page":false},"product_brand":[],"product_cat":[14059,14060],"product_tag":[],"class_list":{"0":"post-245681","1":"product","2":"type-product","3":"status-publish","4":"has-post-thumbnail","6":"product_cat-notizbucher","7":"product_cat-vintage-geschenke-und-souvenirs","8":"pa_collection-leather-notebooks-diaries-de","9":"pa_made-in-indien","11":"first","12":"instock","13":"purchasable","14":"product-type-simple"},"supplier_id":null,"supplier_sku":"LBN-50","barcode":null,"atum_controlled":true,"out_stock_date":null,"out_stock_threshold":null,"inheritable":false,"inbound_stock":null,"stock_on_hold":0,"sold_today":0,"sales_last_days":0,"reserved_stock":null,"customer_returns":null,"warehouse_damage":null,"lost_in_post":null,"other_logs":null,"out_stock_days":0,"lost_sales":0,"has_location":null,"update_date":"2026-05-04T00:03:57","atum_locations":[],"atum_stock_status":"instock","restock_status":false,"low_stock_amount":"","sales_update_date":"2026-01-30T01:24:31","calc_backorders":null,"_links":{"self":[{"href":"https:\/\/aromasentia.com\/de\/wp-json\/wp\/v2\/product\/245681","targetHints":{"allow":["GET"]}}],"collection":[{"href":"https:\/\/aromasentia.com\/de\/wp-json\/wp\/v2\/product"}],"about":[{"href":"https:\/\/aromasentia.com\/de\/wp-json\/wp\/v2\/types\/product"}],"replies":[{"embeddable":true,"href":"https:\/\/aromasentia.com\/de\/wp-json\/wp\/v2\/comments?post=245681"}],"version-history":[{"count":0,"href":"https:\/\/aromasentia.com\/de\/wp-json\/wp\/v2\/product\/245681\/revisions"}],"wp:featuredmedia":[{"embeddable":true,"href":"https:\/\/aromasentia.com\/de\/wp-json\/wp\/v2\/media\/439695"}],"wp:attachment":[{"href":"https:\/\/aromasentia.com\/de\/wp-json\/wp\/v2\/media?parent=245681"}],"wp:term":[{"taxonomy":"product_brand","embeddable":true,"href":"https:\/\/aromasentia.com\/de\/wp-json\/wp\/v2\/product_brand?post=245681"},{"taxonomy":"product_cat","embeddable":true,"href":"https:\/\/aromasentia.com\/de\/wp-json\/wp\/v2\/product_cat?post=245681"},{"taxonomy":"product_tag","embeddable":true,"href":"https:\/\/aromasentia.com\/de\/wp-json\/wp\/v2\/product_tag?post=245681"}],"curies":[{"name":"wp","href":"https:\/\/api.w.org\/{rel}","templated":true}]}}