{"id":245645,"date":"2025-03-23T12:14:33","date_gmt":"2025-03-23T12:14:33","guid":{"rendered":"https:\/\/aromasentia.com\/product\/black-money-cat-15cm\/"},"modified":"2025-12-30T20:49:29","modified_gmt":"2025-12-30T20:49:29","slug":"schwarze-geldkatze-15cm","status":"publish","type":"product","link":"https:\/\/aromasentia.com\/de\/schwarze-geldkatze-15cm\/","title":{"rendered":"Schwarze Geldkatze- 15cm"},"content":{"rendered":"<p><span style=\"color: rgb(75, 80, 88);\">1 x AAA-Batterie<\/span><\/p>\n<p><span style=\"color: rgb(75, 80, 88);\">Diese chinesischen Winkekatzen sind ein Symbol der alten Weisheit und bringen dem Besitzer Geld, Besitz, Wohlstand, Gesch\u00e4ftsm\u00f6glichkeiten und Freunde. Sie winken ihren Besitzern Gl\u00fcck.<\/span><\/p>\n<p><span style=\"color: rgb(75, 80, 88);\">Die linke Hand bewegt sich winkend hin und her, was Reichtum und Gl\u00fcck anzieht.<\/span><\/p>\n<p><span style=\"color: rgb(75, 80, 88);\">Sie werden mit einer oder zwei AA- und AAA-Batterien betrieben (nicht im Lieferumfang enthalten).<\/span><\/p>\n<p><span style=\"color: rgb(75, 80, 88);\">Bitte beachten: Das Batteriefach hat keinen Abdeckung und hat auch keinen Ein-\/Aus-Schalter, da es so konzipiert ist, dass es st\u00e4ndig winkt.<\/span><\/p>\n<p><span style=\"color: rgb(75, 80, 88);\">Sie bringen Geld in Ihr Haus?<\/span><\/p>\n","protected":false},"excerpt":{"rendered":"<p>1 x AAA-Batterie Diese chinesischen Winkekatzen sind ein Symbol der alten Weisheit und bringen dem Besitzer Geld, Besitz, Wohlstand, Gesch\u00e4ftsm\u00f6glichkeiten und Freunde. Sie winken ihren Besitzern Gl\u00fcck. Die linke Hand bewegt sich winkend hin und her, was Reichtum und Gl\u00fcck anzieht. Sie werden mit einer oder zwei AA- und AAA-Batterien betrieben (nicht im Lieferumfang enthalten). [&hellip;]<\/p>\n","protected":false},"featured_media":440014,"comment_status":"closed","ping_status":"open","template":"","meta":[],"product_brand":[],"product_cat":[14408,14060],"product_tag":[],"class_list":{"0":"post-245645","1":"product","2":"type-product","3":"status-publish","4":"has-post-thumbnail","6":"product_cat-feng-shui-und-tibetische-kollektion","7":"product_cat-vintage-geschenke-und-souvenirs","8":"pa_collection-lucky-waving-chinese-cat-de","9":"pa_made-in-china","11":"first","12":"instock","13":"purchasable","14":"product-type-simple"},"supplier_id":null,"supplier_sku":"MCAT-07","barcode":null,"atum_controlled":true,"out_stock_date":null,"out_stock_threshold":null,"inheritable":false,"inbound_stock":null,"stock_on_hold":0,"sold_today":0,"sales_last_days":0,"reserved_stock":null,"customer_returns":null,"warehouse_damage":null,"lost_in_post":null,"other_logs":null,"out_stock_days":0,"lost_sales":0,"has_location":null,"update_date":"2026-02-10T08:33:00","atum_locations":[],"atum_stock_status":"instock","restock_status":false,"low_stock_amount":"","sales_update_date":"2025-09-03T00:25:47","calc_backorders":null,"_links":{"self":[{"href":"https:\/\/aromasentia.com\/de\/wp-json\/wp\/v2\/product\/245645","targetHints":{"allow":["GET"]}}],"collection":[{"href":"https:\/\/aromasentia.com\/de\/wp-json\/wp\/v2\/product"}],"about":[{"href":"https:\/\/aromasentia.com\/de\/wp-json\/wp\/v2\/types\/product"}],"replies":[{"embeddable":true,"href":"https:\/\/aromasentia.com\/de\/wp-json\/wp\/v2\/comments?post=245645"}],"version-history":[{"count":0,"href":"https:\/\/aromasentia.com\/de\/wp-json\/wp\/v2\/product\/245645\/revisions"}],"wp:featuredmedia":[{"embeddable":true,"href":"https:\/\/aromasentia.com\/de\/wp-json\/wp\/v2\/media\/440014"}],"wp:attachment":[{"href":"https:\/\/aromasentia.com\/de\/wp-json\/wp\/v2\/media?parent=245645"}],"wp:term":[{"taxonomy":"product_brand","embeddable":true,"href":"https:\/\/aromasentia.com\/de\/wp-json\/wp\/v2\/product_brand?post=245645"},{"taxonomy":"product_cat","embeddable":true,"href":"https:\/\/aromasentia.com\/de\/wp-json\/wp\/v2\/product_cat?post=245645"},{"taxonomy":"product_tag","embeddable":true,"href":"https:\/\/aromasentia.com\/de\/wp-json\/wp\/v2\/product_tag?post=245645"}],"curies":[{"name":"wp","href":"https:\/\/api.w.org\/{rel}","templated":true}]}}