{"id":245639,"date":"2025-03-23T12:14:33","date_gmt":"2025-03-23T12:14:33","guid":{"rendered":"https:\/\/aromasentia.com\/product\/solar-powered-money-cat\/"},"modified":"2025-12-30T20:49:29","modified_gmt":"2025-12-30T20:49:29","slug":"winkende-chinesische-katzen-solarbetrieben","status":"publish","type":"product","link":"https:\/\/aromasentia.com\/de\/winkende-chinesische-katzen-solarbetrieben\/","title":{"rendered":"Winkende Chinesische Katzen solarbetrieben"},"content":{"rendered":"<p><strong><span style=\"color: rgb(75, 80, 88);\">Aroma Sentia Solarbetriebene Geldkatze<\/span><\/strong><span style=\"color: rgb(75, 80, 88);\">,<\/span><\/p>\n<p><span style=\"color: rgb(75, 80, 88);\">Diese solarbetriebene chinesische Winkekatze bringt ihrem Besitzer Geld, Besitz, Wohlstand, Gesch\u00e4ftsm\u00f6glichkeiten und Freunde und winkt ihren Besitzern Gl\u00fcck zu.<\/span><\/p>\n<p><span style=\"color: rgb(75, 80, 88);\">Die linke Hand bewegt sich winkend hin und her, was hilft, Wohlstand und Gl\u00fcck anzuziehen. <\/span><\/p>\n<p><span style=\"color: rgb(141, 186, 216);\"><strong>Sie werden mit einer oder zwei AA- und AAA-Batterien betrieben (nicht im Lieferumfang enthalten).<\/strong><\/span><\/p>\n<p><span style=\"color: rgb(141, 186, 216);\"><strong>Bitte beachten: Das Batteriefach hat keine Abdeckung und auch keinen Ein-\/Ausschalter, da es so konzipiert ist, dass es st\u00e4ndig vibriert.<\/strong><\/span><\/p>\n","protected":false},"excerpt":{"rendered":"<p>Aroma Sentia Solarbetriebene Geldkatze, Diese solarbetriebene chinesische Winkekatze bringt ihrem Besitzer Geld, Besitz, Wohlstand, Gesch\u00e4ftsm\u00f6glichkeiten und Freunde und winkt ihren Besitzern Gl\u00fcck zu. Die linke Hand bewegt sich winkend hin und her, was hilft, Wohlstand und Gl\u00fcck anzuziehen. Sie werden mit einer oder zwei AA- und AAA-Batterien betrieben (nicht im Lieferumfang enthalten). Bitte beachten: Das [&hellip;]<\/p>\n","protected":false},"featured_media":439988,"comment_status":"closed","ping_status":"open","template":"","meta":[],"product_brand":[],"product_cat":[14408,14060],"product_tag":[],"class_list":{"0":"post-245639","1":"product","2":"type-product","3":"status-publish","4":"has-post-thumbnail","6":"product_cat-feng-shui-und-tibetische-kollektion","7":"product_cat-vintage-geschenke-und-souvenirs","8":"pa_collection-lucky-waving-chinese-cat-de","9":"pa_made-in-china","11":"first","12":"instock","13":"purchasable","14":"product-type-simple"},"supplier_id":null,"supplier_sku":"MCAT-05","barcode":null,"atum_controlled":true,"out_stock_date":null,"out_stock_threshold":null,"inheritable":false,"inbound_stock":null,"stock_on_hold":0,"sold_today":0,"sales_last_days":0,"reserved_stock":null,"customer_returns":null,"warehouse_damage":null,"lost_in_post":null,"other_logs":null,"out_stock_days":0,"lost_sales":0,"has_location":null,"update_date":"2026-02-09T08:36:43","atum_locations":[],"atum_stock_status":"instock","restock_status":false,"low_stock_amount":"","sales_update_date":"2026-01-20T05:13:48","calc_backorders":null,"_links":{"self":[{"href":"https:\/\/aromasentia.com\/de\/wp-json\/wp\/v2\/product\/245639","targetHints":{"allow":["GET"]}}],"collection":[{"href":"https:\/\/aromasentia.com\/de\/wp-json\/wp\/v2\/product"}],"about":[{"href":"https:\/\/aromasentia.com\/de\/wp-json\/wp\/v2\/types\/product"}],"replies":[{"embeddable":true,"href":"https:\/\/aromasentia.com\/de\/wp-json\/wp\/v2\/comments?post=245639"}],"version-history":[{"count":0,"href":"https:\/\/aromasentia.com\/de\/wp-json\/wp\/v2\/product\/245639\/revisions"}],"wp:featuredmedia":[{"embeddable":true,"href":"https:\/\/aromasentia.com\/de\/wp-json\/wp\/v2\/media\/439988"}],"wp:attachment":[{"href":"https:\/\/aromasentia.com\/de\/wp-json\/wp\/v2\/media?parent=245639"}],"wp:term":[{"taxonomy":"product_brand","embeddable":true,"href":"https:\/\/aromasentia.com\/de\/wp-json\/wp\/v2\/product_brand?post=245639"},{"taxonomy":"product_cat","embeddable":true,"href":"https:\/\/aromasentia.com\/de\/wp-json\/wp\/v2\/product_cat?post=245639"},{"taxonomy":"product_tag","embeddable":true,"href":"https:\/\/aromasentia.com\/de\/wp-json\/wp\/v2\/product_tag?post=245639"}],"curies":[{"name":"wp","href":"https:\/\/api.w.org\/{rel}","templated":true}]}}