{"id":245603,"date":"2025-03-23T12:15:38","date_gmt":"2025-03-23T12:15:38","guid":{"rendered":"https:\/\/aromasentia.com\/product\/mango-carved-tea-box-4-compartments-15x15x8cm\/"},"modified":"2025-12-30T20:49:15","modified_gmt":"2025-12-30T20:49:15","slug":"teebox-mit-mangoschnitzerei-4-faecher-15-x-15-x-8-cm","status":"publish","type":"product","link":"https:\/\/aromasentia.com\/de\/teebox-mit-mangoschnitzerei-4-faecher-15-x-15-x-8-cm\/","title":{"rendered":"Teebox mit Mangoschnitzerei (4 F\u00e4cher) \u2013 15 x 15 x 8 cm"},"content":{"rendered":"<p><span style=\"color: rgb(75, 80, 88);\"><strong>Entdecken Sie ein Produkt, das Sch\u00f6nheit, Funktionalit\u00e4t und Nachhaltigkeit vereint.<\/strong> Diese&nbsp;<\/span>Mango Carved Tea <span style=\"color: rgb(75, 80, 88);\">Boxen mit 4 F\u00e4chern und einem Verschluss sind handgefertigt aus Mangoholz und wurden von Kunsthandwerkern in Indien sorgf\u00e4ltig von Hand geschnitzt. Sie eignen sich perfekt zum Ordnen und Pr\u00e4sentieren von Teesammlungen.&nbsp;<\/span><\/p>\n<p><span style=\"color: rgb(75, 80, 88);\">Sie bringen Funktionalit\u00e4t mit einem Hauch von rustikalem Charme in jede K\u00fcche oder Ladenauslage. Au\u00dferdem vervollst\u00e4ndigen die Messingverschl\u00fcsse den Vintage-Look und halten den Tee frisch und das Aroma erhalten.<\/span><\/p>\n<p><span style=\"color: rgb(75, 80, 88);\">Ob Sie Wohndekor, K\u00fcchengeschirr oder Teespezialit\u00e4ten verkaufen, diese vielseitigen Teeboxen sind ein Muss f\u00fcr Ihr Gesch\u00e4ft.&nbsp;<\/span><\/p>\n<p><span style=\"color: rgb(75, 80, 88);\"><strong><em>Gr\u00f6\u00dfe:&nbsp;<\/em><\/strong><\/span><\/p>\n<p><span style=\"color: rgb(75, 80, 88);\"><strong><em>15 x 15 x 8 cm &nbsp;<\/em><\/strong><\/span><\/p>\n<p><span style=\"color: rgb(141, 186, 216);\"><strong>Sie f\u00fcgen sich nahtlos in jedes Inventar ein und bieten eine umweltbewusste Aufbewahrungsl\u00f6sung, die ebenso praktisch wie wundersch\u00f6n.<\/strong><\/span><\/p>\n","protected":false},"excerpt":{"rendered":"<p>Entdecken Sie ein Produkt, das Sch\u00f6nheit, Funktionalit\u00e4t und Nachhaltigkeit vereint. Diese&nbsp;Mango Carved Tea Boxen mit 4 F\u00e4chern und einem Verschluss sind handgefertigt aus Mangoholz und wurden von Kunsthandwerkern in Indien sorgf\u00e4ltig von Hand geschnitzt. Sie eignen sich perfekt zum Ordnen und Pr\u00e4sentieren von Teesammlungen.&nbsp; Sie bringen Funktionalit\u00e4t mit einem Hauch von rustikalem Charme in jede [&hellip;]<\/p>\n","protected":false},"featured_media":667956,"comment_status":"closed","ping_status":"open","template":"","meta":[],"product_brand":[],"product_cat":[14143,14142],"product_tag":[],"class_list":{"0":"post-245603","1":"product","2":"type-product","3":"status-publish","4":"has-post-thumbnail","6":"product_cat-aufbewahrung-geschenke-und-geschenkboxen","7":"product_cat-geschenkverpackung","8":"pa_collection-hand-carved-mango-wood-tea-boxes-de","9":"pa_made-in-indien","11":"first","12":"instock","13":"purchasable","14":"product-type-simple"},"supplier_id":null,"supplier_sku":"TeaBx-01","barcode":null,"atum_controlled":true,"out_stock_date":null,"out_stock_threshold":null,"inheritable":false,"inbound_stock":null,"stock_on_hold":0,"sold_today":0,"sales_last_days":0,"reserved_stock":null,"customer_returns":null,"warehouse_damage":null,"lost_in_post":null,"other_logs":null,"out_stock_days":0,"lost_sales":0,"has_location":null,"update_date":"2026-02-10T10:24:00","atum_locations":[],"atum_stock_status":"instock","restock_status":false,"low_stock_amount":"","sales_update_date":"2026-01-20T05:14:12","calc_backorders":null,"_links":{"self":[{"href":"https:\/\/aromasentia.com\/de\/wp-json\/wp\/v2\/product\/245603","targetHints":{"allow":["GET"]}}],"collection":[{"href":"https:\/\/aromasentia.com\/de\/wp-json\/wp\/v2\/product"}],"about":[{"href":"https:\/\/aromasentia.com\/de\/wp-json\/wp\/v2\/types\/product"}],"replies":[{"embeddable":true,"href":"https:\/\/aromasentia.com\/de\/wp-json\/wp\/v2\/comments?post=245603"}],"version-history":[{"count":0,"href":"https:\/\/aromasentia.com\/de\/wp-json\/wp\/v2\/product\/245603\/revisions"}],"wp:featuredmedia":[{"embeddable":true,"href":"https:\/\/aromasentia.com\/de\/wp-json\/wp\/v2\/media\/667956"}],"wp:attachment":[{"href":"https:\/\/aromasentia.com\/de\/wp-json\/wp\/v2\/media?parent=245603"}],"wp:term":[{"taxonomy":"product_brand","embeddable":true,"href":"https:\/\/aromasentia.com\/de\/wp-json\/wp\/v2\/product_brand?post=245603"},{"taxonomy":"product_cat","embeddable":true,"href":"https:\/\/aromasentia.com\/de\/wp-json\/wp\/v2\/product_cat?post=245603"},{"taxonomy":"product_tag","embeddable":true,"href":"https:\/\/aromasentia.com\/de\/wp-json\/wp\/v2\/product_tag?post=245603"}],"curies":[{"name":"wp","href":"https:\/\/api.w.org\/{rel}","templated":true}]}}