{"id":245594,"date":"2025-03-23T12:15:38","date_gmt":"2025-03-23T12:15:38","guid":{"rendered":"https:\/\/aromasentia.com\/product\/small-notebook-with-strap-waves-in-the-same-sea\/"},"modified":"2025-12-30T20:49:15","modified_gmt":"2025-12-30T20:49:15","slug":"kleines-notizbuch-mit-riemen-wellen-im-selben-meer","status":"publish","type":"product","link":"https:\/\/aromasentia.com\/de\/kleines-notizbuch-mit-riemen-wellen-im-selben-meer\/","title":{"rendered":"Kleines Notizbuch mit Riemen &#8211; Wellen im selben Meer"},"content":{"rendered":"<p>Dieses <strong>Aroma Sentia <\/strong> Designer-Notizbuch<span style=\"color: rgb(141, 186, 216);\"><strong>Kleines Notizbuch mit Riemen \u2013 Wellen im selben Baum<\/strong><\/span> ist wirklich erstaunlich!<\/p>\n<p>Jedes Notizbuch enth\u00e4lt <strong>200 Seiten<\/strong> aus seltenem antikem Recyclingpapier. Die Seiten sind unliniert, sodass Ihre Kunden kreativ sein und entweder schreiben oder skizzieren k\u00f6nnen, oder beides.<\/p>\n<p>Das Notizbuch in idealer Gr\u00f6\u00dfe mit Riemen und Kokosnussknopf ist ein toller Anmachspruch in jedem Geschenkladen. Gut zum Ausstellen im Laden \u2013 ein Verkaufsschlager.<\/p>\n<p style=\"text-align: left;\"><em>* 200 Seiten umweltfreundliches Papier*<\/em><\/p>\n<p style=\"text-align: left;\"><em>* Gr\u00f6\u00dfe: 18 x 12,5 cm<\/em><\/p>\n<p style=\"text-align: left;\"><em>* Riemen mit Kokosnussknopf<\/em><\/p>\n<p style=\"text-align: left;\"><em>* Sch\u00f6nes, trendiges Zitat<\/em><\/p>\n<p style=\"text-align: left;\"><em>* Handgefertigt in Indien<\/em><\/p>\n<p>&nbsp;<span style=\"color: rgb(141, 186, 216);\"><strong>Der Verkaufsschlager in jedem Geschenkartikelladen. Sichern Sie sich jetzt zus\u00e4tzliche Angebote.<\/strong><\/span><\/p>\n","protected":false},"excerpt":{"rendered":"<p>Dieses Aroma Sentia Designer-NotizbuchKleines Notizbuch mit Riemen \u2013 Wellen im selben Baum ist wirklich erstaunlich! Jedes Notizbuch enth\u00e4lt 200 Seiten aus seltenem antikem Recyclingpapier. Die Seiten sind unliniert, sodass Ihre Kunden kreativ sein und entweder schreiben oder skizzieren k\u00f6nnen, oder beides. Das Notizbuch in idealer Gr\u00f6\u00dfe mit Riemen und Kokosnussknopf ist ein toller Anmachspruch in [&hellip;]<\/p>\n","protected":false},"featured_media":440746,"comment_status":"closed","ping_status":"open","template":"","meta":{"_angie_page":false},"product_brand":[],"product_cat":[14059,14060],"product_tag":[],"class_list":{"0":"post-245594","1":"product","2":"type-product","3":"status-publish","4":"has-post-thumbnail","6":"product_cat-notizbucher","7":"product_cat-vintage-geschenke-und-souvenirs","8":"pa_collection-designer-notebooks-de","9":"pa_made-in-indien","11":"first","12":"instock","13":"purchasable","14":"product-type-simple"},"supplier_id":null,"supplier_sku":"PNB-01","barcode":null,"atum_controlled":true,"out_stock_date":null,"out_stock_threshold":null,"inheritable":false,"inbound_stock":null,"stock_on_hold":0,"sold_today":0,"sales_last_days":0,"reserved_stock":null,"customer_returns":null,"warehouse_damage":null,"lost_in_post":null,"other_logs":null,"out_stock_days":0,"lost_sales":0,"has_location":null,"update_date":"2026-04-27T07:18:09","atum_locations":[],"atum_stock_status":"instock","restock_status":false,"low_stock_amount":"","sales_update_date":"2026-01-30T01:24:42","calc_backorders":null,"_links":{"self":[{"href":"https:\/\/aromasentia.com\/de\/wp-json\/wp\/v2\/product\/245594","targetHints":{"allow":["GET"]}}],"collection":[{"href":"https:\/\/aromasentia.com\/de\/wp-json\/wp\/v2\/product"}],"about":[{"href":"https:\/\/aromasentia.com\/de\/wp-json\/wp\/v2\/types\/product"}],"replies":[{"embeddable":true,"href":"https:\/\/aromasentia.com\/de\/wp-json\/wp\/v2\/comments?post=245594"}],"version-history":[{"count":0,"href":"https:\/\/aromasentia.com\/de\/wp-json\/wp\/v2\/product\/245594\/revisions"}],"wp:featuredmedia":[{"embeddable":true,"href":"https:\/\/aromasentia.com\/de\/wp-json\/wp\/v2\/media\/440746"}],"wp:attachment":[{"href":"https:\/\/aromasentia.com\/de\/wp-json\/wp\/v2\/media?parent=245594"}],"wp:term":[{"taxonomy":"product_brand","embeddable":true,"href":"https:\/\/aromasentia.com\/de\/wp-json\/wp\/v2\/product_brand?post=245594"},{"taxonomy":"product_cat","embeddable":true,"href":"https:\/\/aromasentia.com\/de\/wp-json\/wp\/v2\/product_cat?post=245594"},{"taxonomy":"product_tag","embeddable":true,"href":"https:\/\/aromasentia.com\/de\/wp-json\/wp\/v2\/product_tag?post=245594"}],"curies":[{"name":"wp","href":"https:\/\/api.w.org\/{rel}","templated":true}]}}