{"id":245591,"date":"2025-03-23T12:15:38","date_gmt":"2025-03-23T12:15:38","guid":{"rendered":"https:\/\/aromasentia.com\/product\/handmade-leather-journal-our-family-adventure-book-brown-80-pages\/"},"modified":"2025-12-30T20:49:15","modified_gmt":"2025-12-30T20:49:15","slug":"handgemachtes-ledertagebuch-unser-familienabenteuerbuch-braun-80-seiten","status":"publish","type":"product","link":"https:\/\/aromasentia.com\/de\/handgemachtes-ledertagebuch-unser-familienabenteuerbuch-braun-80-seiten\/","title":{"rendered":"Handgemachtes Ledertagebuch- Unser Familienabenteuerbuch &#8211; Braun  (80 Seiten)"},"content":{"rendered":"<p>Das einzigartige Vintage-Geschenk f\u00fcr Ihre Lieben zu vielen Anl\u00e4ssen. D\u00fcnne, nachf\u00fcllbare Hefte mit tollen Pr\u00e4gemotiven.&nbsp;<\/p>\n<p>Viele Farben und Stile. Handgefertigte Lederjournale k\u00f6nnen als Notizb\u00fccher, Tageb\u00fccher oder Skizzenb\u00fccher verwendet werden.&nbsp;<\/p>\n<p>Wickelband \u2013 sehr edel.&nbsp;<\/p>\n<p>\u2714 Beliebtes Geschenk zum Erwachsenwerden<br \/>\u2714 Tolle Pr\u00e4sentation im Laden \u2013 verkauft sich schnell<br \/>\u2714 80 leere Seiten \u2013 hergestellt aus umweltfreundlichem Papier<br \/>\u2714 Gr\u00f6\u00dfe 22 x 12 x 1,5 cm<br \/>\u2714 5 verschiedene Farben<\/p>\n<p>Sichern Sie sich zus\u00e4tzliche Verk\u00e4ufe \u2013 garantiert ein Verkaufsschlager im Laden<\/p>\n","protected":false},"excerpt":{"rendered":"<p>Das einzigartige Vintage-Geschenk f\u00fcr Ihre Lieben zu vielen Anl\u00e4ssen. D\u00fcnne, nachf\u00fcllbare Hefte mit tollen Pr\u00e4gemotiven.&nbsp; Viele Farben und Stile. Handgefertigte Lederjournale k\u00f6nnen als Notizb\u00fccher, Tageb\u00fccher oder Skizzenb\u00fccher verwendet werden.&nbsp; Wickelband \u2013 sehr edel.&nbsp; \u2714 Beliebtes Geschenk zum Erwachsenwerden\u2714 Tolle Pr\u00e4sentation im Laden \u2013 verkauft sich schnell\u2714 80 leere Seiten \u2013 hergestellt aus umweltfreundlichem Papier\u2714 Gr\u00f6\u00dfe [&hellip;]<\/p>\n","protected":false},"featured_media":670519,"comment_status":"closed","ping_status":"open","template":"","meta":{"_angie_page":false},"product_brand":[],"product_cat":[14059,14060],"product_tag":[],"class_list":{"0":"post-245591","1":"product","2":"type-product","3":"status-publish","4":"has-post-thumbnail","6":"product_cat-notizbucher","7":"product_cat-vintage-geschenke-und-souvenirs","8":"pa_collection-leather-message-journals-de","9":"pa_made-in-indien","11":"first","12":"outofstock","13":"purchasable","14":"product-type-simple"},"supplier_id":null,"supplier_sku":"MSJ-14","barcode":null,"atum_controlled":true,"out_stock_date":"2026-04-25 16:43:59","out_stock_threshold":null,"inheritable":false,"inbound_stock":null,"stock_on_hold":0,"sold_today":0,"sales_last_days":0,"reserved_stock":null,"customer_returns":null,"warehouse_damage":null,"lost_in_post":null,"other_logs":null,"out_stock_days":0,"lost_sales":0,"has_location":null,"update_date":"2026-04-27T07:14:23","atum_locations":[],"atum_stock_status":"outofstock","restock_status":false,"low_stock_amount":"","sales_update_date":"2026-01-30T01:24:29","calc_backorders":null,"_links":{"self":[{"href":"https:\/\/aromasentia.com\/de\/wp-json\/wp\/v2\/product\/245591","targetHints":{"allow":["GET"]}}],"collection":[{"href":"https:\/\/aromasentia.com\/de\/wp-json\/wp\/v2\/product"}],"about":[{"href":"https:\/\/aromasentia.com\/de\/wp-json\/wp\/v2\/types\/product"}],"replies":[{"embeddable":true,"href":"https:\/\/aromasentia.com\/de\/wp-json\/wp\/v2\/comments?post=245591"}],"version-history":[{"count":0,"href":"https:\/\/aromasentia.com\/de\/wp-json\/wp\/v2\/product\/245591\/revisions"}],"wp:featuredmedia":[{"embeddable":true,"href":"https:\/\/aromasentia.com\/de\/wp-json\/wp\/v2\/media\/670519"}],"wp:attachment":[{"href":"https:\/\/aromasentia.com\/de\/wp-json\/wp\/v2\/media?parent=245591"}],"wp:term":[{"taxonomy":"product_brand","embeddable":true,"href":"https:\/\/aromasentia.com\/de\/wp-json\/wp\/v2\/product_brand?post=245591"},{"taxonomy":"product_cat","embeddable":true,"href":"https:\/\/aromasentia.com\/de\/wp-json\/wp\/v2\/product_cat?post=245591"},{"taxonomy":"product_tag","embeddable":true,"href":"https:\/\/aromasentia.com\/de\/wp-json\/wp\/v2\/product_tag?post=245591"}],"curies":[{"name":"wp","href":"https:\/\/api.w.org\/{rel}","templated":true}]}}