{"id":245549,"date":"2025-03-23T12:17:27","date_gmt":"2025-03-23T12:17:27","guid":{"rendered":"https:\/\/aromasentia.com\/product\/artisan-made-ukulele-classic-natural-finish-4-string\/"},"modified":"2025-12-30T20:49:08","modified_gmt":"2025-12-30T20:49:08","slug":"von-hand-gefertigte-ukulele-klassisches-natur-finish-4-saiten","status":"publish","type":"product","link":"https:\/\/aromasentia.com\/de\/von-hand-gefertigte-ukulele-klassisches-natur-finish-4-saiten\/","title":{"rendered":"Von Hand gefertigte Ukulele \u2013 klassisches Natur-Finish (4 Saiten)"},"content":{"rendered":"<p><span style=\"color: rgb(75, 80, 88);\">Diese 4-saitige Ukulele wurde sorgf\u00e4ltig in Indonesien gefertigt und besticht durch ihr nat\u00fcrliches Holzfinish, das ihr zeitloses und elegantes Design unterstreicht. Jedes St\u00fcck ist mit Liebe zum Detail gefertigt, was ein hochwertiges Instrument mit warmen, lebendigen T\u00f6nen f\u00fcr verschiedene Musikstile garantiert.<\/span><\/p>\n<p><span style=\"color: rgb(75, 80, 88);\">Diese leichte und tragbare Ukulele ist ideal f\u00fcr Anf\u00e4nger und erfahrene Spieler und somit eine vielseitige Wahl f\u00fcr Musikliebhaber jeden Alters. Ihr klassisches Design und die au\u00dfergew\u00f6hnliche Verarbeitung machen sie zu einer herausragenden Erg\u00e4nzung f\u00fcr Geschenkartikell\u00e4den oder Lifestyle-Boutiquen.<\/span><\/p>\n","protected":false},"excerpt":{"rendered":"<p>Diese 4-saitige Ukulele wurde sorgf\u00e4ltig in Indonesien gefertigt und besticht durch ihr nat\u00fcrliches Holzfinish, das ihr zeitloses und elegantes Design unterstreicht. Jedes St\u00fcck ist mit Liebe zum Detail gefertigt, was ein hochwertiges Instrument mit warmen, lebendigen T\u00f6nen f\u00fcr verschiedene Musikstile garantiert. Diese leichte und tragbare Ukulele ist ideal f\u00fcr Anf\u00e4nger und erfahrene Spieler und somit [&hellip;]<\/p>\n","protected":false},"featured_media":667970,"comment_status":"closed","ping_status":"open","template":"","meta":[],"product_brand":[],"product_cat":[25000,14060],"product_tag":[],"class_list":{"0":"post-245549","1":"product","2":"type-product","3":"status-publish","4":"has-post-thumbnail","6":"product_cat-handgefertigte-ukulelen","7":"product_cat-vintage-geschenke-und-souvenirs","8":"pa_collection-artisan-made-ukuleles-de","9":"pa_made-in-indonesien","11":"first","12":"instock","13":"purchasable","14":"product-type-simple"},"supplier_id":null,"supplier_sku":"VGit-01","barcode":null,"atum_controlled":true,"out_stock_date":null,"out_stock_threshold":null,"inheritable":false,"inbound_stock":null,"stock_on_hold":0,"sold_today":0,"sales_last_days":0,"reserved_stock":null,"customer_returns":null,"warehouse_damage":null,"lost_in_post":null,"other_logs":null,"out_stock_days":0,"lost_sales":0,"has_location":null,"update_date":"2026-01-29T22:38:11","atum_locations":[],"atum_stock_status":"instock","restock_status":false,"low_stock_amount":"","sales_update_date":"2025-09-03T00:25:39","calc_backorders":null,"_links":{"self":[{"href":"https:\/\/aromasentia.com\/de\/wp-json\/wp\/v2\/product\/245549","targetHints":{"allow":["GET"]}}],"collection":[{"href":"https:\/\/aromasentia.com\/de\/wp-json\/wp\/v2\/product"}],"about":[{"href":"https:\/\/aromasentia.com\/de\/wp-json\/wp\/v2\/types\/product"}],"replies":[{"embeddable":true,"href":"https:\/\/aromasentia.com\/de\/wp-json\/wp\/v2\/comments?post=245549"}],"version-history":[{"count":0,"href":"https:\/\/aromasentia.com\/de\/wp-json\/wp\/v2\/product\/245549\/revisions"}],"wp:featuredmedia":[{"embeddable":true,"href":"https:\/\/aromasentia.com\/de\/wp-json\/wp\/v2\/media\/667970"}],"wp:attachment":[{"href":"https:\/\/aromasentia.com\/de\/wp-json\/wp\/v2\/media?parent=245549"}],"wp:term":[{"taxonomy":"product_brand","embeddable":true,"href":"https:\/\/aromasentia.com\/de\/wp-json\/wp\/v2\/product_brand?post=245549"},{"taxonomy":"product_cat","embeddable":true,"href":"https:\/\/aromasentia.com\/de\/wp-json\/wp\/v2\/product_cat?post=245549"},{"taxonomy":"product_tag","embeddable":true,"href":"https:\/\/aromasentia.com\/de\/wp-json\/wp\/v2\/product_tag?post=245549"}],"curies":[{"name":"wp","href":"https:\/\/api.w.org\/{rel}","templated":true}]}}