{"id":245543,"date":"2025-03-23T12:17:27","date_gmt":"2025-03-23T12:17:27","guid":{"rendered":"https:\/\/aromasentia.com\/product\/vintage-deco-multi-purpose-box-22x12x10cm-antique-lines\/"},"modified":"2025-12-30T20:49:00","modified_gmt":"2025-12-30T20:49:00","slug":"vintage-deco-mehrzweckbox-22-x-12-x-10-cm-antike-linien","status":"publish","type":"product","link":"https:\/\/aromasentia.com\/de\/vintage-deco-mehrzweckbox-22-x-12-x-10-cm-antike-linien\/","title":{"rendered":"Vintage Deco \u2013 Mehrzweckbox \u2013 22 x 12 x 10 cm \u2013 antike Linien"},"content":{"rendered":"<p><span style=\"color: rgb(75, 80, 88);\">Tauchen Sie ein in die warme Atmosph\u00e4re unserer <strong>Antique Lines Vintage Deco Box<\/strong><\/span> <\/p>\n<p><span style=\"color: rgb(75, 80, 88);\">Das dunkelbraune Holz mit den eleganten Linien auf dem Deckel vermittelt ein Gef\u00fchl zeitloser Eleganz. Das Vintage-inspirierte Design und die satte braune Farbe machen sie zu einer perfekten Erg\u00e4nzung f\u00fcr verschiedene Einrichtungsstile.<\/span><\/p>\n<p><span style=\"color: rgb(75, 80, 88);\">Diese Mehrzweckbox eignet sich ideal zum Ordnen einer Vielzahl von Gegenst\u00e4nden, <strong>von Schmuck und Nippes bis hin zu B\u00fcromaterial<\/strong>, und verleiht Ihren Aufbewahrungsl\u00f6sungen einen Hauch von Nostalgie. &nbsp;<\/span><\/p>\n<p><span style=\"color: rgb(75, 80, 88);\"><strong>Abmessungen:<\/strong>&nbsp;<\/span><em><span style=\"color: rgb(75, 80, 88);\">22x12x10cm<\/span><\/em><\/p>\n","protected":false},"excerpt":{"rendered":"<p>Tauchen Sie ein in die warme Atmosph\u00e4re unserer Antique Lines Vintage Deco Box Das dunkelbraune Holz mit den eleganten Linien auf dem Deckel vermittelt ein Gef\u00fchl zeitloser Eleganz. Das Vintage-inspirierte Design und die satte braune Farbe machen sie zu einer perfekten Erg\u00e4nzung f\u00fcr verschiedene Einrichtungsstile. Diese Mehrzweckbox eignet sich ideal zum Ordnen einer Vielzahl von [&hellip;]<\/p>\n","protected":false},"featured_media":668040,"comment_status":"closed","ping_status":"open","template":"","meta":[],"product_brand":[],"product_cat":[14143,14142],"product_tag":[],"class_list":{"0":"post-245543","1":"product","2":"type-product","3":"status-publish","4":"has-post-thumbnail","6":"product_cat-aufbewahrung-geschenke-und-geschenkboxen","7":"product_cat-geschenkverpackung","8":"pa_collection-vintage-deco-boxes-de","9":"pa_made-in-indien","11":"first","12":"instock","13":"purchasable","14":"product-type-simple"},"supplier_id":null,"supplier_sku":"VDBox-04","barcode":null,"atum_controlled":true,"out_stock_date":null,"out_stock_threshold":null,"inheritable":false,"inbound_stock":null,"stock_on_hold":0,"sold_today":0,"sales_last_days":0,"reserved_stock":null,"customer_returns":null,"warehouse_damage":null,"lost_in_post":null,"other_logs":null,"out_stock_days":0,"lost_sales":0,"has_location":null,"update_date":"2026-02-06T00:01:49","atum_locations":[],"atum_stock_status":"instock","restock_status":false,"low_stock_amount":"","sales_update_date":"2026-02-06T00:01:49","calc_backorders":null,"_links":{"self":[{"href":"https:\/\/aromasentia.com\/de\/wp-json\/wp\/v2\/product\/245543","targetHints":{"allow":["GET"]}}],"collection":[{"href":"https:\/\/aromasentia.com\/de\/wp-json\/wp\/v2\/product"}],"about":[{"href":"https:\/\/aromasentia.com\/de\/wp-json\/wp\/v2\/types\/product"}],"replies":[{"embeddable":true,"href":"https:\/\/aromasentia.com\/de\/wp-json\/wp\/v2\/comments?post=245543"}],"version-history":[{"count":0,"href":"https:\/\/aromasentia.com\/de\/wp-json\/wp\/v2\/product\/245543\/revisions"}],"wp:featuredmedia":[{"embeddable":true,"href":"https:\/\/aromasentia.com\/de\/wp-json\/wp\/v2\/media\/668040"}],"wp:attachment":[{"href":"https:\/\/aromasentia.com\/de\/wp-json\/wp\/v2\/media?parent=245543"}],"wp:term":[{"taxonomy":"product_brand","embeddable":true,"href":"https:\/\/aromasentia.com\/de\/wp-json\/wp\/v2\/product_brand?post=245543"},{"taxonomy":"product_cat","embeddable":true,"href":"https:\/\/aromasentia.com\/de\/wp-json\/wp\/v2\/product_cat?post=245543"},{"taxonomy":"product_tag","embeddable":true,"href":"https:\/\/aromasentia.com\/de\/wp-json\/wp\/v2\/product_tag?post=245543"}],"curies":[{"name":"wp","href":"https:\/\/api.w.org\/{rel}","templated":true}]}}