{"id":245534,"date":"2025-03-23T12:17:27","date_gmt":"2025-03-23T12:17:27","guid":{"rendered":"https:\/\/aromasentia.com\/product\/tree-of-life-dreamcatcher-cotton-22cm-assorted\/"},"modified":"2025-12-30T20:49:00","modified_gmt":"2025-12-30T20:49:00","slug":"baum-des-lebens-traumfaenger-baumwolle-22cm-sortiert","status":"publish","type":"product","link":"https:\/\/aromasentia.com\/de\/baum-des-lebens-traumfaenger-baumwolle-22cm-sortiert\/","title":{"rendered":"Baum des Lebens Traumf\u00e4nger &#8211; Baumwolle 22cm (sortiert)"},"content":{"rendered":"<p>Die amerikanischen Ureinwohner glauben, dass die Nacht gute und schlechte Tr\u00e4ume bringt. Der Traumf\u00e4nger, der neben dem Bett h\u00e4ngt, f\u00e4ngt die Tr\u00e4ume ein. Die guten Tr\u00e4ume finden den Weg durch den Traumf\u00e4nger, die schlechten Tr\u00e4ume, die den Weg nicht kennen, verfangen sich im Traumf\u00e4nger und vergehen mit dem ersten Licht der Morgend\u00e4mmerung. Auf Bali sind die Einheimischen eng mit der Geisterwelt verbunden und haben den Traumf\u00e4nger \u00fcbernommen und seine Kraft erneuert. Dieser Traumf\u00e4nger wurde mit Liebe und Segen hergestellt. S\u00fc\u00dfe Tr\u00e4ume. Das Gewicht des Traumf\u00e4ngers betr\u00e4gt 97 g. Ma\u00dfe: Durchmesser 22 cm, L\u00e4nge 66 cm.<\/p>\n","protected":false},"excerpt":{"rendered":"<p>Die amerikanischen Ureinwohner glauben, dass die Nacht gute und schlechte Tr\u00e4ume bringt. Der Traumf\u00e4nger, der neben dem Bett h\u00e4ngt, f\u00e4ngt die Tr\u00e4ume ein. Die guten Tr\u00e4ume finden den Weg durch den Traumf\u00e4nger, die schlechten Tr\u00e4ume, die den Weg nicht kennen, verfangen sich im Traumf\u00e4nger und vergehen mit dem ersten Licht der Morgend\u00e4mmerung. Auf Bali sind [&hellip;]<\/p>\n","protected":false},"featured_media":668026,"comment_status":"closed","ping_status":"open","template":"","meta":[],"product_brand":[],"product_cat":[14451,14452,14060],"product_tag":[],"class_list":{"0":"post-245534","1":"product","2":"type-product","3":"status-publish","4":"has-post-thumbnail","6":"product_cat-haus-und-gartendeko","7":"product_cat-makramees-und-traumfanger","8":"product_cat-vintage-geschenke-und-souvenirs","9":"pa_collection-macrame-dreamcatcher-tree-of-life-de","10":"pa_made-in-indonesien","12":"first","13":"instock","14":"purchasable","15":"product-type-simple"},"supplier_id":null,"supplier_sku":"TOLD-03","barcode":null,"atum_controlled":true,"out_stock_date":null,"out_stock_threshold":null,"inheritable":false,"inbound_stock":null,"stock_on_hold":0,"sold_today":0,"sales_last_days":0,"reserved_stock":null,"customer_returns":null,"warehouse_damage":null,"lost_in_post":null,"other_logs":null,"out_stock_days":0,"lost_sales":0,"has_location":null,"update_date":"2026-02-06T00:02:13","atum_locations":[],"atum_stock_status":"instock","restock_status":false,"low_stock_amount":"","sales_update_date":"2026-02-06T00:02:13","calc_backorders":null,"_links":{"self":[{"href":"https:\/\/aromasentia.com\/de\/wp-json\/wp\/v2\/product\/245534","targetHints":{"allow":["GET"]}}],"collection":[{"href":"https:\/\/aromasentia.com\/de\/wp-json\/wp\/v2\/product"}],"about":[{"href":"https:\/\/aromasentia.com\/de\/wp-json\/wp\/v2\/types\/product"}],"replies":[{"embeddable":true,"href":"https:\/\/aromasentia.com\/de\/wp-json\/wp\/v2\/comments?post=245534"}],"version-history":[{"count":0,"href":"https:\/\/aromasentia.com\/de\/wp-json\/wp\/v2\/product\/245534\/revisions"}],"wp:featuredmedia":[{"embeddable":true,"href":"https:\/\/aromasentia.com\/de\/wp-json\/wp\/v2\/media\/668026"}],"wp:attachment":[{"href":"https:\/\/aromasentia.com\/de\/wp-json\/wp\/v2\/media?parent=245534"}],"wp:term":[{"taxonomy":"product_brand","embeddable":true,"href":"https:\/\/aromasentia.com\/de\/wp-json\/wp\/v2\/product_brand?post=245534"},{"taxonomy":"product_cat","embeddable":true,"href":"https:\/\/aromasentia.com\/de\/wp-json\/wp\/v2\/product_cat?post=245534"},{"taxonomy":"product_tag","embeddable":true,"href":"https:\/\/aromasentia.com\/de\/wp-json\/wp\/v2\/product_tag?post=245534"}],"curies":[{"name":"wp","href":"https:\/\/api.w.org\/{rel}","templated":true}]}}