{"id":245504,"date":"2025-03-23T12:22:08","date_gmt":"2025-03-23T12:22:08","guid":{"rendered":"https:\/\/aromasentia.com\/product\/medium-notebook-with-strap-chakra-mandala\/"},"modified":"2025-12-30T20:48:53","modified_gmt":"2025-12-30T20:48:53","slug":"mittleres-notizbuch-mit-riemen-chakra-mandala","status":"publish","type":"product","link":"https:\/\/aromasentia.com\/de\/mittleres-notizbuch-mit-riemen-chakra-mandala\/","title":{"rendered":"Mittleres Notizbuch mit Riemen &#8211; Chakra-Mandala"},"content":{"rendered":"<p><span style=\"color: rgb(75, 80, 88);\"><strong>Mittelgro\u00dfes<\/strong> <strong>Notizbuch mit Riemen \u2013 Chakra-Mandala<\/strong> ist wirklich erstaunlich und einzigartig. Handgefertigt aus pflanzlich gegerbtem indischem Leder und Papier.<\/span><\/p>\n<p><span style=\"color: rgb(75, 80, 88);\">Die pflanzliche Gerbung war bis ins 20. Jahrhundert die wichtigste Gerbmethode und gewinnt heute wieder an Bedeutung. Dabei werden Extrakte aus Rinden, Bl\u00e4ttern, Fr\u00fcchten, Beeren, Wurzeln und Holz verwendet. Diese Gerbmethode ist sicher f\u00fcr die Umwelt und auch f\u00fcr die Lederarbeiter.<\/span><\/p>\n<p><span style=\"color: rgb(75, 80, 88);\">Pflanzlich gegerbtes Leder kann atmen. Es kann bis zu 2 Wochen dauern, bis es trocknet und eine sch\u00f6ne beige Farbe annimmt. Mit der Zeit dringen Elemente der Natur in die Maserung ein und verst\u00e4rken so seinen authentischen und erdigen Charakter. Dieses Notizbuch wird mit der Zeit wundersch\u00f6n altern.<\/span><\/p>\n<p><span style=\"color: rgb(75, 80, 88);\">Vielleicht gefallen Ihnen auch unsere<\/span><a href=\"https:\/\/aromasentia.com\/msj\"><span style=\"color: rgb(75, 80, 88);\"><strong>Handgefertigten Ledertageb\u00fccher<\/strong><\/span><\/a><span style=\"color: rgb(75, 80, 88);\">oder<\/span><a href=\"https:\/\/aromasentia.com\/pnb\"><span style=\"color: rgb(75, 80, 88);\"><strong>Designer-Notizb\u00fccher.<\/strong><\/span><\/a><\/p>\n<p><span style=\"color: rgb(75, 80, 88);\">Das Notizbuch hat eine gute Gr\u00f6\u00dfe, einen Riemen und ist ein toller Anmachspruch f\u00fcr jedes Geschenk. Shop. Es enth\u00e4lt unlinierte Seiten, sodass Ihre Kunden schreiben oder skizzieren k\u00f6nnen; gedruckte Linien schr\u00e4nken ihre Kreativit\u00e4t nicht ein \ud83d\ude42<\/span><\/p>\n<p><span style=\"color: rgb(75, 80, 88);\"><em><strong>* Chromfrei * Bleifrei * AZO-frei * GI-Tag aktiviert * Umweltfreundlich * Handgefertigt *<\/strong><\/em><\/span><\/p>\n<p><span style=\"color: rgb(141, 186, 216);\"><strong>Also merken Sie sich das und sichern Sie sich zus\u00e4tzliche Verk\u00e4ufe. Erh\u00f6hen Sie noch heute Ihren Umsatz.<\/strong><\/span><\/p>\n","protected":false},"excerpt":{"rendered":"<p>Mittelgro\u00dfes Notizbuch mit Riemen \u2013 Chakra-Mandala ist wirklich erstaunlich und einzigartig. Handgefertigt aus pflanzlich gegerbtem indischem Leder und Papier. Die pflanzliche Gerbung war bis ins 20. Jahrhundert die wichtigste Gerbmethode und gewinnt heute wieder an Bedeutung. Dabei werden Extrakte aus Rinden, Bl\u00e4ttern, Fr\u00fcchten, Beeren, Wurzeln und Holz verwendet. Diese Gerbmethode ist sicher f\u00fcr die Umwelt [&hellip;]<\/p>\n","protected":false},"featured_media":668152,"comment_status":"closed","ping_status":"open","template":"","meta":[],"product_brand":[],"product_cat":[14059,14060],"product_tag":[],"class_list":{"0":"post-245504","1":"product","2":"type-product","3":"status-publish","4":"has-post-thumbnail","6":"product_cat-notizbucher","7":"product_cat-vintage-geschenke-und-souvenirs","8":"pa_collection-vegetable-tanned-leather-notebooks-de","9":"pa_made-in-indien","11":"first","12":"instock","13":"purchasable","14":"product-type-simple"},"supplier_id":null,"supplier_sku":"VNB-08","barcode":null,"atum_controlled":true,"out_stock_date":null,"out_stock_threshold":null,"inheritable":false,"inbound_stock":0,"stock_on_hold":0,"sold_today":0,"sales_last_days":0,"reserved_stock":0,"customer_returns":0,"warehouse_damage":0,"lost_in_post":0,"other_logs":0,"out_stock_days":0,"lost_sales":0,"has_location":false,"update_date":"2026-02-11T08:27:24","atum_locations":[],"atum_stock_status":"instock","restock_status":false,"low_stock_amount":"","sales_update_date":"2026-01-30T01:25:01","calc_backorders":null,"_links":{"self":[{"href":"https:\/\/aromasentia.com\/de\/wp-json\/wp\/v2\/product\/245504","targetHints":{"allow":["GET"]}}],"collection":[{"href":"https:\/\/aromasentia.com\/de\/wp-json\/wp\/v2\/product"}],"about":[{"href":"https:\/\/aromasentia.com\/de\/wp-json\/wp\/v2\/types\/product"}],"replies":[{"embeddable":true,"href":"https:\/\/aromasentia.com\/de\/wp-json\/wp\/v2\/comments?post=245504"}],"version-history":[{"count":0,"href":"https:\/\/aromasentia.com\/de\/wp-json\/wp\/v2\/product\/245504\/revisions"}],"wp:featuredmedia":[{"embeddable":true,"href":"https:\/\/aromasentia.com\/de\/wp-json\/wp\/v2\/media\/668152"}],"wp:attachment":[{"href":"https:\/\/aromasentia.com\/de\/wp-json\/wp\/v2\/media?parent=245504"}],"wp:term":[{"taxonomy":"product_brand","embeddable":true,"href":"https:\/\/aromasentia.com\/de\/wp-json\/wp\/v2\/product_brand?post=245504"},{"taxonomy":"product_cat","embeddable":true,"href":"https:\/\/aromasentia.com\/de\/wp-json\/wp\/v2\/product_cat?post=245504"},{"taxonomy":"product_tag","embeddable":true,"href":"https:\/\/aromasentia.com\/de\/wp-json\/wp\/v2\/product_tag?post=245504"}],"curies":[{"name":"wp","href":"https:\/\/api.w.org\/{rel}","templated":true}]}}