{"id":245492,"date":"2025-03-23T12:22:33","date_gmt":"2025-03-23T12:22:33","guid":{"rendered":"https:\/\/aromasentia.com\/product\/white-washed-wooden-box-3x1-5-pill-box-aztec-design\/"},"modified":"2025-12-30T20:48:53","modified_gmt":"2025-12-30T20:48:53","slug":"holzbox-weissgewaschen-3x1-5-pillendose-aztekisches-design","status":"publish","type":"product","link":"https:\/\/aromasentia.com\/de\/holzbox-weissgewaschen-3x1-5-pillendose-aztekisches-design\/","title":{"rendered":"Holzbox weissgewaschen &#8211; 3&#215;1.5 Pillendose Aztekisches Design"},"content":{"rendered":"<p>Die wei\u00df get\u00fcnchte Holzbox Aroma Sentia-ping im Azteken-Design sieht im Schlafzimmer, Ankleidezimmer oder in jedem anderen Raum wundersch\u00f6n aus.<\/p>\n<p>Die geschnitzten Mangoholzboxen werden in Indien handgefertigt. Das sch\u00f6ne Holz mit reicher Maserung und nat\u00fcrlicher Farbe wird die Aufmerksamkeit Ihrer Kunden auf sich ziehen. Ihre Kunden k\u00f6nnen sie zum Umpacken von Geschenken oder als Schmuckschatulle verwenden, auch ideal zur Aufbewahrung von Pillen (1,4).<\/p>\n<p>Die Boxen sind leicht, einfach zu \u00f6ffnen und zu schlie\u00dfen, sehr praktisch und funktional und zudem sehr elegant.<\/p>\n<p>Bitte beachten Sie, dass das Design aufgrund der Handarbeit dieser Boxen variieren kann.<\/p>\n<p><strong><span style=\"color: rgb(184, 49, 47);\">Verkauft sich das ganze Jahr \u00fcber gut. Gewinnen Sie ein paar zus\u00e4tzliche Neukunden, um den Umsatz zu steigern, und f\u00fcgen Sie diese elegante Produktlinie zu Ihrem E-Shop-Angebot hinzu.<\/span><\/strong><\/p>\n<p><strong><span style=\"color: rgb(184, 49, 47);\"><strong><span style=\"color: rgb(0, 0, 0);\">Gr\u00f6\u00dfe: 8,5 x 5,5 x 4 (cm)&nbsp;<\/span><\/strong><\/span><\/strong><\/p>\n","protected":false},"excerpt":{"rendered":"<p>Die wei\u00df get\u00fcnchte Holzbox Aroma Sentia-ping im Azteken-Design sieht im Schlafzimmer, Ankleidezimmer oder in jedem anderen Raum wundersch\u00f6n aus. Die geschnitzten Mangoholzboxen werden in Indien handgefertigt. Das sch\u00f6ne Holz mit reicher Maserung und nat\u00fcrlicher Farbe wird die Aufmerksamkeit Ihrer Kunden auf sich ziehen. Ihre Kunden k\u00f6nnen sie zum Umpacken von Geschenken oder als Schmuckschatulle verwenden, [&hellip;]<\/p>\n","protected":false},"featured_media":442017,"comment_status":"closed","ping_status":"open","template":"","meta":[],"product_brand":[],"product_cat":[14143,14142],"product_tag":[],"class_list":{"0":"post-245492","1":"product","2":"type-product","3":"status-publish","4":"has-post-thumbnail","6":"product_cat-aufbewahrung-geschenke-und-geschenkboxen","7":"product_cat-geschenkverpackung","8":"pa_collection-white-washed-wooden-box-de","9":"pa_made-in-indien","11":"first","12":"instock","13":"purchasable","14":"product-type-simple"},"supplier_id":null,"supplier_sku":"WWIB-04","barcode":null,"atum_controlled":true,"out_stock_date":null,"out_stock_threshold":null,"inheritable":false,"inbound_stock":0,"stock_on_hold":0,"sold_today":0,"sales_last_days":0,"reserved_stock":0,"customer_returns":0,"warehouse_damage":0,"lost_in_post":0,"other_logs":0,"out_stock_days":0,"lost_sales":0,"has_location":false,"update_date":"2026-01-30T01:25:52","atum_locations":[],"atum_stock_status":"instock","restock_status":false,"low_stock_amount":"","sales_update_date":"2026-01-30T01:25:52","calc_backorders":null,"_links":{"self":[{"href":"https:\/\/aromasentia.com\/de\/wp-json\/wp\/v2\/product\/245492","targetHints":{"allow":["GET"]}}],"collection":[{"href":"https:\/\/aromasentia.com\/de\/wp-json\/wp\/v2\/product"}],"about":[{"href":"https:\/\/aromasentia.com\/de\/wp-json\/wp\/v2\/types\/product"}],"replies":[{"embeddable":true,"href":"https:\/\/aromasentia.com\/de\/wp-json\/wp\/v2\/comments?post=245492"}],"version-history":[{"count":0,"href":"https:\/\/aromasentia.com\/de\/wp-json\/wp\/v2\/product\/245492\/revisions"}],"wp:featuredmedia":[{"embeddable":true,"href":"https:\/\/aromasentia.com\/de\/wp-json\/wp\/v2\/media\/442017"}],"wp:attachment":[{"href":"https:\/\/aromasentia.com\/de\/wp-json\/wp\/v2\/media?parent=245492"}],"wp:term":[{"taxonomy":"product_brand","embeddable":true,"href":"https:\/\/aromasentia.com\/de\/wp-json\/wp\/v2\/product_brand?post=245492"},{"taxonomy":"product_cat","embeddable":true,"href":"https:\/\/aromasentia.com\/de\/wp-json\/wp\/v2\/product_cat?post=245492"},{"taxonomy":"product_tag","embeddable":true,"href":"https:\/\/aromasentia.com\/de\/wp-json\/wp\/v2\/product_tag?post=245492"}],"curies":[{"name":"wp","href":"https:\/\/api.w.org\/{rel}","templated":true}]}}