{"id":245461,"date":"2025-03-20T14:25:16","date_gmt":"2025-03-20T14:25:16","guid":{"rendered":"https:\/\/aromasentia.com\/product\/large-volcano-effect-aroma-diffuser-plug-two-colours\/"},"modified":"2025-12-30T20:48:45","modified_gmt":"2025-12-30T20:48:45","slug":"grosser-aromadiffusor-mit-vulkaneffekt-stecker-zwei-farben","status":"publish","type":"product","link":"https:\/\/aromasentia.com\/de\/grosser-aromadiffusor-mit-vulkaneffekt-stecker-zwei-farben\/","title":{"rendered":"Gro\u00dfer Aromadiffusor mit Vulkaneffekt (Stecker), zwei Farben"},"content":{"rendered":"<p><span style=\"color: rgb(141, 186, 216);\"><\/span><span style=\"color: rgb(75, 80, 88);\"><strong>Gro\u00dfer Aromadiffusor mit Vulkaneffekt und einem Fassungsverm\u00f6gen von 560 ml.<\/strong><\/span><\/p>\n<p><span style=\"color: rgb(75, 80, 88);\">F\u00fcgen Sie eine bestimmte Menge Wasser und einige Tropfen Ihres bevorzugten \u00e4therischen \u00d6ls hinzu, um Ihr Aromatherapie-Erlebnis zu verbessern. Der leichte Nebel, den dieser Luftbefeuchter erzeugt, erzeugt einen erstaunlichen 3D-Flammen- oder Vulkaneffekt, sodass Sie zwischen <strong>warmen gelben Flammen und k\u00fchlen blauen Flammen<\/strong> w\u00e4hlen k\u00f6nnen.<\/span><\/p>\n<p><span style=\"color: rgb(75, 80, 88);\">Angetrieben von einem Ultraschallmotor arbeitet dieser Diffusor leise. Die Bedienung erfolgt m\u00fchelos mit einer einzigen Taste oder das bequeme Umschalten zwischen verschiedenen Modi und Effekten mithilfe der <strong>mitgelieferten Fernbedienung<\/strong>.<\/span><\/p>\n<p><span style=\"color: rgb(75, 80, 88);\">Die Timerfunktion und der integrierte Schutzchip sorgen f\u00fcr Sicherheit und Komfort. Sie k\u00f6nnen den Luftbefeuchter so einstellen, dass er sich alle <strong>3 oder 6 Stunden<\/strong> automatisch ausschaltet und so f\u00fcr einen ruhigen, erholsamen Schlaf sorgt. <strong>Der integrierte Schutzchip<\/strong> sorgt daf\u00fcr, dass sich das Ger\u00e4t bei niedrigem Wasserstand ausschaltet und so m\u00f6gliche Risiken vermieden werden.&nbsp;<\/span><\/p>\n<p><span style=\"color: rgb(75, 80, 88);\">Seine Vielseitigkeit macht ihn perfekt f\u00fcr den Einsatz zu Hause, in Hotels, Schulen, Schlafzimmern, Babyzimmern, Yogastudios, klimatisierten R\u00e4umen und Trockenbereichen. Versch\u00f6nern Sie Ihren Raum mit dem wohltuenden Duft Ihrer bevorzugten \u00e4therischen \u00d6le und schaffen Sie eine herrlich entspannende Atmosph\u00e4re.&nbsp;<\/span><\/p>\n<p><span style=\"color: rgb(75, 80, 88);\"><strong>Hinweis:<\/strong> Um die Langlebigkeit Ihres Produkts zu gew\u00e4hrleisten, vermeiden Sie es, es direkt mit Leitungswasser zu reinigen oder den Stromeingang nass zu machen, da dies zu einem Kurzschluss f\u00fchren kann. Wir empfehlen die Verwendung eines Baumwolltuchs zur Reinigung.<\/span><\/p>\n","protected":false},"excerpt":{"rendered":"<p>Gro\u00dfer Aromadiffusor mit Vulkaneffekt und einem Fassungsverm\u00f6gen von 560 ml. F\u00fcgen Sie eine bestimmte Menge Wasser und einige Tropfen Ihres bevorzugten \u00e4therischen \u00d6ls hinzu, um Ihr Aromatherapie-Erlebnis zu verbessern. Der leichte Nebel, den dieser Luftbefeuchter erzeugt, erzeugt einen erstaunlichen 3D-Flammen- oder Vulkaneffekt, sodass Sie zwischen warmen gelben Flammen und k\u00fchlen blauen Flammen w\u00e4hlen k\u00f6nnen. Angetrieben [&hellip;]<\/p>\n","protected":false},"featured_media":254084,"comment_status":"closed","ping_status":"open","template":"","meta":{"_angie_page":false},"product_brand":[],"product_cat":[16455],"product_tag":[],"class_list":{"0":"post-245461","1":"product","2":"type-product","3":"status-publish","4":"has-post-thumbnail","6":"product_cat-aromatherapie-und-raumdufte","7":"pa_collection-electronic-led-colour-aroma-diffusers-de","8":"pa_made-in-china","10":"first","11":"instock","12":"purchasable","13":"product-type-simple"},"supplier_id":null,"supplier_sku":"AATOM-29","barcode":null,"atum_controlled":true,"out_stock_date":null,"out_stock_threshold":null,"inheritable":false,"inbound_stock":null,"stock_on_hold":0,"sold_today":0,"sales_last_days":0,"reserved_stock":null,"customer_returns":null,"warehouse_damage":null,"lost_in_post":null,"other_logs":null,"out_stock_days":0,"lost_sales":0,"has_location":null,"update_date":"2026-04-30T06:45:56","atum_locations":[],"atum_stock_status":"instock","restock_status":false,"low_stock_amount":"","sales_update_date":"2025-10-09T03:22:16","calc_backorders":null,"_links":{"self":[{"href":"https:\/\/aromasentia.com\/de\/wp-json\/wp\/v2\/product\/245461","targetHints":{"allow":["GET"]}}],"collection":[{"href":"https:\/\/aromasentia.com\/de\/wp-json\/wp\/v2\/product"}],"about":[{"href":"https:\/\/aromasentia.com\/de\/wp-json\/wp\/v2\/types\/product"}],"replies":[{"embeddable":true,"href":"https:\/\/aromasentia.com\/de\/wp-json\/wp\/v2\/comments?post=245461"}],"version-history":[{"count":0,"href":"https:\/\/aromasentia.com\/de\/wp-json\/wp\/v2\/product\/245461\/revisions"}],"wp:featuredmedia":[{"embeddable":true,"href":"https:\/\/aromasentia.com\/de\/wp-json\/wp\/v2\/media\/254084"}],"wp:attachment":[{"href":"https:\/\/aromasentia.com\/de\/wp-json\/wp\/v2\/media?parent=245461"}],"wp:term":[{"taxonomy":"product_brand","embeddable":true,"href":"https:\/\/aromasentia.com\/de\/wp-json\/wp\/v2\/product_brand?post=245461"},{"taxonomy":"product_cat","embeddable":true,"href":"https:\/\/aromasentia.com\/de\/wp-json\/wp\/v2\/product_cat?post=245461"},{"taxonomy":"product_tag","embeddable":true,"href":"https:\/\/aromasentia.com\/de\/wp-json\/wp\/v2\/product_tag?post=245461"}],"curies":[{"name":"wp","href":"https:\/\/api.w.org\/{rel}","templated":true}]}}