{"id":245453,"date":"2025-03-20T14:25:16","date_gmt":"2025-03-20T14:25:16","guid":{"rendered":"https:\/\/aromasentia.com\/product\/himalayan-salt-aroma-diffuser-night-light-usb-c-flame-effect-salt-included\/"},"modified":"2025-12-30T20:48:45","modified_gmt":"2025-12-30T20:48:45","slug":"himalaya-salz-aroma-diffusor-nachtlicht-usb-c-flammeneffekt-salz-nicht-enthalten","status":"publish","type":"product","link":"https:\/\/aromasentia.com\/de\/himalaya-salz-aroma-diffusor-nachtlicht-usb-c-flammeneffekt-salz-nicht-enthalten\/","title":{"rendered":"Himalaya-Salz-Aroma-Diffusor \u2013 Nachtlicht \u2013 USB-C \u2013 Flammeneffekt (Salz nicht enthalten)"},"content":{"rendered":"<p><span style=\"color: rgb(75, 80, 88);\">Der Himalaya-Salz-Aroma-Diffusor erzeugt durch eine Kombination aus Licht und Nebel einen brennenden Flammeneffekt, um Ihr Zimmer oder B\u00fcro zu beduften. Geben Sie einfach etwas Wasser und Ihr Lieblings\u00e4therisches oder Duft\u00f6l hinzu und genie\u00dfen Sie sofort ein Aromaerlebnis.&nbsp;<\/span><\/p>\n<p><span style=\"color: rgb(75, 80, 88);\">Mithilfe von Ultraschallwellen werden Wasser und \u00e4therisches \u00d6l im Tank sofort verdampft und ein k\u00fchler, trockener, duftender Nebel erzeugt.<\/span><\/p>\n<p><span style=\"color: rgb(75, 80, 88);\">Salzst\u00fccke sind im Lieferumfang enthalten.&nbsp;<\/span><\/p>\n<p><span style=\"color: rgb(75, 80, 88);\">Tankinhalt: 220 ml<\/span><\/p>\n<p><span style=\"color: rgb(75, 80, 88);\">Stromversorgung \u00fcber USB&nbsp;(Kabell\u00e4nge 100 cm)<\/span><\/p>\n<p><span style=\"color: rgb(75, 80, 88);\">Timer:&nbsp;1-3-6 h<\/span><\/p>\n<p><span style=\"color: rgb(75, 80, 88);\">Ma\u00dfe: H\u00f6he 12 cm, Durchmesser 10 cm<\/span><\/p>\n<p><span style=\"color: rgb(75, 80, 88);\"><strong>Zu verwenden mit<\/strong><\/span><a href=\"https:\/\/aromasentia.com\/eo\"><span style=\"color: rgb(149, 122, 101);\"><strong>\u00e4therischen \u00d6len<\/strong><\/span><\/a><span style=\"color: rgb(75, 80, 88);\"><strong>nur in Wasser gemischt!<\/strong><\/span><span style=\"color: rgb(141, 186, 216);\"><strong>&nbsp;<\/strong><\/span><\/p>\n<p><span style=\"color: rgb(141, 186, 216);\"><strong>Schneller Verkauf \u2013 f\u00fcgen Sie es noch heute zu Ihrem Ladenangebot hinzu und &nbsp;atomisieren Sie Ihre Verk\u00e4ufe vollst\u00e4ndig.<\/strong><\/span><\/p>\n","protected":false},"excerpt":{"rendered":"<p>Der Himalaya-Salz-Aroma-Diffusor erzeugt durch eine Kombination aus Licht und Nebel einen brennenden Flammeneffekt, um Ihr Zimmer oder B\u00fcro zu beduften. Geben Sie einfach etwas Wasser und Ihr Lieblings\u00e4therisches oder Duft\u00f6l hinzu und genie\u00dfen Sie sofort ein Aromaerlebnis.&nbsp; Mithilfe von Ultraschallwellen werden Wasser und \u00e4therisches \u00d6l im Tank sofort verdampft und ein k\u00fchler, trockener, duftender Nebel [&hellip;]<\/p>\n","protected":false},"featured_media":254034,"comment_status":"closed","ping_status":"open","template":"","meta":{"_angie_page":false},"product_brand":[],"product_cat":[16455],"product_tag":[],"class_list":{"0":"post-245453","1":"product","2":"type-product","3":"status-publish","4":"has-post-thumbnail","6":"product_cat-aromatherapie-und-raumdufte","7":"pa_collection-electronic-led-colour-aroma-diffusers-de","8":"pa_made-in-china","10":"first","11":"instock","12":"purchasable","13":"product-type-simple"},"supplier_id":null,"supplier_sku":"AATOM-27","barcode":null,"atum_controlled":true,"out_stock_date":null,"out_stock_threshold":null,"inheritable":false,"inbound_stock":null,"stock_on_hold":0,"sold_today":0,"sales_last_days":0,"reserved_stock":null,"customer_returns":null,"warehouse_damage":null,"lost_in_post":null,"other_logs":null,"out_stock_days":0,"lost_sales":0,"has_location":null,"update_date":"2026-04-27T06:48:41","atum_locations":[],"atum_stock_status":"instock","restock_status":false,"low_stock_amount":"","sales_update_date":"2025-10-09T03:22:16","calc_backorders":null,"_links":{"self":[{"href":"https:\/\/aromasentia.com\/de\/wp-json\/wp\/v2\/product\/245453","targetHints":{"allow":["GET"]}}],"collection":[{"href":"https:\/\/aromasentia.com\/de\/wp-json\/wp\/v2\/product"}],"about":[{"href":"https:\/\/aromasentia.com\/de\/wp-json\/wp\/v2\/types\/product"}],"replies":[{"embeddable":true,"href":"https:\/\/aromasentia.com\/de\/wp-json\/wp\/v2\/comments?post=245453"}],"version-history":[{"count":0,"href":"https:\/\/aromasentia.com\/de\/wp-json\/wp\/v2\/product\/245453\/revisions"}],"wp:featuredmedia":[{"embeddable":true,"href":"https:\/\/aromasentia.com\/de\/wp-json\/wp\/v2\/media\/254034"}],"wp:attachment":[{"href":"https:\/\/aromasentia.com\/de\/wp-json\/wp\/v2\/media?parent=245453"}],"wp:term":[{"taxonomy":"product_brand","embeddable":true,"href":"https:\/\/aromasentia.com\/de\/wp-json\/wp\/v2\/product_brand?post=245453"},{"taxonomy":"product_cat","embeddable":true,"href":"https:\/\/aromasentia.com\/de\/wp-json\/wp\/v2\/product_cat?post=245453"},{"taxonomy":"product_tag","embeddable":true,"href":"https:\/\/aromasentia.com\/de\/wp-json\/wp\/v2\/product_tag?post=245453"}],"curies":[{"name":"wp","href":"https:\/\/api.w.org\/{rel}","templated":true}]}}