{"id":245445,"date":"2025-03-20T14:25:16","date_gmt":"2025-03-20T14:25:16","guid":{"rendered":"https:\/\/aromasentia.com\/product\/blaze-aroma-diffuser-himalayan-salt-chamber-usb-c-flame-effect-salt-included\/"},"modified":"2025-12-30T20:48:38","modified_gmt":"2025-12-30T20:48:38","slug":"blaze-aroma-diffuser-himalaya-salzkammer-usb-c-flammeneffekt-salz-nicht-enthalten","status":"publish","type":"product","link":"https:\/\/aromasentia.com\/de\/blaze-aroma-diffuser-himalaya-salzkammer-usb-c-flammeneffekt-salz-nicht-enthalten\/","title":{"rendered":"Blaze Aroma Diffuser \u2013 Himalaya-Salzkammer \u2013 USB-C \u2013 Flammeneffekt (Salz nicht enthalten)"},"content":{"rendered":"<p><span style=\"color: rgb(75, 80, 88);\">Der Himalayas Aroma Diffuser erzeugt durch eine Kombination aus Licht und Nebel einen brennenden Flammeneffekt, um Ihr Zimmer oder B\u00fcro zu beduften. Geben Sie einfach etwas Wasser und Ihr Lieblings\u00e4therisches oder Duft\u00f6l hinzu und genie\u00dfen Sie sofort ein Aromaerlebnis.&nbsp;<\/span><\/p>\n<p><span style=\"color: rgb(75, 80, 88);\">Mithilfe von Ultraschallwellen werden das Wasser und das \u00e4therische \u00d6l im Tank sofort verdampft und ein k\u00fchler, trockener, duftender Nebel erzeugt.&nbsp;<\/span><\/p>\n<p><span style=\"color: rgb(75, 80, 88);\">Salzst\u00fccke sind im Lieferumfang enthalten.&nbsp;<\/span><\/p>\n<p><span style=\"color: rgb(75, 80, 88);\">Tankinhalt: 250 ml<\/span><\/p>\n<p><span style=\"color: rgb(75, 80, 88);\">Stromversorgung \u00fcber USB&nbsp;(Kabell\u00e4nge 100 cm)<\/span><\/p>\n<p><span style=\"color: rgb(75, 80, 88);\">Timer: 3-6 h<\/span><\/p>\n<p><span style=\"color: rgb(75, 80, 88);\">Ma\u00dfe: H\u00f6he 23 cm, Durchmesser 19 cm<\/span><\/p>\n<p><span style=\"color: rgb(75, 80, 88);\"><strong>Zu verwenden mit<\/strong><\/span><a href=\"https:\/\/aromasentia.com\/eo\"><span style=\"color: rgb(149, 122, 101);\"><strong>\u00e4therischen \u00d6len<\/strong><\/span><\/a><span style=\"color: rgb(75, 80, 88);\"><strong>Nur mit Wasser gemischt!<\/strong><\/span><span style=\"color: rgb(141, 186, 216);\"><strong><\/strong><\/span><\/p>\n<p><span style=\"color: rgb(141, 186, 216);\"><strong>Schneller Verkauf \u2013 f\u00fcgen Sie es noch heute zu Ihrem Ladenangebot hinzu und &nbsp;atomisieren Sie Ihre Verk\u00e4ufe vollst\u00e4ndig.<\/strong><\/span><\/p>\n","protected":false},"excerpt":{"rendered":"<p>Der Himalayas Aroma Diffuser erzeugt durch eine Kombination aus Licht und Nebel einen brennenden Flammeneffekt, um Ihr Zimmer oder B\u00fcro zu beduften. Geben Sie einfach etwas Wasser und Ihr Lieblings\u00e4therisches oder Duft\u00f6l hinzu und genie\u00dfen Sie sofort ein Aromaerlebnis.&nbsp; Mithilfe von Ultraschallwellen werden das Wasser und das \u00e4therische \u00d6l im Tank sofort verdampft und ein [&hellip;]<\/p>\n","protected":false},"featured_media":253984,"comment_status":"closed","ping_status":"open","template":"","meta":[],"product_brand":[],"product_cat":[16455],"product_tag":[],"class_list":{"0":"post-245445","1":"product","2":"type-product","3":"status-publish","4":"has-post-thumbnail","6":"product_cat-aromatherapie-und-raumdufte","7":"pa_collection-electronic-led-colour-aroma-diffusers-de","8":"pa_made-in-china","10":"first","11":"instock","12":"purchasable","13":"product-type-simple"},"supplier_id":null,"supplier_sku":"AATOM-25","barcode":null,"atum_controlled":true,"out_stock_date":null,"out_stock_threshold":null,"inheritable":false,"inbound_stock":0,"stock_on_hold":0,"sold_today":0,"sales_last_days":0,"reserved_stock":0,"customer_returns":0,"warehouse_damage":0,"lost_in_post":0,"other_logs":0,"out_stock_days":0,"lost_sales":0,"has_location":false,"update_date":"2026-02-08T14:32:19","atum_locations":[],"atum_stock_status":"instock","restock_status":false,"low_stock_amount":"","sales_update_date":"2025-10-09T03:22:16","calc_backorders":null,"_links":{"self":[{"href":"https:\/\/aromasentia.com\/de\/wp-json\/wp\/v2\/product\/245445","targetHints":{"allow":["GET"]}}],"collection":[{"href":"https:\/\/aromasentia.com\/de\/wp-json\/wp\/v2\/product"}],"about":[{"href":"https:\/\/aromasentia.com\/de\/wp-json\/wp\/v2\/types\/product"}],"replies":[{"embeddable":true,"href":"https:\/\/aromasentia.com\/de\/wp-json\/wp\/v2\/comments?post=245445"}],"version-history":[{"count":0,"href":"https:\/\/aromasentia.com\/de\/wp-json\/wp\/v2\/product\/245445\/revisions"}],"wp:featuredmedia":[{"embeddable":true,"href":"https:\/\/aromasentia.com\/de\/wp-json\/wp\/v2\/media\/253984"}],"wp:attachment":[{"href":"https:\/\/aromasentia.com\/de\/wp-json\/wp\/v2\/media?parent=245445"}],"wp:term":[{"taxonomy":"product_brand","embeddable":true,"href":"https:\/\/aromasentia.com\/de\/wp-json\/wp\/v2\/product_brand?post=245445"},{"taxonomy":"product_cat","embeddable":true,"href":"https:\/\/aromasentia.com\/de\/wp-json\/wp\/v2\/product_cat?post=245445"},{"taxonomy":"product_tag","embeddable":true,"href":"https:\/\/aromasentia.com\/de\/wp-json\/wp\/v2\/product_tag?post=245445"}],"curies":[{"name":"wp","href":"https:\/\/api.w.org\/{rel}","templated":true}]}}