{"id":245433,"date":"2025-03-20T14:25:16","date_gmt":"2025-03-20T14:25:16","guid":{"rendered":"https:\/\/aromasentia.com\/product\/copenhagen-atomiser-usb-colour-change-timer\/"},"modified":"2025-12-30T20:48:38","modified_gmt":"2025-12-30T20:48:38","slug":"copenhagen-befeuchter-usb-farbwechsel-timer","status":"publish","type":"product","link":"https:\/\/aromasentia.com\/de\/copenhagen-befeuchter-usb-farbwechsel-timer\/","title":{"rendered":"Copenhagen Befeuchter &#8211; USB &#8211; Farbwechsel  &#8211; Timer"},"content":{"rendered":"<p><strong>Copenhagen Atomiser Aroma Diffuser<\/strong> sind zeitlos und elegant und bieten eine flammen- und rauchfreie M\u00f6glichkeit, Ihr Zimmer oder B\u00fcro zu beduften. Geben Sie einfach etwas Wasser und Ihr Lieblings-\u00e4therisches \u00d6l oder Duft\u00f6l hinzu und genie\u00dfen Sie sofort ein Aromaerlebnis.<\/p>\n<p>&#8211; Tankinhalt: 120 ml<\/p>\n<p>&#8211; LED-Licht: 4 Farben<\/p>\n<p>&#8211; Stromversorgung \u00fcber USB (Kabell\u00e4nge: 100 cm)<\/p>\n<p>&#8211; Automatische Abschaltung bei Wassermangel<\/p>\n<p>&#8211; Timer: 1-3-6 Stunden<\/p>\n<p>H\u00f6he: 15 cm, Durchmesser: 10,5 cm, Gewicht: 0,40 kg<\/p>\n<p>Inklusive Bedienungsanleitung<\/p>\n","protected":false},"excerpt":{"rendered":"<p>Copenhagen Atomiser Aroma Diffuser sind zeitlos und elegant und bieten eine flammen- und rauchfreie M\u00f6glichkeit, Ihr Zimmer oder B\u00fcro zu beduften. Geben Sie einfach etwas Wasser und Ihr Lieblings-\u00e4therisches \u00d6l oder Duft\u00f6l hinzu und genie\u00dfen Sie sofort ein Aromaerlebnis. &#8211; Tankinhalt: 120 ml &#8211; LED-Licht: 4 Farben &#8211; Stromversorgung \u00fcber USB (Kabell\u00e4nge: 100 cm) &#8211; [&hellip;]<\/p>\n","protected":false},"featured_media":253893,"comment_status":"closed","ping_status":"open","template":"","meta":[],"product_brand":[],"product_cat":[16519,24957],"product_tag":[],"class_list":{"0":"post-245433","1":"product","2":"type-product","3":"status-publish","4":"has-post-thumbnail","6":"product_cat-aroma-diffuser-duftstabchen-und-olbrenner","7":"product_cat-electrische-aroma-diffuser","8":"pa_collection-electronic-led-colour-aroma-diffusers-de","9":"pa_made-in-china","11":"first","12":"instock","13":"purchasable","14":"product-type-simple"},"supplier_id":null,"supplier_sku":"AATOM-19","barcode":null,"atum_controlled":true,"out_stock_date":null,"out_stock_threshold":null,"inheritable":false,"inbound_stock":null,"stock_on_hold":0,"sold_today":0,"sales_last_days":0,"reserved_stock":null,"customer_returns":null,"warehouse_damage":null,"lost_in_post":null,"other_logs":null,"out_stock_days":0,"lost_sales":0,"has_location":null,"update_date":"2026-02-12T05:52:45","atum_locations":[],"atum_stock_status":"instock","restock_status":false,"low_stock_amount":"","sales_update_date":"2025-10-09T03:22:15","calc_backorders":null,"_links":{"self":[{"href":"https:\/\/aromasentia.com\/de\/wp-json\/wp\/v2\/product\/245433","targetHints":{"allow":["GET"]}}],"collection":[{"href":"https:\/\/aromasentia.com\/de\/wp-json\/wp\/v2\/product"}],"about":[{"href":"https:\/\/aromasentia.com\/de\/wp-json\/wp\/v2\/types\/product"}],"replies":[{"embeddable":true,"href":"https:\/\/aromasentia.com\/de\/wp-json\/wp\/v2\/comments?post=245433"}],"version-history":[{"count":0,"href":"https:\/\/aromasentia.com\/de\/wp-json\/wp\/v2\/product\/245433\/revisions"}],"wp:featuredmedia":[{"embeddable":true,"href":"https:\/\/aromasentia.com\/de\/wp-json\/wp\/v2\/media\/253893"}],"wp:attachment":[{"href":"https:\/\/aromasentia.com\/de\/wp-json\/wp\/v2\/media?parent=245433"}],"wp:term":[{"taxonomy":"product_brand","embeddable":true,"href":"https:\/\/aromasentia.com\/de\/wp-json\/wp\/v2\/product_brand?post=245433"},{"taxonomy":"product_cat","embeddable":true,"href":"https:\/\/aromasentia.com\/de\/wp-json\/wp\/v2\/product_cat?post=245433"},{"taxonomy":"product_tag","embeddable":true,"href":"https:\/\/aromasentia.com\/de\/wp-json\/wp\/v2\/product_tag?post=245433"}],"curies":[{"name":"wp","href":"https:\/\/api.w.org\/{rel}","templated":true}]}}