{"id":245425,"date":"2025-03-20T14:25:16","date_gmt":"2025-03-20T14:25:16","guid":{"rendered":"https:\/\/aromasentia.com\/product\/helsinki-atomiser-usb-colour-change-timer\/"},"modified":"2025-12-30T20:48:38","modified_gmt":"2025-12-30T20:48:38","slug":"helsinki-befeuchter-usb-farbwechsel-timer","status":"publish","type":"product","link":"https:\/\/aromasentia.com\/de\/helsinki-befeuchter-usb-farbwechsel-timer\/","title":{"rendered":"Helsinki  Befeuchter &#8211; USB &#8211; Farbwechsel &#8211; Timer"},"content":{"rendered":"<p><strong>Helsinki Zerst\u00e4uber &#8211; USB &#8211; Farbwechsel &#8211; Timer<\/strong> verwendet Ultraschallwellen, um das Wasser und das \u00e4therische \u00d6l im Tank sofort zu verdampfen und einen k\u00fchlen, trockenen, duftenden Nebel zu erzeugen.<\/p>\n<p>Tankkapazit\u00e4t: 120 ml<\/p>\n<p>LED-Licht &#8211; 7 Varianten<\/p>\n<p>Stromversorgung \u00fcber USB (Kabell\u00e4nge 100 cm)<\/p>\n<p>Ma\u00dfe: H\u00f6he 13 cm, Durchmesser 11 cm<\/p>\n<p><span style=\"color: rgb(184, 49, 47);\"><strong>Nur mit in Wasser gemischten \u00e4therischen \u00d6len verwenden!<\/strong><\/span><\/p>\n","protected":false},"excerpt":{"rendered":"<p>Helsinki Zerst\u00e4uber &#8211; USB &#8211; Farbwechsel &#8211; Timer verwendet Ultraschallwellen, um das Wasser und das \u00e4therische \u00d6l im Tank sofort zu verdampfen und einen k\u00fchlen, trockenen, duftenden Nebel zu erzeugen. Tankkapazit\u00e4t: 120 ml LED-Licht &#8211; 7 Varianten Stromversorgung \u00fcber USB (Kabell\u00e4nge 100 cm) Ma\u00dfe: H\u00f6he 13 cm, Durchmesser 11 cm Nur mit in Wasser gemischten [&hellip;]<\/p>\n","protected":false},"featured_media":253859,"comment_status":"closed","ping_status":"open","template":"","meta":[],"product_brand":[],"product_cat":[16519,24957],"product_tag":[],"class_list":{"0":"post-245425","1":"product","2":"type-product","3":"status-publish","4":"has-post-thumbnail","6":"product_cat-aroma-diffuser-duftstabchen-und-olbrenner","7":"product_cat-electrische-aroma-diffuser","8":"pa_collection-electronic-led-colour-aroma-diffusers-de","9":"pa_made-in-china","11":"first","12":"outofstock","13":"purchasable","14":"product-type-simple"},"supplier_id":null,"supplier_sku":"AATOM-21","barcode":null,"atum_controlled":true,"out_stock_date":"2025-10-08 11:19:29","out_stock_threshold":null,"inheritable":false,"inbound_stock":null,"stock_on_hold":0,"sold_today":0,"sales_last_days":0,"reserved_stock":null,"customer_returns":null,"warehouse_damage":null,"lost_in_post":null,"other_logs":null,"out_stock_days":120,"lost_sales":0,"has_location":null,"update_date":"2026-02-06T00:00:56","atum_locations":[],"atum_stock_status":"outofstock","restock_status":false,"low_stock_amount":"","sales_update_date":"2026-02-06T00:00:56","calc_backorders":null,"_links":{"self":[{"href":"https:\/\/aromasentia.com\/de\/wp-json\/wp\/v2\/product\/245425","targetHints":{"allow":["GET"]}}],"collection":[{"href":"https:\/\/aromasentia.com\/de\/wp-json\/wp\/v2\/product"}],"about":[{"href":"https:\/\/aromasentia.com\/de\/wp-json\/wp\/v2\/types\/product"}],"replies":[{"embeddable":true,"href":"https:\/\/aromasentia.com\/de\/wp-json\/wp\/v2\/comments?post=245425"}],"version-history":[{"count":0,"href":"https:\/\/aromasentia.com\/de\/wp-json\/wp\/v2\/product\/245425\/revisions"}],"wp:featuredmedia":[{"embeddable":true,"href":"https:\/\/aromasentia.com\/de\/wp-json\/wp\/v2\/media\/253859"}],"wp:attachment":[{"href":"https:\/\/aromasentia.com\/de\/wp-json\/wp\/v2\/media?parent=245425"}],"wp:term":[{"taxonomy":"product_brand","embeddable":true,"href":"https:\/\/aromasentia.com\/de\/wp-json\/wp\/v2\/product_brand?post=245425"},{"taxonomy":"product_cat","embeddable":true,"href":"https:\/\/aromasentia.com\/de\/wp-json\/wp\/v2\/product_cat?post=245425"},{"taxonomy":"product_tag","embeddable":true,"href":"https:\/\/aromasentia.com\/de\/wp-json\/wp\/v2\/product_tag?post=245425"}],"curies":[{"name":"wp","href":"https:\/\/api.w.org\/{rel}","templated":true}]}}