{"id":245397,"date":"2025-03-20T14:25:16","date_gmt":"2025-03-20T14:25:16","guid":{"rendered":"https:\/\/aromasentia.com\/product\/ibiza-atomiser-infinity-lights-usb-colour-change\/"},"modified":"2025-12-30T20:48:30","modified_gmt":"2025-12-30T20:48:30","slug":"ibiza-befeuchter-unendlichkeitslicht-usb-farbwechsel","status":"publish","type":"product","link":"https:\/\/aromasentia.com\/de\/ibiza-befeuchter-unendlichkeitslicht-usb-farbwechsel\/","title":{"rendered":"Ibiza Befeuchter &#8211; Unendlichkeitslicht &#8211; USB &#8211; Farbwechsel"},"content":{"rendered":"<p><strong>Aroma-Diffusoren<\/strong><strong>s<\/strong> sind zeitlos und elegant. Sie bieten eine flammen- und rauchfreie M\u00f6glichkeit, Ihr Zimmer oder B\u00fcro zu beduften. Geben Sie einfach etwas Wasser und Ihr Lieblings-\u00e4therisches \u00d6l oder Duft\u00f6l hinzu und genie\u00dfen Sie sofort ein Dufterlebnis.<\/p>\n<p>Der Aroma-Diffusor nutzt einen Ultraschallmotor zum Pumpen des Wassers und ist daher w\u00e4hrend des Betriebs sehr leise. Verf\u00fcgt \u00fcber ein stimmungsvolles Farblicht und kann als einfacher Luftbefeuchter verwendet werden.<\/p>\n<p>Aroma-Diffusoren sind sehr einfach zu bedienen und zu warten, da sie nur gelegentlich mit einer kleinen Menge Wasser und ein paar Tropfen Duft\u00f6l aufgef\u00fcllt werden m\u00fcssen.<\/p>\n<p>Schneller Verkauf \u2013 decken Sie sich noch heute ein, um Ihre Verk\u00e4ufe vollst\u00e4ndig zu zerst\u00e4uben.<\/p>\n<p>&#8211; Tankkapazit\u00e4t 100 ml<\/p>\n<p>&#8211; LED-Licht \u2013 7 St\u00fcck<\/p>\n<p>&#8211; Stromversorgung \u00fcber USB (Kabell\u00e4nge 100 cm)<\/p>\n<p>&#8211; Automatische Abschaltung, wenn das Wasser ausgeht<\/p>\n<p>&#8211; Timer 3\u20136 Stunden<\/p>\n<p>H\u00f6he: 23,5 cm, Durchmesser: 12,5 cm, Gewicht 500 g<\/p>\n","protected":false},"excerpt":{"rendered":"<p>Aroma-Diffusorens sind zeitlos und elegant. Sie bieten eine flammen- und rauchfreie M\u00f6glichkeit, Ihr Zimmer oder B\u00fcro zu beduften. Geben Sie einfach etwas Wasser und Ihr Lieblings-\u00e4therisches \u00d6l oder Duft\u00f6l hinzu und genie\u00dfen Sie sofort ein Dufterlebnis. Der Aroma-Diffusor nutzt einen Ultraschallmotor zum Pumpen des Wassers und ist daher w\u00e4hrend des Betriebs sehr leise. Verf\u00fcgt \u00fcber [&hellip;]<\/p>\n","protected":false},"featured_media":253780,"comment_status":"closed","ping_status":"open","template":"","meta":[],"product_brand":[],"product_cat":[16519,24957],"product_tag":[],"class_list":{"0":"post-245397","1":"product","2":"type-product","3":"status-publish","4":"has-post-thumbnail","6":"product_cat-aroma-diffuser-duftstabchen-und-olbrenner","7":"product_cat-electrische-aroma-diffuser","8":"pa_collection-electronic-led-colour-aroma-diffusers-de","9":"pa_made-in-china","11":"first","12":"outofstock","13":"purchasable","14":"product-type-simple"},"supplier_id":null,"supplier_sku":"AATOM-13","barcode":null,"atum_controlled":true,"out_stock_date":"2025-10-09 15:16:57","out_stock_threshold":null,"inheritable":false,"inbound_stock":null,"stock_on_hold":0,"sold_today":0,"sales_last_days":0,"reserved_stock":null,"customer_returns":null,"warehouse_damage":null,"lost_in_post":null,"other_logs":null,"out_stock_days":112,"lost_sales":0,"has_location":null,"update_date":"2026-01-30T01:25:17","atum_locations":[],"atum_stock_status":"outofstock","restock_status":false,"low_stock_amount":"","sales_update_date":"2026-01-30T01:25:17","calc_backorders":null,"_links":{"self":[{"href":"https:\/\/aromasentia.com\/de\/wp-json\/wp\/v2\/product\/245397","targetHints":{"allow":["GET"]}}],"collection":[{"href":"https:\/\/aromasentia.com\/de\/wp-json\/wp\/v2\/product"}],"about":[{"href":"https:\/\/aromasentia.com\/de\/wp-json\/wp\/v2\/types\/product"}],"replies":[{"embeddable":true,"href":"https:\/\/aromasentia.com\/de\/wp-json\/wp\/v2\/comments?post=245397"}],"version-history":[{"count":0,"href":"https:\/\/aromasentia.com\/de\/wp-json\/wp\/v2\/product\/245397\/revisions"}],"wp:featuredmedia":[{"embeddable":true,"href":"https:\/\/aromasentia.com\/de\/wp-json\/wp\/v2\/media\/253780"}],"wp:attachment":[{"href":"https:\/\/aromasentia.com\/de\/wp-json\/wp\/v2\/media?parent=245397"}],"wp:term":[{"taxonomy":"product_brand","embeddable":true,"href":"https:\/\/aromasentia.com\/de\/wp-json\/wp\/v2\/product_brand?post=245397"},{"taxonomy":"product_cat","embeddable":true,"href":"https:\/\/aromasentia.com\/de\/wp-json\/wp\/v2\/product_cat?post=245397"},{"taxonomy":"product_tag","embeddable":true,"href":"https:\/\/aromasentia.com\/de\/wp-json\/wp\/v2\/product_tag?post=245397"}],"curies":[{"name":"wp","href":"https:\/\/api.w.org\/{rel}","templated":true}]}}