{"id":245377,"date":"2025-03-20T14:25:16","date_gmt":"2025-03-20T14:25:16","guid":{"rendered":"https:\/\/aromasentia.com\/product\/box-of-140ml-reed-diffuser-clementine\/"},"modified":"2025-12-30T20:48:30","modified_gmt":"2025-12-30T20:48:30","slug":"box-of-140ml-reed-diffuser-clementine","status":"publish","type":"product","link":"https:\/\/aromasentia.com\/de\/box-of-140ml-reed-diffuser-clementine\/","title":{"rendered":"Box of 140ml Reed Diffuser &#8211; Clementine"},"content":{"rendered":"<p>Erhellen Sie Ihre Umgebung mit dem fr\u00f6hlichen Schwung unseres Clementine Reed Diffusors. Dieser 140 ml gro\u00dfe Diffusor verstr\u00f6mt einen wunderbar belebenden und s\u00fc\u00dfen Zitrusduft, der die reine, sonnengereifte Essenz von frisch gesch\u00e4lten Clementinen einf\u00e4ngt. Seine lebendigen und fr\u00f6hlichen Noten schaffen sofort eine lebendige und einladende Atmosph\u00e4re, die perfekt ist, um Ihren Raum zu beleben und Ihre Stimmung zu heben. Genie\u00dfen Sie die kontinuierliche Verbreitung dieses prickelnden, fr\u00f6hlichen Duftes, der einen Hauch von Sonnenschein und erfrischender Klarheit in Ihren Alltag bringt und jeden Raum lebendiger und einladender wirken l\u00e4sst.<\/p>\n","protected":false},"excerpt":{"rendered":"<p>Erhellen Sie Ihre Umgebung mit dem fr\u00f6hlichen Schwung unseres Clementine Reed Diffusors. Dieser 140 ml gro\u00dfe Diffusor verstr\u00f6mt einen wunderbar belebenden und s\u00fc\u00dfen Zitrusduft, der die reine, sonnengereifte Essenz von frisch gesch\u00e4lten Clementinen einf\u00e4ngt. Seine lebendigen und fr\u00f6hlichen Noten schaffen sofort eine lebendige und einladende Atmosph\u00e4re, die perfekt ist, um Ihren Raum zu beleben und [&hellip;]<\/p>\n","protected":false},"featured_media":254689,"comment_status":"closed","ping_status":"open","template":"","meta":{"_angie_page":false},"product_brand":[27086],"product_cat":[16519,16520],"product_tag":[],"class_list":{"0":"post-245377","1":"product","2":"type-product","3":"status-publish","4":"has-post-thumbnail","6":"product_brand-agnes-and-cat","7":"product_cat-aroma-diffuser-duftstabchen-und-olbrenner","8":"product_cat-duftstabchen-duftsticks","9":"pa_collection-reed-diffusers-140ml-de","10":"pa_made-in-vereinigtes-koenigreich","11":"pa_size-140ml","13":"first","14":"instock","15":"purchasable","16":"product-type-simple"},"supplier_id":null,"supplier_sku":"ACD-23DS","barcode":null,"atum_controlled":true,"out_stock_date":null,"out_stock_threshold":null,"inheritable":false,"inbound_stock":null,"stock_on_hold":0,"sold_today":0,"sales_last_days":0,"reserved_stock":null,"customer_returns":null,"warehouse_damage":null,"lost_in_post":null,"other_logs":null,"out_stock_days":0,"lost_sales":0,"has_location":null,"update_date":"2026-04-27T07:27:46","atum_locations":[],"atum_stock_status":"instock","restock_status":false,"low_stock_amount":"","sales_update_date":"2026-01-30T01:26:39","calc_backorders":null,"_links":{"self":[{"href":"https:\/\/aromasentia.com\/de\/wp-json\/wp\/v2\/product\/245377","targetHints":{"allow":["GET"]}}],"collection":[{"href":"https:\/\/aromasentia.com\/de\/wp-json\/wp\/v2\/product"}],"about":[{"href":"https:\/\/aromasentia.com\/de\/wp-json\/wp\/v2\/types\/product"}],"replies":[{"embeddable":true,"href":"https:\/\/aromasentia.com\/de\/wp-json\/wp\/v2\/comments?post=245377"}],"version-history":[{"count":0,"href":"https:\/\/aromasentia.com\/de\/wp-json\/wp\/v2\/product\/245377\/revisions"}],"wp:featuredmedia":[{"embeddable":true,"href":"https:\/\/aromasentia.com\/de\/wp-json\/wp\/v2\/media\/254689"}],"wp:attachment":[{"href":"https:\/\/aromasentia.com\/de\/wp-json\/wp\/v2\/media?parent=245377"}],"wp:term":[{"taxonomy":"product_brand","embeddable":true,"href":"https:\/\/aromasentia.com\/de\/wp-json\/wp\/v2\/product_brand?post=245377"},{"taxonomy":"product_cat","embeddable":true,"href":"https:\/\/aromasentia.com\/de\/wp-json\/wp\/v2\/product_cat?post=245377"},{"taxonomy":"product_tag","embeddable":true,"href":"https:\/\/aromasentia.com\/de\/wp-json\/wp\/v2\/product_tag?post=245377"}],"curies":[{"name":"wp","href":"https:\/\/api.w.org\/{rel}","templated":true}]}}