{"id":245361,"date":"2025-03-20T14:25:16","date_gmt":"2025-03-20T14:25:16","guid":{"rendered":"https:\/\/aromasentia.com\/product\/aromatherapy-bath-potion-in-kraft-bag-350g-stress-buster\/"},"modified":"2025-12-30T20:48:23","modified_gmt":"2025-12-30T20:48:23","slug":"aromatherapiebadesalz-350g-anti-stress","status":"publish","type":"product","link":"https:\/\/aromasentia.com\/de\/aromatherapiebadesalz-350g-anti-stress\/","title":{"rendered":"Aromatherapiebadesalz 350g &#8211; Anti-Stress"},"content":{"rendered":"<p>Aroma Sentia <strong>Aromatherapie-Badezus\u00e4tze &#8211; Stress Buster<\/strong> werden in unserer Produktionsst\u00e4tte in Sheffield mit einer kunstvollen Mischung reiner \u00e4therischer \u00d6le in Meersalz hergestellt. Sie werden in 350-g-Kraftbeuteln verkauft und sind das perfekte Geschenk f\u00fcr Ihre Lieben oder um sich selbst eine Freude zu machen. Dieser Badezusatz entspannt Ihren K\u00f6rper, gibt Ihnen Energie und kl\u00e4rt Ihren Geist. Geben Sie 2 bis 3 Teel\u00f6ffel Badesalz in ein einlaufendes Bad und genie\u00dfen Sie ein aromatherapeutisches Badeerlebnis. F\u00fcr gr\u00f6\u00dfere Mengen sind Badezus\u00e4tze auch in 7-kg-Jutebeuteln erh\u00e4ltlich. Bestellen Sie noch heute und bieten Sie Ihren Kunden dieses magische Badeerlebnis.<\/p>\n","protected":false},"excerpt":{"rendered":"<p>Aroma Sentia Aromatherapie-Badezus\u00e4tze &#8211; Stress Buster werden in unserer Produktionsst\u00e4tte in Sheffield mit einer kunstvollen Mischung reiner \u00e4therischer \u00d6le in Meersalz hergestellt. Sie werden in 350-g-Kraftbeuteln verkauft und sind das perfekte Geschenk f\u00fcr Ihre Lieben oder um sich selbst eine Freude zu machen. Dieser Badezusatz entspannt Ihren K\u00f6rper, gibt Ihnen Energie und kl\u00e4rt Ihren Geist. [&hellip;]<\/p>\n","protected":false},"featured_media":254645,"comment_status":"closed","ping_status":"open","template":"","meta":{"_angie_page":false},"product_brand":[],"product_cat":[19448,20683],"product_tag":[],"class_list":{"0":"post-245361","1":"product","2":"type-product","3":"status-publish","4":"has-post-thumbnail","6":"product_cat-bad-und-korper","7":"product_cat-badekristalle-und-badesalze","8":"pa_collection-aromatherapy-bath-potion-350g-de","9":"pa_made-in-vereinigtes-koenigreich","10":"pa_size-350g","12":"first","13":"instock","14":"purchasable","15":"product-type-simple"},"supplier_id":null,"supplier_sku":"ABPC-07","barcode":null,"atum_controlled":true,"out_stock_date":null,"out_stock_threshold":null,"inheritable":false,"inbound_stock":null,"stock_on_hold":0,"sold_today":0,"sales_last_days":0,"reserved_stock":null,"customer_returns":null,"warehouse_damage":null,"lost_in_post":null,"other_logs":null,"out_stock_days":0,"lost_sales":0,"has_location":null,"update_date":"2026-04-27T06:49:04","atum_locations":[],"atum_stock_status":"instock","restock_status":false,"low_stock_amount":"","sales_update_date":"2025-10-09T03:22:27","calc_backorders":null,"_links":{"self":[{"href":"https:\/\/aromasentia.com\/de\/wp-json\/wp\/v2\/product\/245361","targetHints":{"allow":["GET"]}}],"collection":[{"href":"https:\/\/aromasentia.com\/de\/wp-json\/wp\/v2\/product"}],"about":[{"href":"https:\/\/aromasentia.com\/de\/wp-json\/wp\/v2\/types\/product"}],"replies":[{"embeddable":true,"href":"https:\/\/aromasentia.com\/de\/wp-json\/wp\/v2\/comments?post=245361"}],"version-history":[{"count":0,"href":"https:\/\/aromasentia.com\/de\/wp-json\/wp\/v2\/product\/245361\/revisions"}],"wp:featuredmedia":[{"embeddable":true,"href":"https:\/\/aromasentia.com\/de\/wp-json\/wp\/v2\/media\/254645"}],"wp:attachment":[{"href":"https:\/\/aromasentia.com\/de\/wp-json\/wp\/v2\/media?parent=245361"}],"wp:term":[{"taxonomy":"product_brand","embeddable":true,"href":"https:\/\/aromasentia.com\/de\/wp-json\/wp\/v2\/product_brand?post=245361"},{"taxonomy":"product_cat","embeddable":true,"href":"https:\/\/aromasentia.com\/de\/wp-json\/wp\/v2\/product_cat?post=245361"},{"taxonomy":"product_tag","embeddable":true,"href":"https:\/\/aromasentia.com\/de\/wp-json\/wp\/v2\/product_tag?post=245361"}],"curies":[{"name":"wp","href":"https:\/\/api.w.org\/{rel}","templated":true}]}}