{"id":245333,"date":"2025-03-20T14:25:16","date_gmt":"2025-03-20T14:25:16","guid":{"rendered":"https:\/\/aromasentia.com\/product\/pink-nano-mist-face-fan-spray-usb-chargable\/"},"modified":"2025-12-30T20:48:23","modified_gmt":"2025-12-30T20:48:23","slug":"pinker-nano-mist-gesichtsventilator-und-spray-ueber-usb-wiederaufladbar","status":"publish","type":"product","link":"https:\/\/aromasentia.com\/de\/pinker-nano-mist-gesichtsventilator-und-spray-ueber-usb-wiederaufladbar\/","title":{"rendered":"Pinker Nano Mist Gesichtsventilator und -spray \u2013 \u00fcber USB wiederaufladbar"},"content":{"rendered":"<p><span style=\"color: rgb(75, 80, 88);\"><strong>Pink Nano Mist Face Fan &amp; Spray<\/strong>wurde entwickelt, um unterwegs Feuchtigkeit zu spenden und einen erfrischenden Nebel zu erzeugen, und ist daher ein Muss f\u00fcr Ihre Ausstattung.<\/span><\/p>\n<p><span style=\"color: rgb(75, 80, 88);\">Der Pink Nano Mist Face Fan &amp; Spray nutzt fortschrittliche Nano-Nebel-Technologie, um einen feinen, erfrischenden Nebel zu erzeugen, der die Haut sofort mit Feuchtigkeit versorgt und revitalisiert. Dank seines kompakten und leichten Designs ist er ideal f\u00fcr die Anwendung zu Hause, im B\u00fcro oder auf Reisen. Dieses Ger\u00e4t verf\u00fcgt au\u00dferdem \u00fcber eine USB-Ladefunktion, was den Komfort und die Benutzerfreundlichkeit unterwegs erh\u00f6ht.&nbsp;<\/span><\/p>\n<p><span style=\"color: rgb(75, 80, 88);\"><strong>Es ist ein K\u00fchlventilator und ein Spr\u00fchnebel in einem<\/strong> und eignet sich daher ideal f\u00fcr den Einsatz an hei\u00dfen Tagen oder nach der Hautpflege. Kunden mit unterschiedlichen \u00e4sthetischen Vorlieben werden von der eleganten rosa Oberfl\u00e4che angezogen, die jeder Umgebung einen Hauch von Stil verleiht.<\/span><\/p>\n<p><span style=\"color: rgb(75, 80, 88);\">Der Pink Nano Mist Face Fan &amp; Spray wertet Ihre Produkte auf und bietet Ihren Kunden eine stilvolle, tragbare K\u00fchlung und Feuchtigkeitsversorgung.<\/span><\/p>\n<p><span style=\"color: rgb(75, 80, 88);\">Erweitern Sie Ihr Sortiment mit dem Pink Nano Mist Face Fan &amp; Spray und bieten Sie Ihren Kunden den Luxus einer stilvollen, tragbaren K\u00fchlung und Feuchtigkeitsversorgung, wo immer sie auch sind.<\/span><\/p>\n","protected":false},"excerpt":{"rendered":"<p>Pink Nano Mist Face Fan &amp; Spraywurde entwickelt, um unterwegs Feuchtigkeit zu spenden und einen erfrischenden Nebel zu erzeugen, und ist daher ein Muss f\u00fcr Ihre Ausstattung. Der Pink Nano Mist Face Fan &amp; Spray nutzt fortschrittliche Nano-Nebel-Technologie, um einen feinen, erfrischenden Nebel zu erzeugen, der die Haut sofort mit Feuchtigkeit versorgt und revitalisiert. Dank [&hellip;]<\/p>\n","protected":false},"featured_media":254502,"comment_status":"closed","ping_status":"open","template":"","meta":[],"product_brand":[],"product_cat":[16455],"product_tag":[],"class_list":{"0":"post-245333","1":"product","2":"type-product","3":"status-publish","4":"has-post-thumbnail","6":"product_cat-aromatherapie-und-raumdufte","7":"pa_collection-electronic-led-colour-aroma-diffusers-de","8":"pa_made-in-china","10":"first","11":"instock","12":"purchasable","13":"product-type-simple"},"supplier_id":null,"supplier_sku":"AATOM-36","barcode":null,"atum_controlled":true,"out_stock_date":null,"out_stock_threshold":null,"inheritable":false,"inbound_stock":null,"stock_on_hold":0,"sold_today":0,"sales_last_days":0,"reserved_stock":null,"customer_returns":null,"warehouse_damage":null,"lost_in_post":null,"other_logs":null,"out_stock_days":0,"lost_sales":0,"has_location":null,"update_date":"2026-02-06T00:01:37","atum_locations":[],"atum_stock_status":"instock","restock_status":false,"low_stock_amount":"","sales_update_date":"2026-02-06T00:01:37","calc_backorders":null,"_links":{"self":[{"href":"https:\/\/aromasentia.com\/de\/wp-json\/wp\/v2\/product\/245333","targetHints":{"allow":["GET"]}}],"collection":[{"href":"https:\/\/aromasentia.com\/de\/wp-json\/wp\/v2\/product"}],"about":[{"href":"https:\/\/aromasentia.com\/de\/wp-json\/wp\/v2\/types\/product"}],"replies":[{"embeddable":true,"href":"https:\/\/aromasentia.com\/de\/wp-json\/wp\/v2\/comments?post=245333"}],"version-history":[{"count":0,"href":"https:\/\/aromasentia.com\/de\/wp-json\/wp\/v2\/product\/245333\/revisions"}],"wp:featuredmedia":[{"embeddable":true,"href":"https:\/\/aromasentia.com\/de\/wp-json\/wp\/v2\/media\/254502"}],"wp:attachment":[{"href":"https:\/\/aromasentia.com\/de\/wp-json\/wp\/v2\/media?parent=245333"}],"wp:term":[{"taxonomy":"product_brand","embeddable":true,"href":"https:\/\/aromasentia.com\/de\/wp-json\/wp\/v2\/product_brand?post=245333"},{"taxonomy":"product_cat","embeddable":true,"href":"https:\/\/aromasentia.com\/de\/wp-json\/wp\/v2\/product_cat?post=245333"},{"taxonomy":"product_tag","embeddable":true,"href":"https:\/\/aromasentia.com\/de\/wp-json\/wp\/v2\/product_tag?post=245333"}],"curies":[{"name":"wp","href":"https:\/\/api.w.org\/{rel}","templated":true}]}}