{"id":245325,"date":"2025-03-20T14:25:16","date_gmt":"2025-03-20T14:25:16","guid":{"rendered":"https:\/\/aromasentia.com\/product\/pink-humidifer-mondo-planet-usb-colour-change-down-light\/"},"modified":"2025-12-30T20:48:15","modified_gmt":"2025-12-30T20:48:15","slug":"rosa-luftbefeuchter-mondo-planet-usb-farbwechsel-downlight","status":"publish","type":"product","link":"https:\/\/aromasentia.com\/de\/rosa-luftbefeuchter-mondo-planet-usb-farbwechsel-downlight\/","title":{"rendered":"Rosa Luftbefeuchter Mondo Planet &#8211; USB &#8211; Farbwechsel (Downlight)"},"content":{"rendered":"<p><strong><span style=\"color: rgb(75, 80, 88);\">Der rosa Luftbefeuchter Mondo Planet<\/span><\/strong><span style=\"color: rgb(75, 80, 88);\">hat ein modernes, transparentes Design, das zeitgen\u00f6ssische \u00c4sthetik anspricht und darauf ausgelegt ist, optimale Luftfeuchtigkeitswerte aufrechtzuerhalten, was eine bessere Atmung und ges\u00fcndere Haut erm\u00f6glicht.<\/span><\/p>\n<p><span style=\"color: rgb(75, 80, 88);\"><strong>Anwendung:<\/strong><\/span><\/p>\n<p><span style=\"color: rgb(75, 80, 88);\"><strong>Lichttaste:<\/strong> Der erste Klick ist warmwei\u00dfes Licht, der zweite Klick sind alle Lichter an, der dritte Klick ist Lampenmodus und der vierte ist Lichtmodus aus.<\/span><\/p>\n<p><span style=\"color: rgb(75, 80, 88);\"><strong>Spr\u00fch Taste:<\/strong> Beim ersten Mal gedr\u00fcckt halten, um den Strahl einzuschalten, und erneut gedr\u00fcckt halten, um den Strahl auszuschalten.<\/span><\/p>\n<p><span style=\"color: rgb(75, 80, 88);\"><strong>Methode zum Hinzuf\u00fcgen von Wasser:<\/strong> Fassen Sie den Boden des Wassertanks mit der Hand, \u00f6ffnen Sie den Wassertank in die auf dem Etikett angegebene Richtung und f\u00fcllen Sie Wasser ein. Verriegeln Sie nach dem Einf\u00fcllen des Wassers die Innenseite des Wassertanks. Richten Sie die Kennzeichnung am Hauptgeh\u00e4use aus, drehen Sie im Uhrzeigersinn, um den Wassertank zu verriegeln, und gegen den Uhrzeigersinn, um ihn zu \u00f6ffnen.<\/span><\/p>\n<p><span style=\"color: rgb(75, 80, 88);\"><strong>Hinweis:<\/strong> Dieses Ger\u00e4t ist mit zwei Wattest\u00e4bchen ausgestattet (eines als Ersatz). Nehmen Sie vor der ersten Verwendung die H\u00fclle und das Wattest\u00e4bchen aus der Zubeh\u00f6rtasche. Nachdem Sie das Wattest\u00e4bchen vollst\u00e4ndig in Wasser getaucht haben, setzen Sie es in die H\u00fclle ein und befestigen Sie die H\u00fclle mit dem Wattest\u00e4bchen an der inneren Halterung des Wassertanks oberhalb des maximalen Wasserstands. Schrauben Sie den Wassertank fest und befolgen Sie die Anweisungen, um mit der Arbeit zu beginnen.<\/span><\/p>\n","protected":false},"excerpt":{"rendered":"<p>Der rosa Luftbefeuchter Mondo Planethat ein modernes, transparentes Design, das zeitgen\u00f6ssische \u00c4sthetik anspricht und darauf ausgelegt ist, optimale Luftfeuchtigkeitswerte aufrechtzuerhalten, was eine bessere Atmung und ges\u00fcndere Haut erm\u00f6glicht. Anwendung: Lichttaste: Der erste Klick ist warmwei\u00dfes Licht, der zweite Klick sind alle Lichter an, der dritte Klick ist Lampenmodus und der vierte ist Lichtmodus aus. Spr\u00fch [&hellip;]<\/p>\n","protected":false},"featured_media":254436,"comment_status":"closed","ping_status":"open","template":"","meta":{"_angie_page":false},"product_brand":[],"product_cat":[16455],"product_tag":[],"class_list":{"0":"post-245325","1":"product","2":"type-product","3":"status-publish","4":"has-post-thumbnail","6":"product_cat-aromatherapie-und-raumdufte","7":"pa_collection-electronic-led-colour-aroma-diffusers-de","8":"pa_made-in-china","10":"first","11":"instock","12":"purchasable","13":"product-type-simple"},"supplier_id":null,"supplier_sku":"AATOM-34","barcode":null,"atum_controlled":true,"out_stock_date":null,"out_stock_threshold":null,"inheritable":false,"inbound_stock":null,"stock_on_hold":0,"sold_today":0,"sales_last_days":0,"reserved_stock":null,"customer_returns":null,"warehouse_damage":null,"lost_in_post":null,"other_logs":null,"out_stock_days":0,"lost_sales":0,"has_location":null,"update_date":"2026-05-09T13:16:10","atum_locations":[],"atum_stock_status":"instock","restock_status":false,"low_stock_amount":"","sales_update_date":"2026-01-30T01:26:00","calc_backorders":null,"_links":{"self":[{"href":"https:\/\/aromasentia.com\/de\/wp-json\/wp\/v2\/product\/245325","targetHints":{"allow":["GET"]}}],"collection":[{"href":"https:\/\/aromasentia.com\/de\/wp-json\/wp\/v2\/product"}],"about":[{"href":"https:\/\/aromasentia.com\/de\/wp-json\/wp\/v2\/types\/product"}],"replies":[{"embeddable":true,"href":"https:\/\/aromasentia.com\/de\/wp-json\/wp\/v2\/comments?post=245325"}],"version-history":[{"count":0,"href":"https:\/\/aromasentia.com\/de\/wp-json\/wp\/v2\/product\/245325\/revisions"}],"wp:featuredmedia":[{"embeddable":true,"href":"https:\/\/aromasentia.com\/de\/wp-json\/wp\/v2\/media\/254436"}],"wp:attachment":[{"href":"https:\/\/aromasentia.com\/de\/wp-json\/wp\/v2\/media?parent=245325"}],"wp:term":[{"taxonomy":"product_brand","embeddable":true,"href":"https:\/\/aromasentia.com\/de\/wp-json\/wp\/v2\/product_brand?post=245325"},{"taxonomy":"product_cat","embeddable":true,"href":"https:\/\/aromasentia.com\/de\/wp-json\/wp\/v2\/product_cat?post=245325"},{"taxonomy":"product_tag","embeddable":true,"href":"https:\/\/aromasentia.com\/de\/wp-json\/wp\/v2\/product_tag?post=245325"}],"curies":[{"name":"wp","href":"https:\/\/api.w.org\/{rel}","templated":true}]}}