{"id":245317,"date":"2025-03-20T14:25:16","date_gmt":"2025-03-20T14:25:16","guid":{"rendered":"https:\/\/aromasentia.com\/product\/urban-aroma-diffuser-green-bronze-usb-colour-change\/"},"modified":"2025-12-30T20:48:15","modified_gmt":"2025-12-30T20:48:15","slug":"urban-aroma-diffuser-gruen-bronze-usb-farbwechsel","status":"publish","type":"product","link":"https:\/\/aromasentia.com\/de\/urban-aroma-diffuser-gruen-bronze-usb-farbwechsel\/","title":{"rendered":"Urban Aroma Diffuser Gr\u00fcn &#038; Bronze &#8211; USB &#8211; Farbwechsel"},"content":{"rendered":"<p><span style=\"color: rgb(75, 80, 88);\">Nachtlicht-Aromatherapie-Luftbefeuchter mit Nachtlichtfunktion.<\/span><\/p>\n<p><span style=\"color: rgb(75, 80, 88);\"><em><strong>Verwenden Sie einen Typ-C-Stecker f\u00fcr eine Stromversorgung.<\/strong><\/em><\/span><\/p>\n<p><em><strong><span style=\"color: rgb(75, 80, 88);\">Abmessungen: 12 x 8,8 x 8,8 cm<\/span><\/strong><\/em><\/p>\n<p><span style=\"color: rgb(75, 80, 88);\"><strong><em>Fassungsverm\u00f6gen des Wassertanks: 120 ml<\/em><\/strong><\/span><\/p>\n<p><span style=\"color: rgb(75, 80, 88);\">Verwendung:<\/span><\/p>\n<p><span style=\"color: rgb(75, 80, 88);\"><strong>F\u00fcgen Sie Wasser hinzu<\/strong>, bevor Sie dieses Produkt verwenden. Bei Wassermangel darf die Befeuchtungsfunktion nicht verwendet werden.<\/span><\/p>\n<p><span style=\"color: rgb(75, 80, 88);\"><strong>Beim Reinigen des Produkts<\/strong> waschen Sie es bitte nicht direkt unter einem Wasserhahn ab, um einen Kurzschluss zu vermeiden.<\/span><\/p>\n<p><span style=\"color: rgb(75, 80, 88);\"><strong>Einschalten<\/strong>, RGB-Lichter blinken jeweils einmal (0,5 Sekunden)<\/span><\/p>\n<p><span style=\"color: rgb(75, 80, 88);\"><strong>Einmal kurz dr\u00fccken, um mit dem Spr\u00fchen zu beginnen<\/strong>. Der Ventilator dreht sich und die RGB-Lichter leuchten in bunten Zyklen. Zum Ausschalten erneut kurz dr\u00fccken nach unten.&nbsp;<\/span><\/p>\n<p><span style=\"color: rgb(75, 80, 88);\"><strong>W\u00e4hrend der Funktion<\/strong> 2 Sekunden lang gedr\u00fcckt halten, um die Farbe zu fixieren und das Licht einzuschalten, dann 2 Sekunden lang gedr\u00fcckt halten, um das Licht auszuschalten.<\/span><\/p>\n","protected":false},"excerpt":{"rendered":"<p>Nachtlicht-Aromatherapie-Luftbefeuchter mit Nachtlichtfunktion. Verwenden Sie einen Typ-C-Stecker f\u00fcr eine Stromversorgung. Abmessungen: 12 x 8,8 x 8,8 cm Fassungsverm\u00f6gen des Wassertanks: 120 ml Verwendung: F\u00fcgen Sie Wasser hinzu, bevor Sie dieses Produkt verwenden. Bei Wassermangel darf die Befeuchtungsfunktion nicht verwendet werden. Beim Reinigen des Produkts waschen Sie es bitte nicht direkt unter einem Wasserhahn ab, um [&hellip;]<\/p>\n","protected":false},"featured_media":254362,"comment_status":"closed","ping_status":"open","template":"","meta":{"_angie_page":false},"product_brand":[],"product_cat":[16455],"product_tag":[],"class_list":{"0":"post-245317","1":"product","2":"type-product","3":"status-publish","4":"has-post-thumbnail","6":"product_cat-aromatherapie-und-raumdufte","7":"pa_collection-electronic-led-colour-aroma-diffusers-de","8":"pa_made-in-china","10":"first","11":"instock","12":"purchasable","13":"product-type-simple"},"supplier_id":null,"supplier_sku":"AATOM-32","barcode":null,"atum_controlled":true,"out_stock_date":null,"out_stock_threshold":null,"inheritable":false,"inbound_stock":null,"stock_on_hold":0,"sold_today":0,"sales_last_days":0,"reserved_stock":null,"customer_returns":null,"warehouse_damage":null,"lost_in_post":null,"other_logs":null,"out_stock_days":0,"lost_sales":0,"has_location":null,"update_date":"2026-05-12T01:00:08","atum_locations":[],"atum_stock_status":"instock","restock_status":false,"low_stock_amount":"","sales_update_date":"2025-10-09T03:22:17","calc_backorders":null,"_links":{"self":[{"href":"https:\/\/aromasentia.com\/de\/wp-json\/wp\/v2\/product\/245317","targetHints":{"allow":["GET"]}}],"collection":[{"href":"https:\/\/aromasentia.com\/de\/wp-json\/wp\/v2\/product"}],"about":[{"href":"https:\/\/aromasentia.com\/de\/wp-json\/wp\/v2\/types\/product"}],"replies":[{"embeddable":true,"href":"https:\/\/aromasentia.com\/de\/wp-json\/wp\/v2\/comments?post=245317"}],"version-history":[{"count":0,"href":"https:\/\/aromasentia.com\/de\/wp-json\/wp\/v2\/product\/245317\/revisions"}],"wp:featuredmedia":[{"embeddable":true,"href":"https:\/\/aromasentia.com\/de\/wp-json\/wp\/v2\/media\/254362"}],"wp:attachment":[{"href":"https:\/\/aromasentia.com\/de\/wp-json\/wp\/v2\/media?parent=245317"}],"wp:term":[{"taxonomy":"product_brand","embeddable":true,"href":"https:\/\/aromasentia.com\/de\/wp-json\/wp\/v2\/product_brand?post=245317"},{"taxonomy":"product_cat","embeddable":true,"href":"https:\/\/aromasentia.com\/de\/wp-json\/wp\/v2\/product_cat?post=245317"},{"taxonomy":"product_tag","embeddable":true,"href":"https:\/\/aromasentia.com\/de\/wp-json\/wp\/v2\/product_tag?post=245317"}],"curies":[{"name":"wp","href":"https:\/\/api.w.org\/{rel}","templated":true}]}}