{"id":245309,"date":"2025-03-20T14:25:16","date_gmt":"2025-03-20T14:25:16","guid":{"rendered":"https:\/\/aromasentia.com\/product\/double-switchable-essential-oil-waterless-nebulizer-usb-to-c\/"},"modified":"2025-12-30T20:48:15","modified_gmt":"2025-12-30T20:48:15","slug":"doppelter-umschaltbarer-wasserloser-vernebler-fuer-aetherische-oele-usb-auf-c","status":"publish","type":"product","link":"https:\/\/aromasentia.com\/de\/doppelter-umschaltbarer-wasserloser-vernebler-fuer-aetherische-oele-usb-auf-c\/","title":{"rendered":"Doppelter (umschaltbarer) wasserloser Vernebler f\u00fcr \u00e4therische \u00d6le &#8211; USB auf C"},"content":{"rendered":"<p><span style=\"color: rgb(75, 80, 88);\"><strong>Der wasserlose Doppelvernebler f\u00fcr \u00e4therische \u00d6le<\/strong> ben\u00f6tigt weder Wasser noch W\u00e4rme. Er zerst\u00e4ubt das \u00e4therische \u00d6l direkt in Partikel von 1\u20133 Nanometern, wodurch die Molekularstruktur des \u00d6ls nicht besch\u00e4digt wird und sein Duft verst\u00e4rkt wird.<\/span><\/p>\n<p><span style=\"color: rgb(75, 80, 88);\">Dr\u00fccken Sie bei der ersten Verwendung vorsichtig mit Ihren Fingern auf den Knopf an der Unterseite. Entfernen Sie die leere Flasche und ersetzen Sie sie durch eine neue Flasche \u00e4therisches \u00d6l. Setzen Sie dann die D\u00fcse wieder auf das Originalprodukt. Die Dreiecksymbole auf der D\u00fcse m\u00fcssen zueinander passen.<\/span><\/p>\n<p><span style=\"color: rgb(75, 80, 88);\"><strong>Hinweis:<\/strong>Beachten Sie beim Auswechseln der Flasche mit dem \u00e4therischen \u00d6l die folgende Abbildung: Wenn das \u00e4therische \u00d6l beim Auswechseln nicht aufgebraucht wird, stellen Sie die Maschine bitte wieder auf. Ziehen Sie die D\u00fcsenbaugruppe fest und installieren Sie sie, falls sie nicht entfernt werden kann.<\/span><\/p>\n<p><span style=\"color: rgb(75, 80, 88);\">Das Produkt wird mit 5 V Gleichspannung geladen und kann mit einem USB-Anschlussadapter oder einem Autoladeger\u00e4t mit USB-Anschluss aufgeladen werden. Wenn das Produkt aufgeladen wird, leuchtet die Ladeleuchte des Typs C. Wenn der Akku vollst\u00e4ndig geladen ist, leuchtet die Ladeleuchte immer rot.<\/span><\/p>\n<p><span style=\"color: rgb(75, 80, 88);\">Im eingeschalteten Zustand, wenn die verbleibende Akkukapazit\u00e4t weniger als 15 % betr\u00e4gt, leuchtet die Ladeleuchte \u00fcber dem Typ C rot und blinkt 3 Mal in 1 Sekunde (schnelles Blinken), um anzuzeigen, dass das Produkt aufgeladen werden muss.<\/span><\/p>\n<p><span style=\"color: rgb(75, 80, 88);\"><strong>Geeignet f\u00fcr \u00e4therische \u00d6le in Flaschen mit 10 ml.<\/strong><\/span><\/p>\n","protected":false},"excerpt":{"rendered":"<p>Der wasserlose Doppelvernebler f\u00fcr \u00e4therische \u00d6le ben\u00f6tigt weder Wasser noch W\u00e4rme. Er zerst\u00e4ubt das \u00e4therische \u00d6l direkt in Partikel von 1\u20133 Nanometern, wodurch die Molekularstruktur des \u00d6ls nicht besch\u00e4digt wird und sein Duft verst\u00e4rkt wird. Dr\u00fccken Sie bei der ersten Verwendung vorsichtig mit Ihren Fingern auf den Knopf an der Unterseite. Entfernen Sie die leere [&hellip;]<\/p>\n","protected":false},"featured_media":254288,"comment_status":"closed","ping_status":"open","template":"","meta":{"_angie_page":false},"product_brand":[],"product_cat":[16455],"product_tag":[],"class_list":{"0":"post-245309","1":"product","2":"type-product","3":"status-publish","4":"has-post-thumbnail","6":"product_cat-aromatherapie-und-raumdufte","7":"pa_collection-electronic-led-colour-aroma-diffusers-de","8":"pa_made-in-china","10":"first","11":"instock","12":"purchasable","13":"product-type-simple"},"supplier_id":null,"supplier_sku":"AATOM-37","barcode":null,"atum_controlled":true,"out_stock_date":null,"out_stock_threshold":null,"inheritable":false,"inbound_stock":null,"stock_on_hold":0,"sold_today":0,"sales_last_days":0,"reserved_stock":null,"customer_returns":null,"warehouse_damage":null,"lost_in_post":null,"other_logs":null,"out_stock_days":0,"lost_sales":0,"has_location":null,"update_date":"2026-04-27T06:48:46","atum_locations":[],"atum_stock_status":"instock","restock_status":false,"low_stock_amount":"","sales_update_date":"2026-01-30T01:24:47","calc_backorders":null,"_links":{"self":[{"href":"https:\/\/aromasentia.com\/de\/wp-json\/wp\/v2\/product\/245309","targetHints":{"allow":["GET"]}}],"collection":[{"href":"https:\/\/aromasentia.com\/de\/wp-json\/wp\/v2\/product"}],"about":[{"href":"https:\/\/aromasentia.com\/de\/wp-json\/wp\/v2\/types\/product"}],"replies":[{"embeddable":true,"href":"https:\/\/aromasentia.com\/de\/wp-json\/wp\/v2\/comments?post=245309"}],"version-history":[{"count":0,"href":"https:\/\/aromasentia.com\/de\/wp-json\/wp\/v2\/product\/245309\/revisions"}],"wp:featuredmedia":[{"embeddable":true,"href":"https:\/\/aromasentia.com\/de\/wp-json\/wp\/v2\/media\/254288"}],"wp:attachment":[{"href":"https:\/\/aromasentia.com\/de\/wp-json\/wp\/v2\/media?parent=245309"}],"wp:term":[{"taxonomy":"product_brand","embeddable":true,"href":"https:\/\/aromasentia.com\/de\/wp-json\/wp\/v2\/product_brand?post=245309"},{"taxonomy":"product_cat","embeddable":true,"href":"https:\/\/aromasentia.com\/de\/wp-json\/wp\/v2\/product_cat?post=245309"},{"taxonomy":"product_tag","embeddable":true,"href":"https:\/\/aromasentia.com\/de\/wp-json\/wp\/v2\/product_tag?post=245309"}],"curies":[{"name":"wp","href":"https:\/\/api.w.org\/{rel}","templated":true}]}}