{"id":245305,"date":"2025-03-20T14:25:16","date_gmt":"2025-03-20T14:25:16","guid":{"rendered":"https:\/\/aromasentia.com\/product\/mini-single-waterless-oil-nebulizer-usb-to-c-movement-dectector\/"},"modified":"2025-12-30T20:48:15","modified_gmt":"2025-12-30T20:48:15","slug":"mini-single-wasserloser-oelvernebler-usb-auf-c-bewegungsmelder","status":"publish","type":"product","link":"https:\/\/aromasentia.com\/de\/mini-single-wasserloser-oelvernebler-usb-auf-c-bewegungsmelder\/","title":{"rendered":"Mini Single Wasserloser \u00d6lvernebler &#8211; USB auf C &#8211; Bewegungsmelder"},"content":{"rendered":"<p><span style=\"color: rgb(75, 80, 88);\">Dieses Produkt ist f\u00fcr \u00e4therische \u00d6le in Flaschen mit 10 ml geeignet.<\/span><\/p>\n<p><span style=\"color: rgb(75, 80, 88);\"><strong>Entfernen Sie vor der ersten Verwendung<\/strong> die \u201eStaubschutzh\u00fclle\u201c, drehen Sie den Diffusor um und setzen Sie die Flasche mit dem \u00e4therischen \u00d6l ein.<\/span><\/p>\n<p><span style=\"color: rgb(75, 80, 88);\">Anwendung:<\/span><\/p>\n<p><span style=\"color: rgb(75, 80, 88);\">Drehen Sie den Diffusor um und setzen Sie die Flasche mit dem \u00e4therischen \u00d6l ein. Drehen Sie sie im Uhrzeigersinn, um sie festzuziehen, und gegen den Uhrzeigersinn, um sie zu l\u00f6sen. (Hinweis: Bitte entfernen Sie beim Einf\u00fcllen des \u00e4therischen \u00d6ls nicht die Drosselklappe.)<\/span><\/p>\n<p><span style=\"color: rgb(75, 80, 88);\">Drehen Sie den Diffusor vertikal, halten Sie den Schalter 2 Sekunden lang gedr\u00fcckt, um den Diffusor zu starten\/stoppen, und dr\u00fccken Sie kurz, um die G\u00e4nge zu wechseln.<\/span><\/p>\n<p><span style=\"color: rgb(75, 80, 88);\">Erstes langes Dr\u00fccken (gelbes Licht): Der Diffusor arbeitet 2 Sekunden lang und dann jedes Mal 2 Sekunden lang, wenn er eine Bewegung erkennt.<\/span><\/p>\n<p><span style=\"color: rgb(75, 80, 88);\">Zweites Dr\u00fccken (gr\u00fcnes Licht): Duftmodus: 2 Sekunden lang im Abstand von 10 Minuten.<\/span><\/p>\n<p><span style=\"color: rgb(75, 80, 88);\">Drittes Dr\u00fccken (blaues Licht): Duftmodus: 2 Sekunden lang mit und innerhalb von 5 Minuten.&nbsp;<\/span><\/p>\n<p><span style=\"color: rgb(75, 80, 88);\">Dr\u00fccken Sie das vierte Mal (wei\u00dfes Licht) f\u00fcr einen starken Duft: Arbeiten Sie 2 Sekunden lang mit einem Intervall von 1 Minute.&nbsp;<\/span><\/p>\n<p><span style=\"color: rgb(75, 80, 88);\">Die Kontrollleuchte leuchtet w\u00e4hrend des Ladevorgangs (rotes Licht) und erlischt, wenn der Akku vollst\u00e4ndig aufgeladen ist.&nbsp;<\/span><\/p>\n<p><span style=\"color: rgb(75, 80, 88);\">Zum Ausschalten 2 Sekunden lang dr\u00fccken.&nbsp;<\/span><\/p>\n<p><span style=\"color: rgb(75, 80, 88);\">Erfassungsbereich: 3 Meter \/ 120 Grad<\/span><\/p>\n<p><span style=\"color: rgb(75, 80, 88);\">Anwendbare Fl\u00e4che: 50\u201380 m\u00b2<\/span><\/p>\n<p><span style=\"color: rgb(75, 80, 88);\"><strong>Abmessungen:<\/strong> 84,6 mm x 74,2 mm<\/span><\/p>\n","protected":false},"excerpt":{"rendered":"<p>Dieses Produkt ist f\u00fcr \u00e4therische \u00d6le in Flaschen mit 10 ml geeignet. Entfernen Sie vor der ersten Verwendung die \u201eStaubschutzh\u00fclle\u201c, drehen Sie den Diffusor um und setzen Sie die Flasche mit dem \u00e4therischen \u00d6l ein. Anwendung: Drehen Sie den Diffusor um und setzen Sie die Flasche mit dem \u00e4therischen \u00d6l ein. Drehen Sie sie im [&hellip;]<\/p>\n","protected":false},"featured_media":254247,"comment_status":"closed","ping_status":"open","template":"","meta":[],"product_brand":[],"product_cat":[16455],"product_tag":[],"class_list":{"0":"post-245305","1":"product","2":"type-product","3":"status-publish","4":"has-post-thumbnail","6":"product_cat-aromatherapie-und-raumdufte","7":"pa_collection-electronic-led-colour-aroma-diffusers-de","8":"pa_made-in-china","10":"first","11":"instock","12":"purchasable","13":"product-type-simple"},"supplier_id":null,"supplier_sku":"AATOM-39","barcode":null,"atum_controlled":true,"out_stock_date":null,"out_stock_threshold":null,"inheritable":false,"inbound_stock":null,"stock_on_hold":0,"sold_today":0,"sales_last_days":0,"reserved_stock":null,"customer_returns":null,"warehouse_damage":null,"lost_in_post":null,"other_logs":null,"out_stock_days":0,"lost_sales":0,"has_location":null,"update_date":"2026-02-06T14:22:48","atum_locations":[],"atum_stock_status":"instock","restock_status":false,"low_stock_amount":"","sales_update_date":"2025-10-09T03:22:19","calc_backorders":null,"_links":{"self":[{"href":"https:\/\/aromasentia.com\/de\/wp-json\/wp\/v2\/product\/245305","targetHints":{"allow":["GET"]}}],"collection":[{"href":"https:\/\/aromasentia.com\/de\/wp-json\/wp\/v2\/product"}],"about":[{"href":"https:\/\/aromasentia.com\/de\/wp-json\/wp\/v2\/types\/product"}],"replies":[{"embeddable":true,"href":"https:\/\/aromasentia.com\/de\/wp-json\/wp\/v2\/comments?post=245305"}],"version-history":[{"count":0,"href":"https:\/\/aromasentia.com\/de\/wp-json\/wp\/v2\/product\/245305\/revisions"}],"wp:featuredmedia":[{"embeddable":true,"href":"https:\/\/aromasentia.com\/de\/wp-json\/wp\/v2\/media\/254247"}],"wp:attachment":[{"href":"https:\/\/aromasentia.com\/de\/wp-json\/wp\/v2\/media?parent=245305"}],"wp:term":[{"taxonomy":"product_brand","embeddable":true,"href":"https:\/\/aromasentia.com\/de\/wp-json\/wp\/v2\/product_brand?post=245305"},{"taxonomy":"product_cat","embeddable":true,"href":"https:\/\/aromasentia.com\/de\/wp-json\/wp\/v2\/product_cat?post=245305"},{"taxonomy":"product_tag","embeddable":true,"href":"https:\/\/aromasentia.com\/de\/wp-json\/wp\/v2\/product_tag?post=245305"}],"curies":[{"name":"wp","href":"https:\/\/api.w.org\/{rel}","templated":true}]}}