{"id":245301,"date":"2025-03-20T14:25:16","date_gmt":"2025-03-20T14:25:16","guid":{"rendered":"https:\/\/aromasentia.com\/product\/single-waterless-oil-nebulizer-usb-to-c-yellow\/"},"modified":"2025-12-30T20:48:15","modified_gmt":"2025-12-30T20:48:15","slug":"einzelner-wasserloser-oelvernebler-usb-auf-c-gelb","status":"publish","type":"product","link":"https:\/\/aromasentia.com\/de\/einzelner-wasserloser-oelvernebler-usb-auf-c-gelb\/","title":{"rendered":"Einzelner wasserloser \u00d6lvernebler &#8211; USB auf C Gelb"},"content":{"rendered":"<p><span style=\"color: rgb(75, 80, 88);\"><strong>Wiederaufladbarer<\/strong> wasserloser \u00d6lvernebler \u2013 einfach zu bedienen, geeignet f\u00fcr 10-ml- oder 20-ml-Flaschen.&nbsp;<\/span><\/p>\n<p><span style=\"color: rgb(75, 80, 88);\"><strong>So laden Sie auf:<\/strong><\/span><\/p>\n<p><span style=\"color: rgb(75, 80, 88);\">Verwenden Sie eine Ausgangsspannung von DC 5 V, eine Computer-USB-Schnittstelle, einen USB-Schnittstellenadapter oder ein Autoladeger\u00e4t mit USB-Schnittstelle. Das rote Licht blinkt w\u00e4hrend des Ladevorgangs. Bei vollst\u00e4ndiger Ladung leuchtet die Anzeige immer gr\u00fcn.<\/span><\/p>\n<p><span style=\"color: rgb(75, 80, 88);\">Wenn im eingeschalteten Zustand die verbleibende Batterieleistung unter 20 % liegt, blinkt das Licht in jedem Modus schnell und weist darauf hin, dass ein Aufladen erforderlich ist.&nbsp;<\/span><\/p>\n<p><span style=\"color: rgb(75, 80, 88);\">Das vollst\u00e4ndige Aufladen des Diffusors dauert 2\u20133 Stunden. &nbsp;<\/span><\/p>\n<p><span style=\"color: rgb(75, 80, 88);\"><strong>Anwendung:<\/strong><\/span><\/p>\n<p><span style=\"color: rgb(75, 80, 88);\">Dr\u00fccken Sie die D\u00fcse vorsichtig aus der Unterseite des Diffusors heraus.<\/span><\/p>\n<p><span style=\"color: rgb(75, 80, 88);\">F\u00fcllen Sie \u00e4therisches \u00d6l in die Flasche und setzen Sie die Flasche anschlie\u00dfend wieder auf die D\u00fcse auf. Achten Sie auf die Markierung der Positionsrichtung auf dem Diffusor.&nbsp;<\/span><\/p>\n<p><span style=\"color: rgb(75, 80, 88);\"><em><strong>Smart-Modus:<\/strong>Dr\u00fccken Sie kurz die obere Taste zum Einschalten. Das linke Licht leuchtet wei\u00df, was bedeutet, dass das Ger\u00e4t in den Smart-Modus wechselt und startet\/stoppt.&nbsp;<\/em><\/span><\/p>\n<p><span style=\"color: rgb(75, 80, 88);\"><em><strong>Manueller Modus:<\/strong> Kurz dr\u00fccken zum Einschalten. Das mittlere Licht leuchtet wei\u00df, was bedeutet, dass es sich im leichten Aromamodus befindet. Dr\u00fccken Sie erneut, das rechte Licht leuchtet und wechselt in den starken Aromamodus.<\/em><\/span><\/p>\n<p><span style=\"color: rgb(75, 80, 88);\"><strong>Nur zur Verwendung mit \u00e4therischen \u00d6len empfohlen.<\/strong><\/span><\/p>\n<p><span style=\"color: rgb(75, 80, 88);\"><strong>Abmessungen: <\/strong>105 mm x 65 mm<\/span><\/p>\n","protected":false},"excerpt":{"rendered":"<p>Wiederaufladbarer wasserloser \u00d6lvernebler \u2013 einfach zu bedienen, geeignet f\u00fcr 10-ml- oder 20-ml-Flaschen.&nbsp; So laden Sie auf: Verwenden Sie eine Ausgangsspannung von DC 5 V, eine Computer-USB-Schnittstelle, einen USB-Schnittstellenadapter oder ein Autoladeger\u00e4t mit USB-Schnittstelle. Das rote Licht blinkt w\u00e4hrend des Ladevorgangs. Bei vollst\u00e4ndiger Ladung leuchtet die Anzeige immer gr\u00fcn. Wenn im eingeschalteten Zustand die verbleibende Batterieleistung [&hellip;]<\/p>\n","protected":false},"featured_media":254206,"comment_status":"closed","ping_status":"open","template":"","meta":{"_angie_page":false},"product_brand":[],"product_cat":[16455],"product_tag":[],"class_list":{"0":"post-245301","1":"product","2":"type-product","3":"status-publish","4":"has-post-thumbnail","6":"product_cat-aromatherapie-und-raumdufte","7":"pa_collection-electronic-led-colour-aroma-diffusers-de","8":"pa_made-in-china","10":"first","11":"instock","12":"purchasable","13":"product-type-simple"},"supplier_id":null,"supplier_sku":"AATOM-38","barcode":null,"atum_controlled":true,"out_stock_date":null,"out_stock_threshold":null,"inheritable":false,"inbound_stock":null,"stock_on_hold":0,"sold_today":0,"sales_last_days":0,"reserved_stock":null,"customer_returns":null,"warehouse_damage":null,"lost_in_post":null,"other_logs":null,"out_stock_days":0,"lost_sales":0,"has_location":null,"update_date":"2026-05-08T05:02:33","atum_locations":[],"atum_stock_status":"instock","restock_status":false,"low_stock_amount":"","sales_update_date":"2026-01-30T01:24:31","calc_backorders":null,"_links":{"self":[{"href":"https:\/\/aromasentia.com\/de\/wp-json\/wp\/v2\/product\/245301","targetHints":{"allow":["GET"]}}],"collection":[{"href":"https:\/\/aromasentia.com\/de\/wp-json\/wp\/v2\/product"}],"about":[{"href":"https:\/\/aromasentia.com\/de\/wp-json\/wp\/v2\/types\/product"}],"replies":[{"embeddable":true,"href":"https:\/\/aromasentia.com\/de\/wp-json\/wp\/v2\/comments?post=245301"}],"version-history":[{"count":0,"href":"https:\/\/aromasentia.com\/de\/wp-json\/wp\/v2\/product\/245301\/revisions"}],"wp:featuredmedia":[{"embeddable":true,"href":"https:\/\/aromasentia.com\/de\/wp-json\/wp\/v2\/media\/254206"}],"wp:attachment":[{"href":"https:\/\/aromasentia.com\/de\/wp-json\/wp\/v2\/media?parent=245301"}],"wp:term":[{"taxonomy":"product_brand","embeddable":true,"href":"https:\/\/aromasentia.com\/de\/wp-json\/wp\/v2\/product_brand?post=245301"},{"taxonomy":"product_cat","embeddable":true,"href":"https:\/\/aromasentia.com\/de\/wp-json\/wp\/v2\/product_cat?post=245301"},{"taxonomy":"product_tag","embeddable":true,"href":"https:\/\/aromasentia.com\/de\/wp-json\/wp\/v2\/product_tag?post=245301"}],"curies":[{"name":"wp","href":"https:\/\/api.w.org\/{rel}","templated":true}]}}