{"id":245293,"date":"2025-03-20T14:28:43","date_gmt":"2025-03-20T14:28:43","guid":{"rendered":"https:\/\/aromasentia.com\/product\/box-of-140ml-reed-diffuser-rhubarb-rhubarb\/"},"modified":"2025-12-30T20:48:15","modified_gmt":"2025-12-30T20:48:15","slug":"box-of-140ml-reed-diffuser-rhubarb-rhubarb","status":"publish","type":"product","link":"https:\/\/aromasentia.com\/de\/box-of-140ml-reed-diffuser-rhubarb-rhubarb\/","title":{"rendered":"Box of 140ml Reed Diffuser &#8211; Rhubarb Rhubarb"},"content":{"rendered":"<p>Erleben Sie den einzigartig verlockenden Duft von Rhabarber-Rhabarber mit unserem unverwechselbaren 140ml-Rohrdiffusor. Dieser Duft f\u00e4ngt die wunderbar s\u00e4uerlichen, knackigen und erfrischend fruchtigen Noten von frischem Rhabarber ein, mit nur einem Hauch von unterschwelliger S\u00fc\u00dfe. Es ist ein lebhaftes und lebendiges Aroma, das die Sinne belebt und jedem Raum einen modernen, fr\u00f6hlichen Touch verleiht. Lassen Sie diesen k\u00fchnen und unverwechselbaren Duft kontinuierlich Ihren Raum erf\u00fcllen und schaffen Sie eine belebende und unvergessliche Atmosph\u00e4re, die sowohl sauber als auch spielerisch raffiniert ist und Ihr Zuhause mit ihrem spritzigen Charme erweckt.<\/p>\n","protected":false},"excerpt":{"rendered":"<p>Erleben Sie den einzigartig verlockenden Duft von Rhabarber-Rhabarber mit unserem unverwechselbaren 140ml-Rohrdiffusor. Dieser Duft f\u00e4ngt die wunderbar s\u00e4uerlichen, knackigen und erfrischend fruchtigen Noten von frischem Rhabarber ein, mit nur einem Hauch von unterschwelliger S\u00fc\u00dfe. Es ist ein lebhaftes und lebendiges Aroma, das die Sinne belebt und jedem Raum einen modernen, fr\u00f6hlichen Touch verleiht. Lassen Sie [&hellip;]<\/p>\n","protected":false},"featured_media":254729,"comment_status":"closed","ping_status":"open","template":"","meta":{"_angie_page":false},"product_brand":[27086],"product_cat":[16519,16520],"product_tag":[],"class_list":{"0":"post-245293","1":"product","2":"type-product","3":"status-publish","4":"has-post-thumbnail","6":"product_brand-agnes-and-cat","7":"product_cat-aroma-diffuser-duftstabchen-und-olbrenner","8":"product_cat-duftstabchen-duftsticks","9":"pa_collection-reed-diffusers-140ml-de","10":"pa_made-in-vereinigtes-koenigreich","11":"pa_size-140ml","13":"first","14":"instock","15":"purchasable","16":"product-type-simple"},"supplier_id":null,"supplier_sku":"ACD-13DS","barcode":null,"atum_controlled":true,"out_stock_date":null,"out_stock_threshold":null,"inheritable":false,"inbound_stock":null,"stock_on_hold":0,"sold_today":0,"sales_last_days":0,"reserved_stock":null,"customer_returns":null,"warehouse_damage":null,"lost_in_post":null,"other_logs":null,"out_stock_days":0,"lost_sales":0,"has_location":null,"update_date":"2026-04-27T07:27:46","atum_locations":[],"atum_stock_status":"instock","restock_status":false,"low_stock_amount":"","sales_update_date":"2026-01-30T01:25:39","calc_backorders":null,"_links":{"self":[{"href":"https:\/\/aromasentia.com\/de\/wp-json\/wp\/v2\/product\/245293","targetHints":{"allow":["GET"]}}],"collection":[{"href":"https:\/\/aromasentia.com\/de\/wp-json\/wp\/v2\/product"}],"about":[{"href":"https:\/\/aromasentia.com\/de\/wp-json\/wp\/v2\/types\/product"}],"replies":[{"embeddable":true,"href":"https:\/\/aromasentia.com\/de\/wp-json\/wp\/v2\/comments?post=245293"}],"version-history":[{"count":0,"href":"https:\/\/aromasentia.com\/de\/wp-json\/wp\/v2\/product\/245293\/revisions"}],"wp:featuredmedia":[{"embeddable":true,"href":"https:\/\/aromasentia.com\/de\/wp-json\/wp\/v2\/media\/254729"}],"wp:attachment":[{"href":"https:\/\/aromasentia.com\/de\/wp-json\/wp\/v2\/media?parent=245293"}],"wp:term":[{"taxonomy":"product_brand","embeddable":true,"href":"https:\/\/aromasentia.com\/de\/wp-json\/wp\/v2\/product_brand?post=245293"},{"taxonomy":"product_cat","embeddable":true,"href":"https:\/\/aromasentia.com\/de\/wp-json\/wp\/v2\/product_cat?post=245293"},{"taxonomy":"product_tag","embeddable":true,"href":"https:\/\/aromasentia.com\/de\/wp-json\/wp\/v2\/product_tag?post=245293"}],"curies":[{"name":"wp","href":"https:\/\/api.w.org\/{rel}","templated":true}]}}